{"id":99,"date":"2016-07-05T15:54:19","date_gmt":"2016-07-05T13:54:19","guid":{"rendered":"http:\/\/33ppp.de\/thejourneymattersnotthedestination\/?page_id=99"},"modified":"2016-07-06T11:22:14","modified_gmt":"2016-07-06T09:22:14","slug":"die-bewerbung","status":"publish","type":"page","link":"https:\/\/33ppp.de\/thejourneymattersnotthedestination\/about\/die-bewerbung\/","title":{"rendered":"Bewerbung"},"content":{"rendered":"<p><a href=\"http:\/\/twitter.com\/share?url=https%3A%2F%2F33ppp.de%2Fthejourneymattersnotthedestination%2Fabout%2Fdie-bewerbung%2F&amp;count=none&amp;text=Bewerbung - the journey matters, not the destination\" class=\"twitter-share-button\">Tweet<\/a><\/p><p>die Bewerbungsphase f\u00fcr das 34.PPP l\u00e4uft bereits. Bis zum <strong>16. September 2016<\/strong> k\u00f6nnt ihr die Bewerbungsunterlagen bei der GIZ anfordern. Sp\u00e4testens am<strong> 30. September 2016<\/strong> m\u00fcssen dann die Unterlagen bei der GIZ vorliegen.<br \/>\nAlles Weitere erfahrt ihr <a href=\"http:\/\/usappp.de\/die-ppp-bewerbung\/\">hier. <\/a><\/p>\n<p>Eins vorweg: die Bewerbung f\u00fcrs PPP war die aufwendingste Bewerbung, die ich bisher geschrieben habe. Lasst euch also Zeit und bewerbt euch nicht erst auf den letzten Dr\u00fccker;)<\/p>\n<p>Da es mir als Bewerber damals geholfen hat, Informationen und Tipps von anderen Teilnehmern bzgl. der Bewerbung zu bekommen, m\u00f6chte ich euch hier ein paar Informationen geben.<br \/>\nVon der schriftlichen Bewerbung bis zum Gespr\u00e4ch mit dem Abgeordneten.<!--more--><\/p>\n<p><span style=\"text-decoration: underline\"><strong>Die schriftliche Bewerbung:<\/strong><\/span><\/p>\n<p>Nachdem ihr die Bewerbungsunterlagen bei der GIZ angefordert habt und die Teilnahmevoraussetzungen erf\u00fcllt (abgeschlossene Berufsausbildung bei Programmstart, Alter zwischen 18 &#8211; 24 etc.), bekommt ihr die Bewerbungsunterlagen zugestellt.<\/p>\n<p>Dann hei\u00dft es: schreiben, schreiben, schreiben, Dokumente anfordern, Unterlagen einreichen.<\/p>\n<p>Folgendes ben\u00f6tigt ihr f\u00fcr eure Bewerbung:<\/p>\n<ul>\n<li>deutscher Lebenslauf<\/li>\n<li>mehrseitiges Motivationsschreiben<\/li>\n<li>Gesundheitsbescheinigung vom Arzt<\/li>\n<li>englischer Lebenslauf<\/li>\n<li>Informationen f\u00fcr eure Gastfamilie (in englisch)<\/li>\n<li>Abschlusszeugnis der Berufsausbildung<\/li>\n<li>letztes Berufsschulzeugnis<\/li>\n<li>letztes Abschlusszeugnis<\/li>\n<li>Nachweise zu Praktikas oder Berufst\u00e4tigkeiten<\/li>\n<li>Ausbilder-\/Lehrer-Gutachten<\/li>\n<\/ul>\n<p>Sobald ihr alle Unterlagen eingereicht hat hei\u00dft es: warten.<\/p>\n<p><span style=\"text-decoration: underline\"><strong>Die Auswahltagung:<\/strong><\/span><\/p>\n<p>Wenn ihr Gl\u00fcck habt, werdet ihr bald zur Auswahltagung nach Bonn oder Berlin eingeladen.<br \/>\nAls ich die Einladung letztes Jahr bekommen habe, war ich ziemlich aufgeregt.<br \/>\nEs war der n\u00e4chste Schritt Richtung USA! Da ich bereits ein paar Assessment Center mitgemacht habe, wusste ich ungef\u00e4hr was auf mich zukommt ABER es ging hierbei um ein Stipendium f\u00fcr ein Auslandsjahr!<br \/>\nIch habe mir zwar wenig Hoffnung gemacht eines der 75 Stipendien zu bekommen, habe mich aber dennoch sehr auf die Auswahltagung vorbereitet.<br \/>\nIm Nachhinein kann ich euch nur sagen: macht euch nicht verr\u00fcckt! Alle Aufgaben und Tests waren machbar. Es ging w\u00e4hrend des Auswahltages eher darum, ein pers\u00f6nliches Bild von euch zu bekommen.<\/p>\n<p>Zur Vorbereitung w\u00fcrde ich euch empfehlen<\/p>\n<ul>\n<li>regelm\u00e4\u00dfig Nachrichten zu schauen<\/li>\n<li>Fakten \u00fcber Deutschland und den USA ansehen (Geographie, Geschichte, Politik)<\/li>\n<li>wichtige historische Ereignisse\/Personen ins Ged\u00e4chnis rufen<\/li>\n<li>Englisch auffrischen<\/li>\n<li>einen Kurzvortrag \u00fcber euch, eure Hobbys etc. zu \u00fcben (auf deutsch und auch auf englisch!)<\/li>\n<\/ul>\n<p>Ich wurde f\u00fcr den 06.11.2015 zur Auswahltagung in Bonn eingeladen. Ich war ziemlich nerv\u00f6s, weil ich dort niemanden kannte und immer mehr Bewerber kamen, die auch eine Einladung erhalten haben.<br \/>\nAnfangs wurden wir erstmal begr\u00fc\u00dft, danach in kleineren Gruppen aufgeteilt. Die Gruppen haben eine Aufgabenstellung bekommen und mussten eine Pr\u00e4sentation erarbeiten. W\u00e4hrenddessen wurde man von einem Gremium von 3 Personen beobachtet.<br \/>\nWir hatten die Aufgabe, \u00fcber das Schulsystem in den USA zu berichten und dieses mit dem deutschen Schulsystem zu vergleichen.<\/p>\n<p>Nach der Gruppenarbeit folgte ein Allgemeinwissenstest und ein Englischtest.<\/p>\n<p>Am Nachmittag gab es dann noch Einzelgespr\u00e4che. Diese wurden gr\u00f6\u00dftenteils auf deutsch, teilweise auch auf englisch gef\u00fchrt. Das Gespr\u00e4ch dauerte ca. 20 Minuten. Es wurden allgemeine Fragen zur Person, zum Programm, zu den Zielen, St\u00e4rken und Schw\u00e4chen gestellt, aber auch Fragen und Aufgaben, die man eventuell nicht erwartet h\u00e4tte.<br \/>\nIch musste z.B. den Umriss von der USA auf einem Flipchart einzeichnen und einige gr\u00f6\u00dfere Staaten und St\u00e4dte sowie den gr\u00f6\u00dften See der USA benennen und einzeichnen.<\/p>\n<p>Versucht in dieses Gespr\u00e4ch entspannt reinzugehen und seid ihr selbst. Es geht haupts\u00e4chlich darum, euch kennen zu lernen. Und wenn ihr mal eine Frage nicht wisst, ist es nicht schlimm.<br \/>\nIch konnte auch nicht auf allen Fragen sofort eine gute Antwort geben, aber geklappt hat es schlussendlich trotzdem.<\/p>\n<p>Nach diesem Tag fuhr ich ziemlich m\u00fcde wieder nach Hause und wartete sehns\u00fcchtig auf weitere Infos&#8230;<\/p>\n<p><span style=\"text-decoration: underline\"><strong>Das Gespr\u00e4ch mit dem Abgeordneten:<\/strong><\/span><\/p>\n<p>Der letzte H\u00fcrde &#8211; Das Gespr\u00e4ch mit dem Wahlkreisabgeordneten.<\/p>\n<p>Die GIZ teilte uns auf der Auswahltagung mit, dass die Bewerbungsunterlagen der potentiellen Teilnehmer dem Wahlkreisabgeordneten zugeschickt werden. Dieser wird dann die endg\u00fcltige Entscheidung treffen.<br \/>\nBis zum 31. Januar w\u00fcrden wir Bescheid bekommen. Sollten wir bis zu diesem Stichtag nichts h\u00f6ren, ist die Wahrscheinlichkeit hoch, die letzte H\u00fcrde leider nicht geschafft zu haben.<\/p>\n<p>Um ehrlich zu sein, habe ich nicht mehr damit gerechnet, in die letzte Runde zu kommen, da es bereits Mitte Januar war und ich noch nichts geh\u00f6rt habe.<br \/>\nDoch dann klingelte irgendwann Vormittags auf der Arbeit mein Handy und insgeheim hoffte ich, es hat was mit dem PPP zu tun.<br \/>\nSo war es auch! Es meldete sich eine nette Dame des CDU Kreisverbandes die mir mitteilte, dass sich der Wahlkreisabgeordnete Christian Haase gerne mit mir zu einem pers\u00f6nlichen Gespr\u00e4ch treffen m\u00f6chte.<br \/>\nWir machten einen Termin aus und ab diesem Zeitpunkt war ich noch aufgeregter!<br \/>\nEin paar Tage sp\u00e4ter traf ich mich mit Christian Haase, der jetzt meine Patenschaft f\u00fcr ein Jahr \u00fcbernimmt.<br \/>\nDas Gespr\u00e4ch war sehr locker. Wir unterhielten uns \u00fcber das Programm, eventuelle Schwierigkeiten w\u00e4hrend des Jahres, die Fl\u00fcchtlingskriese und \u00fcber TTIP.<br \/>\nDas Gespr\u00e4ch dauerte ca. 15 Minuten. Nach dem Gespr\u00e4ch war ich etwas verunsichert, da ich dachte, ich konnte mich in dieser kurzen Zeit nicht wirklich \u00fcberzeugend darstellen.<br \/>\nIch war auch auf viel mehr und andere Fragen vorbereitet, als Herr Haase mir tats\u00e4chlich stellte.<\/p>\n<p>Und mal wieder hie\u00df es jetzt: WARTEN!<br \/>\nDas war eine sehr nervenaufreibende Zeit. Es verging nicht ein Tag, an dem ich nicht an das eventuelle Stipendium dachte. Ich h\u00e4tte vorher nie damit gerechnet so weit zu kommen und zu letzten Bewerbern zu geh\u00f6ren, die noch die Chance auf das Stipendium haben.<\/p>\n<p>Anfang Februar erhielt ich DEN Brief der GIZ!<\/p>\n<p>HERZLICHEN GL\u00dcCKWUNSCH!<br \/>\nWir freuen uns, ihnen mitteilen zu k\u00f6nnen, dass der Abgeordnete des Deutschen Bundestages Herr Christian Haase Sie als Teilnehmer f\u00fcr das 33.PPP benannt hat!<\/p>\n","protected":false},"excerpt":{"rendered":"<p>Tweetdie Bewerbungsphase f\u00fcr das 34.PPP l\u00e4uft bereits. Bis zum 16. September 2016 k\u00f6nnt ihr die Bewerbungsunterlagen bei der GIZ anfordern. Sp\u00e4testens am 30. September 2016 m\u00fcssen dann die Unterlagen bei der GIZ vorliegen. Alles Weitere erfahrt ihr hier. Eins vorweg: die Bewerbung f\u00fcrs PPP war die aufwendingste Bewerbung, die ich bisher geschrieben habe. Lasst euch [&hellip;]<\/p>\n","protected":false},"author":27,"featured_media":0,"parent":94,"menu_order":30,"comment_status":"closed","ping_status":"closed","template":"","meta":{"ngg_post_thumbnail":0,"footnotes":""},"class_list":["post-99","page","type-page","status-publish","hentry"],"jetpack_sharing_enabled":true,"_links":{"self":[{"href":"https:\/\/33ppp.de\/thejourneymattersnotthedestination\/wp-json\/wp\/v2\/pages\/99","targetHints":{"allow":["GET"]}}],"collection":[{"href":"https:\/\/33ppp.de\/thejourneymattersnotthedestination\/wp-json\/wp\/v2\/pages"}],"about":[{"href":"https:\/\/33ppp.de\/thejourneymattersnotthedestination\/wp-json\/wp\/v2\/types\/page"}],"author":[{"embeddable":true,"href":"https:\/\/33ppp.de\/thejourneymattersnotthedestination\/wp-json\/wp\/v2\/users\/27"}],"replies":[{"embeddable":true,"href":"https:\/\/33ppp.de\/thejourneymattersnotthedestination\/wp-json\/wp\/v2\/comments?post=99"}],"version-history":[{"count":5,"href":"https:\/\/33ppp.de\/thejourneymattersnotthedestination\/wp-json\/wp\/v2\/pages\/99\/revisions"}],"predecessor-version":[{"id":121,"href":"https:\/\/33ppp.de\/thejourneymattersnotthedestination\/wp-json\/wp\/v2\/pages\/99\/revisions\/121"}],"up":[{"embeddable":true,"href":"https:\/\/33ppp.de\/thejourneymattersnotthedestination\/wp-json\/wp\/v2\/pages\/94"}],"wp:attachment":[{"href":"https:\/\/33ppp.de\/thejourneymattersnotthedestination\/wp-json\/wp\/v2\/media?parent=99"}],"curies":[{"name":"wp","href":"https:\/\/api.w.org\/{rel}","templated":true}]}}