{"id":23,"date":"2016-05-10T09:24:16","date_gmt":"2016-05-10T09:24:16","guid":{"rendered":"http:\/\/33ppp.de\/reginasgrossereise\/?page_id=23"},"modified":"2016-05-10T09:42:25","modified_gmt":"2016-05-10T09:42:25","slug":"to-do-liste","status":"publish","type":"page","link":"https:\/\/33ppp.de\/reginasgrossereise\/to-do-liste\/","title":{"rendered":"To-Do-Liste"},"content":{"rendered":"<p><a href=\"http:\/\/twitter.com\/share?url=https%3A%2F%2F33ppp.de%2Freginasgrossereise%2Fto-do-liste%2F&amp;count=none&amp;text=To-Do-Liste - Reginas gro\u00dfe Reise\" class=\"twitter-share-button\">Tweet<\/a><\/p><ul>\n<li>\u00dcber den\u00a0Times Square laufen<\/li>\n<li>Ins Disneyland fahren<\/li>\n<li>Die Amish People besuchen<\/li>\n<li>Mit Couponing fast alles Gratis bekommen<\/li>\n<li>Ein Footballspiel live sehen<\/li>\n<li>Einen Gospelchor live singen h\u00f6ren<\/li>\n<li>Ein richtiges amerikanisches BBQ mitmachen<\/li>\n<li>Fr\u00fchst\u00fccken in einem amerikanischen Diner (PANCAKES!!!)<\/li>\n<li>Das Feuerwerk vom 4. Juli in einer Gro\u00dfstadt erleben<\/li>\n<li>Die Route 66 entlang fahren<\/li>\n<li>Baseball spielen lernen<\/li>\n<\/ul>\n<p>Diese Liste ist noch nicht fertig und wird bestimmt noch um eiiiiiiniges l\u00e4nger \ud83d\ude00<\/p>\n","protected":false},"excerpt":{"rendered":"<p>Tweet \u00dcber den\u00a0Times Square laufen Ins Disneyland fahren Die Amish People besuchen Mit Couponing fast alles Gratis bekommen Ein Footballspiel live sehen Einen Gospelchor live singen h\u00f6ren Ein richtiges amerikanisches BBQ mitmachen Fr\u00fchst\u00fccken in einem amerikanischen Diner (PANCAKES!!!) Das Feuerwerk vom 4. Juli in einer Gro\u00dfstadt erleben Die Route 66 entlang fahren Baseball spielen lernen [&hellip;]<\/p>\n","protected":false},"author":19,"featured_media":0,"parent":0,"menu_order":0,"comment_status":"closed","ping_status":"closed","template":"","meta":{"ngg_post_thumbnail":0,"footnotes":""},"class_list":["post-23","page","type-page","status-publish","hentry"],"_links":{"self":[{"href":"https:\/\/33ppp.de\/reginasgrossereise\/wp-json\/wp\/v2\/pages\/23","targetHints":{"allow":["GET"]}}],"collection":[{"href":"https:\/\/33ppp.de\/reginasgrossereise\/wp-json\/wp\/v2\/pages"}],"about":[{"href":"https:\/\/33ppp.de\/reginasgrossereise\/wp-json\/wp\/v2\/types\/page"}],"author":[{"embeddable":true,"href":"https:\/\/33ppp.de\/reginasgrossereise\/wp-json\/wp\/v2\/users\/19"}],"replies":[{"embeddable":true,"href":"https:\/\/33ppp.de\/reginasgrossereise\/wp-json\/wp\/v2\/comments?post=23"}],"version-history":[{"count":6,"href":"https:\/\/33ppp.de\/reginasgrossereise\/wp-json\/wp\/v2\/pages\/23\/revisions"}],"predecessor-version":[{"id":30,"href":"https:\/\/33ppp.de\/reginasgrossereise\/wp-json\/wp\/v2\/pages\/23\/revisions\/30"}],"wp:attachment":[{"href":"https:\/\/33ppp.de\/reginasgrossereise\/wp-json\/wp\/v2\/media?parent=23"}],"curies":[{"name":"wp","href":"https:\/\/api.w.org\/{rel}","templated":true}]}}