{"id":32,"date":"2016-07-21T16:29:12","date_gmt":"2016-07-21T14:29:12","guid":{"rendered":"http:\/\/33ppp.de\/piaz\/?page_id=32"},"modified":"2016-07-21T16:29:12","modified_gmt":"2016-07-21T14:29:12","slug":"mein-patenabgeordneter","status":"publish","type":"page","link":"https:\/\/33ppp.de\/piaz\/mein-patenabgeordneter\/","title":{"rendered":"Mein Patenabgeordneter"},"content":{"rendered":"<p><a href=\"http:\/\/twitter.com\/share?url=https%3A%2F%2F33ppp.de%2Fpiaz%2Fmein-patenabgeordneter%2F&amp;count=none&amp;text=Mein Patenabgeordneter - Pialaska\" class=\"twitter-share-button\">Tweet<\/a><\/p><p>Hier m\u00f6chte ich mich ganz herzlich bei meinem Patenabgeordneten Florian O\u00dfner bedanken, dass er mir die Chance gegeben hat, ein solches Abenteuer erleben zu d\u00fcrfen!<\/p>\n","protected":false},"excerpt":{"rendered":"<p>TweetHier m\u00f6chte ich mich ganz herzlich bei meinem Patenabgeordneten Florian O\u00dfner bedanken, dass er mir die Chance gegeben hat, ein solches Abenteuer erleben zu d\u00fcrfen!<\/p>\n","protected":false},"author":36,"featured_media":0,"parent":0,"menu_order":0,"comment_status":"closed","ping_status":"closed","template":"","meta":{"ngg_post_thumbnail":0,"jetpack_post_was_ever_published":false,"footnotes":""},"class_list":["post-32","page","type-page","status-publish","hentry"],"jetpack_sharing_enabled":true,"jetpack_shortlink":"https:\/\/wp.me\/P7UGQV-w","_links":{"self":[{"href":"https:\/\/33ppp.de\/piaz\/wp-json\/wp\/v2\/pages\/32","targetHints":{"allow":["GET"]}}],"collection":[{"href":"https:\/\/33ppp.de\/piaz\/wp-json\/wp\/v2\/pages"}],"about":[{"href":"https:\/\/33ppp.de\/piaz\/wp-json\/wp\/v2\/types\/page"}],"author":[{"embeddable":true,"href":"https:\/\/33ppp.de\/piaz\/wp-json\/wp\/v2\/users\/36"}],"replies":[{"embeddable":true,"href":"https:\/\/33ppp.de\/piaz\/wp-json\/wp\/v2\/comments?post=32"}],"version-history":[{"count":1,"href":"https:\/\/33ppp.de\/piaz\/wp-json\/wp\/v2\/pages\/32\/revisions"}],"predecessor-version":[{"id":33,"href":"https:\/\/33ppp.de\/piaz\/wp-json\/wp\/v2\/pages\/32\/revisions\/33"}],"wp:attachment":[{"href":"https:\/\/33ppp.de\/piaz\/wp-json\/wp\/v2\/media?parent=32"}],"curies":[{"name":"wp","href":"https:\/\/api.w.org\/{rel}","templated":true}]}}