{"id":18,"date":"2016-08-01T12:17:39","date_gmt":"2016-08-01T12:17:39","guid":{"rendered":"http:\/\/33ppp.de\/philipp\/?page_id=18"},"modified":"2016-08-01T14:13:27","modified_gmt":"2016-08-01T14:13:27","slug":"introduction-of-the-bayer","status":"publish","type":"page","link":"https:\/\/33ppp.de\/philipp\/introduction-of-the-bayer\/","title":{"rendered":"Introduction of the Bayer"},"content":{"rendered":"<p style=\"text-align: left\"><img data-recalc-dims=\"1\" loading=\"lazy\" decoding=\"async\" data-attachment-id=\"21\" data-permalink=\"https:\/\/33ppp.de\/philipp\/introduction-of-the-bayer\/img_1306\/\" data-orig-file=\"https:\/\/i0.wp.com\/33ppp.de\/philipp\/wp-content\/uploads\/sites\/40\/2016\/08\/IMG_1306.jpg?fit=2616%2C2848&amp;ssl=1\" data-orig-size=\"2616,2848\" data-comments-opened=\"0\" data-image-meta=\"{&quot;aperture&quot;:&quot;5.6&quot;,&quot;credit&quot;:&quot;&quot;,&quot;camera&quot;:&quot;Canon EOS 450D&quot;,&quot;caption&quot;:&quot;&quot;,&quot;created_timestamp&quot;:&quot;1470766725&quot;,&quot;copyright&quot;:&quot;&quot;,&quot;focal_length&quot;:&quot;63&quot;,&quot;iso&quot;:&quot;400&quot;,&quot;shutter_speed&quot;:&quot;0.0125&quot;,&quot;title&quot;:&quot;&quot;,&quot;orientation&quot;:&quot;1&quot;}\" data-image-title=\"IMG_1306\" data-image-description=\"\" data-image-caption=\"\" data-medium-file=\"https:\/\/i0.wp.com\/33ppp.de\/philipp\/wp-content\/uploads\/sites\/40\/2016\/08\/IMG_1306.jpg?fit=276%2C300&amp;ssl=1\" data-large-file=\"https:\/\/i0.wp.com\/33ppp.de\/philipp\/wp-content\/uploads\/sites\/40\/2016\/08\/IMG_1306.jpg?fit=768%2C836&amp;ssl=1\" class=\"alignnone size-large wp-image-21\" src=\"https:\/\/i0.wp.com\/33ppp.de\/philipp\/wp-content\/uploads\/sites\/40\/2016\/08\/IMG_1306.jpg?resize=768%2C836\" alt=\"IMG_1306\" width=\"768\" height=\"836\" srcset=\"https:\/\/i0.wp.com\/33ppp.de\/philipp\/wp-content\/uploads\/sites\/40\/2016\/08\/IMG_1306.jpg?resize=941%2C1024&amp;ssl=1 941w, https:\/\/i0.wp.com\/33ppp.de\/philipp\/wp-content\/uploads\/sites\/40\/2016\/08\/IMG_1306.jpg?resize=276%2C300&amp;ssl=1 276w, https:\/\/i0.wp.com\/33ppp.de\/philipp\/wp-content\/uploads\/sites\/40\/2016\/08\/IMG_1306.jpg?resize=768%2C836&amp;ssl=1 768w, https:\/\/i0.wp.com\/33ppp.de\/philipp\/wp-content\/uploads\/sites\/40\/2016\/08\/IMG_1306.jpg?resize=1200%2C1306&amp;ssl=1 1200w, https:\/\/i0.wp.com\/33ppp.de\/philipp\/wp-content\/uploads\/sites\/40\/2016\/08\/IMG_1306.jpg?w=1536 1536w, https:\/\/i0.wp.com\/33ppp.de\/philipp\/wp-content\/uploads\/sites\/40\/2016\/08\/IMG_1306.jpg?w=2304 2304w\" sizes=\"auto, (max-width: 768px) 100vw, 768px\" \/><\/p>\n<p style=\"text-align: left\"><strong>Servus Mitanand,<\/strong><\/p>\n<p>mein Name ist Philipp Edlhuber. Ich komme aus dem dem wundersch\u00f6nen Neufahrn Bei Freising, nahe M\u00fcnchen.<\/p>\n<p>Ich bin Teilnehmer des Parlamentarischen Patenschafts Programms\/Congress Bundestag youth Exchange.<\/p>\n<p>Was das ist?<\/p>\n<p>Ganz einfach. Das PPP\/CBYX ist ein Austauschprogramm an dem Sch\u00fcler und junge Berufst\u00e4tige teilnehmen k\u00f6nnen. Man wird ein Jahr als &#8220;young ambassador&#8220; in die USA geschickt und kann dort die Highschool (Sch\u00fcler) oder das College + Arbeit in den USA erleben.<\/p>\n<p>Genug \u00fcber das <a href=\"https:\/\/www.bundestag.de\/ppp\">PPP<\/a> &lt;- F\u00fcr mehr Infos und Bewerbung<\/p>\n<p>Jetzt erz\u00e4hle ich wieder \u00fcber mich.<\/p>\n<p>Ich habe diesem Jahr um genau zu sein am 26.07.2016 meine Ausbildung als <strong>Schreiner<\/strong> erfolgreich beendet und begebe mich jetzt in die Vereinigten Staaten um den &#8220;American way of life&#8220; einmal selber zu erleben.<\/p>\n<p>Auf diesem Blog berichte ich \u00fcber alle meine Eindr\u00fccke und Erfahrungen die ich in diesem Jahr sammeln werde.<\/p>\n<p>Ich w\u00fcnsche euch viel Spa\u00df auf meinem Blog und hoffe dass mit diesem Blog meine Familie, meine Freunde,&#8230;&#8230; sich so f\u00fchlen als ob sie garnicht <strong>SOOO<\/strong> weit weg sind.<\/p>\n<p>&nbsp;<\/p>\n<p><a href=\"http:\/\/33ppp.de\/philipp\">&gt;&gt;&gt;Zu den Posts&lt;&lt;&lt;<\/a><\/p>\n<p>&nbsp;<\/p>\n","protected":false},"excerpt":{"rendered":"<p>Servus Mitanand, mein Name ist Philipp Edlhuber. Ich komme aus dem dem wundersch\u00f6nen Neufahrn Bei Freising, nahe M\u00fcnchen. Ich bin Teilnehmer des Parlamentarischen Patenschafts Programms\/Congress Bundestag youth Exchange. Was das ist? Ganz einfach. Das PPP\/CBYX ist ein Austauschprogramm an dem Sch\u00fcler und junge Berufst\u00e4tige teilnehmen k\u00f6nnen. Man wird ein Jahr als &#8220;young ambassador&#8220; in die [&hellip;]<\/p>\n","protected":false},"author":41,"featured_media":0,"parent":0,"menu_order":0,"comment_status":"closed","ping_status":"closed","template":"","meta":{"ngg_post_thumbnail":0,"jetpack_post_was_ever_published":false,"footnotes":""},"class_list":["post-18","page","type-page","status-publish","hentry","has-post-thumbnail"],"jetpack_sharing_enabled":true,"jetpack_shortlink":"https:\/\/wp.me\/P7LNkF-i","jetpack-related-posts":[],"_links":{"self":[{"href":"https:\/\/33ppp.de\/philipp\/wp-json\/wp\/v2\/pages\/18","targetHints":{"allow":["GET"]}}],"collection":[{"href":"https:\/\/33ppp.de\/philipp\/wp-json\/wp\/v2\/pages"}],"about":[{"href":"https:\/\/33ppp.de\/philipp\/wp-json\/wp\/v2\/types\/page"}],"author":[{"embeddable":true,"href":"https:\/\/33ppp.de\/philipp\/wp-json\/wp\/v2\/users\/41"}],"replies":[{"embeddable":true,"href":"https:\/\/33ppp.de\/philipp\/wp-json\/wp\/v2\/comments?post=18"}],"version-history":[{"count":6,"href":"https:\/\/33ppp.de\/philipp\/wp-json\/wp\/v2\/pages\/18\/revisions"}],"predecessor-version":[{"id":51,"href":"https:\/\/33ppp.de\/philipp\/wp-json\/wp\/v2\/pages\/18\/revisions\/51"}],"wp:attachment":[{"href":"https:\/\/33ppp.de\/philipp\/wp-json\/wp\/v2\/media?parent=18"}],"curies":[{"name":"wp","href":"https:\/\/api.w.org\/{rel}","templated":true}]}}