{"id":85,"date":"2016-07-02T15:35:00","date_gmt":"2016-07-02T15:35:00","guid":{"rendered":"http:\/\/33ppp.de\/marisa\/?page_id=85"},"modified":"2016-07-05T18:19:51","modified_gmt":"2016-07-05T18:19:51","slug":"vorm-abflug","status":"publish","type":"page","link":"https:\/\/33ppp.de\/marisa\/tipps\/vorm-abflug\/","title":{"rendered":"Vorm Abflug"},"content":{"rendered":"<p>Bald geht der Flieger, Ihr z\u00e4hlt schon die Tage, und jetzt \u00fcberlegt Ihr, was da noch so ansteht und wichtig ist?!?!<\/p>\n<ol>\n<ul>\n<li>K\u00fcmmert Euch ums <strong>Visum<\/strong>. Haltet die von der GIZ dargelegten Schritte ein und <strong>Kontakt zur GIZ<\/strong>.<\/li>\n<\/ul>\n<\/ol>\n<ol>\n<ul>\n<li><strong>Tauscht Euch mit Euren Mit-PPPlern aus<\/strong>. Ihr sitzt alle im selben Boot.<\/li>\n<\/ul>\n<\/ol>\n<ol>\n<ul>\n<li><strong>\u00dcberlegt, was Ihr in Deutschland noch regeln m\u00fcsst<\/strong>: Vertr\u00e4ge \/ Wohnung \/ Job k\u00fcndigen, Arztbesuche, von Freunden verabschieden etc.<\/li>\n<\/ul>\n<\/ol>\n<ol>\n<ul>\n<li><strong>Bereitet Euch auf die Ausreise und die erste Zeit in den Staaten vor<\/strong>: Geld (Kreditkarte, Euro in Dollar wechseln), Koffer vorhanden?!, Klamotten&#8230;&#8230;&#8230;.<\/li>\n<\/ul>\n<\/ol>\n<ol>\n<ul>\n<li><strong>Macht Euch nicht zu viele Gedanken und Sorgen.<\/strong> Egal ob Platzierung (warten, warten, warten&#8230;&#8230;.happy oder nicht&#8230;&#8230;&#8230;.richtiger oder falscher Ort&#8230;&#8230;&#8230;Gastfamilie sympathisch oder nicht&#8230;&#8230;.) oder Anderes, denkt dran: <strong>egal, was kommt, es wird eine Erfahrung!<\/strong><\/li>\n<\/ul>\n<\/ol>\n<p>&nbsp;<\/p>\n","protected":false},"excerpt":{"rendered":"<p>Bald geht der Flieger, Ihr z\u00e4hlt schon die Tage, und jetzt \u00fcberlegt Ihr, was da noch so ansteht und wichtig ist?!?! K\u00fcmmert Euch ums Visum. Haltet die von der GIZ dargelegten Schritte ein und Kontakt zur GIZ. Tauscht Euch mit Euren Mit-PPPlern aus. Ihr sitzt alle im selben Boot. \u00dcberlegt, was Ihr in Deutschland noch &#8230; <span class=\"more\"><a class=\"more-link\" href=\"https:\/\/33ppp.de\/marisa\/tipps\/vorm-abflug\/\">[Read more&#8230;]<\/a><\/span><\/p>\n","protected":false},"author":29,"featured_media":0,"parent":77,"menu_order":4,"comment_status":"closed","ping_status":"closed","template":"","meta":{"ngg_post_thumbnail":0,"footnotes":""},"class_list":["entry","page","publish","author-marisa","post-85"],"jetpack_sharing_enabled":true,"_links":{"self":[{"href":"https:\/\/33ppp.de\/marisa\/wp-json\/wp\/v2\/pages\/85","targetHints":{"allow":["GET"]}}],"collection":[{"href":"https:\/\/33ppp.de\/marisa\/wp-json\/wp\/v2\/pages"}],"about":[{"href":"https:\/\/33ppp.de\/marisa\/wp-json\/wp\/v2\/types\/page"}],"author":[{"embeddable":true,"href":"https:\/\/33ppp.de\/marisa\/wp-json\/wp\/v2\/users\/29"}],"replies":[{"embeddable":true,"href":"https:\/\/33ppp.de\/marisa\/wp-json\/wp\/v2\/comments?post=85"}],"version-history":[{"count":7,"href":"https:\/\/33ppp.de\/marisa\/wp-json\/wp\/v2\/pages\/85\/revisions"}],"predecessor-version":[{"id":132,"href":"https:\/\/33ppp.de\/marisa\/wp-json\/wp\/v2\/pages\/85\/revisions\/132"}],"up":[{"embeddable":true,"href":"https:\/\/33ppp.de\/marisa\/wp-json\/wp\/v2\/pages\/77"}],"wp:attachment":[{"href":"https:\/\/33ppp.de\/marisa\/wp-json\/wp\/v2\/media?parent=85"}],"curies":[{"name":"wp","href":"https:\/\/api.w.org\/{rel}","templated":true}]}}