{"id":83,"date":"2016-07-02T15:34:16","date_gmt":"2016-07-02T15:34:16","guid":{"rendered":"http:\/\/33ppp.de\/marisa\/?page_id=83"},"modified":"2016-07-05T18:31:13","modified_gmt":"2016-07-05T18:31:13","slug":"vorbereitungsseminar","status":"publish","type":"page","link":"https:\/\/33ppp.de\/marisa\/tipps\/vorbereitungsseminar\/","title":{"rendered":"Vorbereitungsseminar"},"content":{"rendered":"<p><img loading=\"lazy\" decoding=\"async\" class=\"alignnone size-full wp-image-195\" src=\"http:\/\/33ppp.de\/marisa\/wp-content\/uploads\/sites\/28\/2016\/07\/Gruppenfoto.jpg\" alt=\"Gruppenfoto\" width=\"960\" height=\"640\" \/><\/p>\n<p>Foto: Bad Bevensen, April 2016<\/p>\n<p>Yeah, Ihr wurdet auserw\u00e4hlt und yeah, jetzt d\u00fcrft Ihr 1\/3 der anderen Mitstipendiaten kennenlernen.<\/p>\n<ol>\n<ul>\n<li>Freut Euch drauf, das ist <strong>wie Klassenfahrt<\/strong>.<\/li>\n<\/ul>\n<\/ol>\n<ol>\n<ul>\n<li>Versucht, <strong>vorher Kontakt zu den Anderen <\/strong>aufzunehmen. Die GIZ schickt Euch i.d.R. eine Liste mit den Daten der anderen Teilnehmer. Dank Whatsapp, Facebook und Co. sollte der erste Kontakt dann kein Problem mehr sein.<\/li>\n<\/ul>\n<\/ol>\n<ol>\n<ul>\n<li><strong>Bereitet Euch ein wenig vor<\/strong> &#8211; Englisch f\u00fcr den TOEFL-Test auffrischen (aber nicht zu viel &#8211; es ist mutiple choice und vieles geht auch nach Gef\u00fchl;)) &#8211; Gastfamilienbrief schreiben &#8211; Fragen \u00fcberlegen.<\/li>\n<\/ul>\n<\/ol>\n<ol>\n<ul>\n<li><strong>Organisiert Mitfahrgelegenheiten<\/strong>, fragt aktiv in der Gruppe nach, wer wie anreist und schaut, ob sich nicht manche Wege mit Auto oder Bahn verbinden lassen, so lernt Ihr Euch direkt kennen und die Fahrt wird kurzweiliger.<\/li>\n<\/ul>\n<\/ol>\n<ol>\n<ul>\n<li><strong>Geht offen auf die anderen Teilnehmer zu<\/strong> &#8211; Sie sind jetzt wie Ihr Teil der PPP-Familie;).<\/li>\n<\/ul>\n<\/ol>\n<ol>\n<ul>\n<li><strong>H\u00f6rt zu und macht Euch brav Notizen<\/strong>, Ihr werdet die Infos nachher brauchen.<\/li>\n<\/ul>\n<\/ol>\n<ol>\n<ul>\n<li><strong>Stellt Fragen<\/strong>, gerade an die Ehemaligen, denn sie haben das alles schon durch und k\u00f6nnen Euch weiterhelfen. Keine Frage ist zu bl\u00f6d, wer wei\u00df wen von den 24 Anderen die Antwort auch interessiert.<\/li>\n<\/ul>\n<\/ol>\n<p>Ingesamt seid einfach offen f\u00fcr neue Infos, neue Methoden und vor allem genie\u00dft die Zeit:D.<\/p>\n<p>Und da Bilder mehr sagen als 1.000 Worte, hier eine <a href=\"http:\/\/33ppp.de\/marisa\/tipps\/vorbereitungsseminar\/fotos\/\">kleine Gallerie<\/a> ;).<\/p>\n","protected":false},"excerpt":{"rendered":"<p>Foto: Bad Bevensen, April 2016 Yeah, Ihr wurdet auserw\u00e4hlt und yeah, jetzt d\u00fcrft Ihr 1\/3 der anderen Mitstipendiaten kennenlernen. Freut Euch drauf, das ist wie Klassenfahrt. Versucht, vorher Kontakt zu den Anderen aufzunehmen. Die GIZ schickt Euch i.d.R. eine Liste mit den Daten der anderen Teilnehmer. Dank Whatsapp, Facebook und Co. sollte der erste Kontakt &#8230; <span class=\"more\"><a class=\"more-link\" href=\"https:\/\/33ppp.de\/marisa\/tipps\/vorbereitungsseminar\/\">[Read more&#8230;]<\/a><\/span><\/p>\n","protected":false},"author":29,"featured_media":0,"parent":77,"menu_order":3,"comment_status":"closed","ping_status":"closed","template":"","meta":{"ngg_post_thumbnail":0,"footnotes":""},"class_list":["entry","page","publish","author-marisa","post-83"],"jetpack_sharing_enabled":true,"_links":{"self":[{"href":"https:\/\/33ppp.de\/marisa\/wp-json\/wp\/v2\/pages\/83","targetHints":{"allow":["GET"]}}],"collection":[{"href":"https:\/\/33ppp.de\/marisa\/wp-json\/wp\/v2\/pages"}],"about":[{"href":"https:\/\/33ppp.de\/marisa\/wp-json\/wp\/v2\/types\/page"}],"author":[{"embeddable":true,"href":"https:\/\/33ppp.de\/marisa\/wp-json\/wp\/v2\/users\/29"}],"replies":[{"embeddable":true,"href":"https:\/\/33ppp.de\/marisa\/wp-json\/wp\/v2\/comments?post=83"}],"version-history":[{"count":13,"href":"https:\/\/33ppp.de\/marisa\/wp-json\/wp\/v2\/pages\/83\/revisions"}],"predecessor-version":[{"id":218,"href":"https:\/\/33ppp.de\/marisa\/wp-json\/wp\/v2\/pages\/83\/revisions\/218"}],"up":[{"embeddable":true,"href":"https:\/\/33ppp.de\/marisa\/wp-json\/wp\/v2\/pages\/77"}],"wp:attachment":[{"href":"https:\/\/33ppp.de\/marisa\/wp-json\/wp\/v2\/media?parent=83"}],"curies":[{"name":"wp","href":"https:\/\/api.w.org\/{rel}","templated":true}]}}