{"id":81,"date":"2016-07-02T15:33:42","date_gmt":"2016-07-02T15:33:42","guid":{"rendered":"http:\/\/33ppp.de\/marisa\/?page_id=81"},"modified":"2016-07-05T18:16:26","modified_gmt":"2016-07-05T18:16:26","slug":"auswahltag","status":"publish","type":"page","link":"https:\/\/33ppp.de\/marisa\/tipps\/auswahltag\/","title":{"rendered":"Auswahltag"},"content":{"rendered":"<p>Es wird ernst, Eure Bewerbung ist eingetroffen und kam anscheinend gut an, zumindest habt Ihr eine Einladung zum Auswahltag. Das ist der erste Schritt in die richtige Richtung. Macht Euch auch hier nicht zu viel Stress, aber beachtet folgende Tipps:<\/p>\n<ol>\n<ul>\n<li><strong>Bereitet Euch gut vor:<\/strong> lest Euch genau durch, was die GIZ am Auswahltag von Euch verlangt &#8211; verfasst ein authentisches Motivationsschreiben und aktualisiert Euren Lebenslauf &#8211; druckt alles Notwendige rechtzeitig und in 2-facher Ausfertigung aus &#8211; wiederholt nochmal das Wichtigste zu den Themen Politik und Geschichte der BRD und der USA, schaut Nachrichten (keine Panik, man kann und muss nicht alles wissen&#8230;&#8230;) &#8211; Crash-\u00dcberblick englische Grammatik &#8211; und ganz wichtig: <strong>macht Euch nicht verr\u00fcckt<\/strong> und lasst dies auch von Anderen nicht zu. Es ist eine Chance, ja, aber <strong>es ist Eure Chance und nur Ihr selbst entscheidet, wie umfangreich\u00a0Ihr Euch f\u00fcr den Tag vorbereitet.<\/strong><\/li>\n<\/ul>\n<\/ol>\n<ol>\n<ul>\n<li><strong>Plant Eure Anreise:<\/strong> f\u00fcr viele ist der Ort der Auswahltagung nicht gerade um die Ecke. \u00dcberlegt Euch daher genau, <strong>wann<\/strong> Ihr anreisen wollt und <strong>wie<\/strong>. In vielen F\u00e4llen ist es ratsam, am Vortag hinzufahren, im Hotel \/ bei Bekannten zu \u00fcbernachten und am n\u00e4chsten Morgen ausgeschlafen in aller Ruhe zu erscheinen. <strong>Bedenkt: <\/strong>Ihr habt nur diesen einen Tag, um zu \u00fcberzeugen, und da sollte man fit sein<\/li>\n<\/ul>\n<\/ol>\n<ol>\n<ul>\n<li><strong>Lernt die anderen Bewerber kennen, seid offen und freundlich.<\/strong> Ja, es sind Eure Konkurrenten, aber weder Ihr noch sie wissen, worauf geachtet wird und wer es letztendlich schafft, von daher genie\u00dft die M\u00f6glichkeit, Euch mit anderen Bewerbern auszutauschen &#8211; Themen gibt es genug: Wohnort, Ausbildung, Bewerbungsmotivation, Vorstellungen \u00fcber die USA etc. &#8211; und \u00fcberlegt mal wie riesig die Freude sein wird, wenn Ihr den ein oder anderen wiedertrefft.<\/li>\n<\/ul>\n<\/ol>\n<ol>\n<ul>\n<li><strong>Bleibt Ihr selbst, sie wollen Euch kennen lernen und niemand anderen.<\/strong><\/li>\n<\/ul>\n<\/ol>\n<ol>\n<ul>\n<li><strong>Lasst Euch durch manche Situationen nicht abschrecken<\/strong>, Ihr werdet auch mal unangenehme oder evtl. etwas seltsame Fragen gestellt bekommen, aber damit will man Euch nur <strong>testen<\/strong>. Wenn Ihr Fragen bekommt, wie Ihr in bestimmten Situationen reagieren w\u00fcrdet, gebt das an, was Ihr wirklich als Reaktion in der Realit\u00e4t zeigen w\u00fcrdet.<\/li>\n<\/ul>\n<\/ol>\n<ol>\n<ul>\n<li><strong>Haltet durch<\/strong> &#8211; der Tag kann f\u00fcr manche sehr lang werden, gerade wenn sie mit bei den letzten Einzelgespr\u00e4chen sind, aber seht es positiv und nutzt die Zeit so gut Ihr k\u00f6nnt (Entspannen, Unterhalten, Familie und Freunde zu Hause auf dem Laufenden halten etc.).<\/li>\n<\/ul>\n<\/ol>\n<p>&nbsp;<\/p>\n","protected":false},"excerpt":{"rendered":"<p>Es wird ernst, Eure Bewerbung ist eingetroffen und kam anscheinend gut an, zumindest habt Ihr eine Einladung zum Auswahltag. Das ist der erste Schritt in die richtige Richtung. Macht Euch auch hier nicht zu viel Stress, aber beachtet folgende Tipps: Bereitet Euch gut vor: lest Euch genau durch, was die GIZ am Auswahltag von Euch &#8230; <span class=\"more\"><a class=\"more-link\" href=\"https:\/\/33ppp.de\/marisa\/tipps\/auswahltag\/\">[Read more&#8230;]<\/a><\/span><\/p>\n","protected":false},"author":29,"featured_media":0,"parent":77,"menu_order":2,"comment_status":"closed","ping_status":"closed","template":"","meta":{"ngg_post_thumbnail":0,"footnotes":""},"class_list":["entry","page","publish","author-marisa","post-81"],"jetpack_sharing_enabled":true,"_links":{"self":[{"href":"https:\/\/33ppp.de\/marisa\/wp-json\/wp\/v2\/pages\/81","targetHints":{"allow":["GET"]}}],"collection":[{"href":"https:\/\/33ppp.de\/marisa\/wp-json\/wp\/v2\/pages"}],"about":[{"href":"https:\/\/33ppp.de\/marisa\/wp-json\/wp\/v2\/types\/page"}],"author":[{"embeddable":true,"href":"https:\/\/33ppp.de\/marisa\/wp-json\/wp\/v2\/users\/29"}],"replies":[{"embeddable":true,"href":"https:\/\/33ppp.de\/marisa\/wp-json\/wp\/v2\/comments?post=81"}],"version-history":[{"count":12,"href":"https:\/\/33ppp.de\/marisa\/wp-json\/wp\/v2\/pages\/81\/revisions"}],"predecessor-version":[{"id":216,"href":"https:\/\/33ppp.de\/marisa\/wp-json\/wp\/v2\/pages\/81\/revisions\/216"}],"up":[{"embeddable":true,"href":"https:\/\/33ppp.de\/marisa\/wp-json\/wp\/v2\/pages\/77"}],"wp:attachment":[{"href":"https:\/\/33ppp.de\/marisa\/wp-json\/wp\/v2\/media?parent=81"}],"curies":[{"name":"wp","href":"https:\/\/api.w.org\/{rel}","templated":true}]}}