{"id":79,"date":"2016-07-02T15:33:17","date_gmt":"2016-07-02T15:33:17","guid":{"rendered":"http:\/\/33ppp.de\/marisa\/?page_id=79"},"modified":"2016-07-05T18:13:22","modified_gmt":"2016-07-05T18:13:22","slug":"bewerbung","status":"publish","type":"page","link":"https:\/\/33ppp.de\/marisa\/tipps\/bewerbung\/","title":{"rendered":"Bewerbung"},"content":{"rendered":"<ol>\n<ol>\n<ul>\n<li>am <strong>allerwichtigsten<\/strong>: \u00fcberlegt Euch, ob Ihr das <strong>wirklich<\/strong> wollt. Das klingt jetzt vielleicht komisch, zumal die Chance zu den 75 Auserw\u00e4hlten zu geh\u00f6ren im Vergleich zu der Bewerberanzahl geradezu nicht vorhanden zu sein\u00a0scheint, aber da es eben doch m\u00f6glich ist (siehe meine Wenigkeit), sollte das Ganze\u00a0<strong>vorher<\/strong> durchdacht werden. Lest Euch durch, was das Programm konkret beinhaltet, was auf Euch zukommen w\u00fcrde und ob Ihr Euch mit all diesen Punkten arrangieren k\u00f6nntet. Es ist eine <strong>Riesenchance<\/strong>, keine Frage, aber es ist auch ein ziemlich z\u00e4hes Bewerbungsverfahren mit <strong>viel Arbeit<\/strong>, die sich nur lohnt zu investieren, wenn Ihr absolut und zu <strong>100%<\/strong> Bock darauf habt:).<\/li>\n<\/ul>\n<\/ol>\n<\/ol>\n<ol>\n<ol>\n<ul>\n<li>Macht Euch <strong>keine Panik<\/strong>, dass die Zeit zu kurz sei, auch wenn Ihr die Bewerbungsunterlagen erst wenige Tage vor Ablauf der Bewerbungsfrist anfragt. <strong>Wenn Ihr Euch wirklich reinh\u00e4ngt, ist das alles auch im Turbogang zu schaffen.<\/strong> 1-2 Wochen sollten es aber immer sein, da Ihr auch auf Unterlagen von anderen Personen angewiesen seid (\u00e4rztliches Gutachten, Beurteilung durch Lehrer\/Ausbilder etc.).<\/li>\n<\/ul>\n<\/ol>\n<\/ol>\n<ol>\n<ol>\n<ul>\n<li>Vorm Loslegen: verschafft euch einen <strong>\u00dcberblick<\/strong>, was verlangt wird, und kl\u00e4rt als erstes Dinge, bei denen Ihr auf fremde Hilfe angewiesen seid (Arzttermin, Lehrergutachten).<\/li>\n<\/ul>\n<\/ol>\n<\/ol>\n<ol>\n<ol>\n<ul>\n<li>Beim Schreiben: nehmt Euch Zeit, <strong>\u00fcberlegt<\/strong>, was Ihr schreiben wollt, aber bleibt Ihr selbst und vor allem <strong>ehrlich<\/strong>.<\/li>\n<\/ul>\n<\/ol>\n<\/ol>\n<ol>\n<ol>\n<ul>\n<li>Schickt die Unterlagen <strong>rechtzeitig<\/strong> ab, denn nichts ist \u00e4rgerlicher, als (nahezu) fertige Unterlagen bei abgelaufener Bewerbungsfrist. Die M\u00fche soll sich schlie\u00dflich lohnen;).<\/li>\n<\/ul>\n<\/ol>\n<\/ol>\n<p>&nbsp;<\/p>\n<p>&nbsp;<\/p>\n","protected":false},"excerpt":{"rendered":"<p>am allerwichtigsten: \u00fcberlegt Euch, ob Ihr das wirklich wollt. Das klingt jetzt vielleicht komisch, zumal die Chance zu den 75 Auserw\u00e4hlten zu geh\u00f6ren im Vergleich zu der Bewerberanzahl geradezu nicht vorhanden zu sein\u00a0scheint, aber da es eben doch m\u00f6glich ist (siehe meine Wenigkeit), sollte das Ganze\u00a0vorher durchdacht werden. Lest Euch durch, was das Programm konkret &#8230; <span class=\"more\"><a class=\"more-link\" href=\"https:\/\/33ppp.de\/marisa\/tipps\/bewerbung\/\">[Read more&#8230;]<\/a><\/span><\/p>\n","protected":false},"author":29,"featured_media":0,"parent":77,"menu_order":1,"comment_status":"closed","ping_status":"closed","template":"","meta":{"ngg_post_thumbnail":0,"footnotes":""},"class_list":["entry","page","publish","author-marisa","post-79"],"jetpack_sharing_enabled":true,"_links":{"self":[{"href":"https:\/\/33ppp.de\/marisa\/wp-json\/wp\/v2\/pages\/79","targetHints":{"allow":["GET"]}}],"collection":[{"href":"https:\/\/33ppp.de\/marisa\/wp-json\/wp\/v2\/pages"}],"about":[{"href":"https:\/\/33ppp.de\/marisa\/wp-json\/wp\/v2\/types\/page"}],"author":[{"embeddable":true,"href":"https:\/\/33ppp.de\/marisa\/wp-json\/wp\/v2\/users\/29"}],"replies":[{"embeddable":true,"href":"https:\/\/33ppp.de\/marisa\/wp-json\/wp\/v2\/comments?post=79"}],"version-history":[{"count":11,"href":"https:\/\/33ppp.de\/marisa\/wp-json\/wp\/v2\/pages\/79\/revisions"}],"predecessor-version":[{"id":214,"href":"https:\/\/33ppp.de\/marisa\/wp-json\/wp\/v2\/pages\/79\/revisions\/214"}],"up":[{"embeddable":true,"href":"https:\/\/33ppp.de\/marisa\/wp-json\/wp\/v2\/pages\/77"}],"wp:attachment":[{"href":"https:\/\/33ppp.de\/marisa\/wp-json\/wp\/v2\/media?parent=79"}],"curies":[{"name":"wp","href":"https:\/\/api.w.org\/{rel}","templated":true}]}}