{"id":70,"date":"2016-07-02T15:27:59","date_gmt":"2016-07-02T15:27:59","guid":{"rendered":"http:\/\/33ppp.de\/marisa\/?page_id=70"},"modified":"2016-07-05T18:25:57","modified_gmt":"2016-07-05T18:25:57","slug":"allgemein","status":"publish","type":"page","link":"https:\/\/33ppp.de\/marisa\/about-ppp\/allgemein\/","title":{"rendered":"Allgemein"},"content":{"rendered":"<p style=\"text-align: center\"><img decoding=\"async\" class=\"aligncenter\" src=\"https:\/\/www.bundestag.de\/blob\/226774\/eb014bb4526c12cd7eae5df5ea5dbc03\/logo-data.jpg\" \/><\/p>\n<p><strong>P<\/strong>arlamentarisches <strong>P<\/strong>atenschafts-<strong>P<\/strong>rogramm (<strong>PPP<\/strong>)<\/p>\n<ul>\n<li>deutsch-amerikanisches Jugend-Austauschprogramm<\/li>\n<li>1983 aus Anlass des 300. Jahrestages der ersten deutschen Einwanderung beschlossen<\/li>\n<li>wird f\u00fcr Sch\u00fcler und junge Berufst\u00e4tige angeboten<\/li>\n<\/ul>\n<hr \/>\n<p><strong>Bewerbungsvoraussetzungen f\u00fcr junge Berufst\u00e4tige:<\/strong><\/p>\n<ul>\n<li>abgeschlossene Berufsausbildung zum Zeitpunkt der Ausreise<\/li>\n<li>zwischen 16 und 24 Jahre alt<\/li>\n<li>mindestens 4.000 \u20ac Eigenmittel<\/li>\n<\/ul>\n<hr \/>\n<p><strong>Ziele:\u00a0<\/strong><\/p>\n<ul>\n<li>F\u00f6rderung des interkulturellen Verst\u00e4ndnisses<\/li>\n<li>Vertiefung der deutsch-amerikanischen Beziehungen<\/li>\n<li>Weiterentwicklung der sprachlichen und beruflichen Kenntnisse<\/li>\n<\/ul>\n<hr \/>\n<p><strong>Ablauf:<\/strong><\/p>\n<ul>\n<li>bis September: schriftliche Bewerbung<\/li>\n<li>Oktober \/ November: Auswahltag<\/li>\n<li>danach: evtl. Gespr\u00e4ch mit dem zust\u00e4ndigen Abgeordneten<\/li>\n<li>Januar \/ Februar: Zusage durch den Abgeordneten \/ die GIZ<\/li>\n<\/ul>\n<ul>\n<li>M\u00e4rz \/ April: Vorbereitungsseminar in Deutschland<\/li>\n<\/ul>\n<ul>\n<li>Anfang August: Ausreise in die USA<\/li>\n<li>die ersten Tage: Vorbereitungsseminar in New York<\/li>\n<li>danach: Weiterreise zum Platzierungsort (Homestay Tour)<\/li>\n<\/ul>\n<ul>\n<li>Ankunft in der Gastfamilie \/ am College<\/li>\n<li>August \/ September bis Dezember: Studienphase<\/li>\n<li>Januar bis Juni: berufsbezogenes Praktikum<\/li>\n<\/ul>\n<ul>\n<li>Juli: Reisemonat<\/li>\n<\/ul>\n<ul>\n<li>Ende Juli: Auswertungsseminar in Washington D.C.<\/li>\n<li>anschlie\u00dfend: R\u00fcckflug nach Deutschland<\/li>\n<\/ul>\n<ul>\n<li>Herbst: Abschlussseminar in Deutschland<\/li>\n<\/ul>\n<p>Weitere Informationen findet Ihr unter\u00a0<a href=\"http:\/\/www.bundestag.de\/ppp\">http:\/\/www.bundestag.de\/ppp<\/a> .<\/p>\n","protected":false},"excerpt":{"rendered":"<p>Parlamentarisches Patenschafts-Programm (PPP) deutsch-amerikanisches Jugend-Austauschprogramm 1983 aus Anlass des 300. Jahrestages der ersten deutschen Einwanderung beschlossen wird f\u00fcr Sch\u00fcler und junge Berufst\u00e4tige angeboten Bewerbungsvoraussetzungen f\u00fcr junge Berufst\u00e4tige: abgeschlossene Berufsausbildung zum Zeitpunkt der Ausreise zwischen 16 und 24 Jahre alt mindestens 4.000 \u20ac Eigenmittel Ziele:\u00a0 F\u00f6rderung des interkulturellen Verst\u00e4ndnisses Vertiefung der deutsch-amerikanischen Beziehungen Weiterentwicklung der sprachlichen &#8230; <span class=\"more\"><a class=\"more-link\" href=\"https:\/\/33ppp.de\/marisa\/about-ppp\/allgemein\/\">[Read more&#8230;]<\/a><\/span><\/p>\n","protected":false},"author":29,"featured_media":0,"parent":117,"menu_order":0,"comment_status":"closed","ping_status":"closed","template":"","meta":{"ngg_post_thumbnail":0,"footnotes":""},"class_list":["entry","page","publish","author-marisa","post-70"],"jetpack_sharing_enabled":true,"_links":{"self":[{"href":"https:\/\/33ppp.de\/marisa\/wp-json\/wp\/v2\/pages\/70","targetHints":{"allow":["GET"]}}],"collection":[{"href":"https:\/\/33ppp.de\/marisa\/wp-json\/wp\/v2\/pages"}],"about":[{"href":"https:\/\/33ppp.de\/marisa\/wp-json\/wp\/v2\/types\/page"}],"author":[{"embeddable":true,"href":"https:\/\/33ppp.de\/marisa\/wp-json\/wp\/v2\/users\/29"}],"replies":[{"embeddable":true,"href":"https:\/\/33ppp.de\/marisa\/wp-json\/wp\/v2\/comments?post=70"}],"version-history":[{"count":7,"href":"https:\/\/33ppp.de\/marisa\/wp-json\/wp\/v2\/pages\/70\/revisions"}],"predecessor-version":[{"id":222,"href":"https:\/\/33ppp.de\/marisa\/wp-json\/wp\/v2\/pages\/70\/revisions\/222"}],"up":[{"embeddable":true,"href":"https:\/\/33ppp.de\/marisa\/wp-json\/wp\/v2\/pages\/117"}],"wp:attachment":[{"href":"https:\/\/33ppp.de\/marisa\/wp-json\/wp\/v2\/media?parent=70"}],"curies":[{"name":"wp","href":"https:\/\/api.w.org\/{rel}","templated":true}]}}