{"id":66,"date":"2016-07-02T15:06:12","date_gmt":"2016-07-02T15:06:12","guid":{"rendered":"http:\/\/33ppp.de\/marisa\/?page_id=66"},"modified":"2016-07-05T18:09:38","modified_gmt":"2016-07-05T18:09:38","slug":"meine-motivation","status":"publish","type":"page","link":"https:\/\/33ppp.de\/marisa\/about-me\/meine-motivation\/","title":{"rendered":"Meine Motivation"},"content":{"rendered":"<p style=\"text-align: center\"><strong>&#8222;Mut steht am Anfang des Handelns, Gl\u00fcck am Ende.&#8220; (Demokrit)\u00a0<\/strong><\/p>\n<p style=\"text-align: center\"><img loading=\"lazy\" decoding=\"async\" class=\"alignnone size-medium wp-image-21\" src=\"http:\/\/33ppp.de\/marisa\/wp-content\/uploads\/sites\/28\/2016\/07\/cropped-unspecified-7-300x200.jpeg\" alt=\"cropped-unspecified-7.jpeg\" width=\"300\" height=\"200\" \/><\/p>\n<p>Warum ich den Schritt wage, meine Lieben hier in Deutschland f\u00fcr 1 Jahr zur\u00fcckzulassen und \u00fcber den gro\u00dfen Teich zu fliegen?! &#8211; Weil das PPP f\u00fcr mich vor allem eins ist: eine Herausforderung mit vielen CHANCEN&#8230;&#8230;.<\/p>\n<p>&#8230;&#8230;&#8230; mehr \u00fcber Amerika, die Kultur und den American Way of Life zu erfahren<\/p>\n<p>&#8230;&#8230;&#8230; in die Amerikanische Arbeitswelt hineinschnuppern zu k\u00f6nnen<\/p>\n<p>&#8230;&#8230;&#8230; Anderen Einblicke in die deutsche Kultur und Mentalit\u00e4t zu schenken<\/p>\n<p>&#8230;&#8230;&#8230; interessanten Menschen zu begegnen<\/p>\n<p>&#8230;&#8230;&#8230; mich selbst n\u00e4her kennen zu lernen und mich weiterzuentwickeln.<\/p>\n<p style=\"text-align: center\"><strong>PPP &#8211; it&#8217;s a challenge \ud83d\ude42 !!!\u00a0<\/strong><\/p>\n","protected":false},"excerpt":{"rendered":"<p>&#8222;Mut steht am Anfang des Handelns, Gl\u00fcck am Ende.&#8220; (Demokrit)\u00a0 Warum ich den Schritt wage, meine Lieben hier in Deutschland f\u00fcr 1 Jahr zur\u00fcckzulassen und \u00fcber den gro\u00dfen Teich zu fliegen?! &#8211; Weil das PPP f\u00fcr mich vor allem eins ist: eine Herausforderung mit vielen CHANCEN&#8230;&#8230;. &#8230;&#8230;&#8230; mehr \u00fcber Amerika, die Kultur und den American &#8230; <span class=\"more\"><a class=\"more-link\" href=\"https:\/\/33ppp.de\/marisa\/about-me\/meine-motivation\/\">[Read more&#8230;]<\/a><\/span><\/p>\n","protected":false},"author":29,"featured_media":0,"parent":111,"menu_order":0,"comment_status":"closed","ping_status":"closed","template":"","meta":{"ngg_post_thumbnail":0,"footnotes":""},"class_list":["entry","page","publish","author-marisa","post-66"],"jetpack_sharing_enabled":true,"_links":{"self":[{"href":"https:\/\/33ppp.de\/marisa\/wp-json\/wp\/v2\/pages\/66","targetHints":{"allow":["GET"]}}],"collection":[{"href":"https:\/\/33ppp.de\/marisa\/wp-json\/wp\/v2\/pages"}],"about":[{"href":"https:\/\/33ppp.de\/marisa\/wp-json\/wp\/v2\/types\/page"}],"author":[{"embeddable":true,"href":"https:\/\/33ppp.de\/marisa\/wp-json\/wp\/v2\/users\/29"}],"replies":[{"embeddable":true,"href":"https:\/\/33ppp.de\/marisa\/wp-json\/wp\/v2\/comments?post=66"}],"version-history":[{"count":7,"href":"https:\/\/33ppp.de\/marisa\/wp-json\/wp\/v2\/pages\/66\/revisions"}],"predecessor-version":[{"id":212,"href":"https:\/\/33ppp.de\/marisa\/wp-json\/wp\/v2\/pages\/66\/revisions\/212"}],"up":[{"embeddable":true,"href":"https:\/\/33ppp.de\/marisa\/wp-json\/wp\/v2\/pages\/111"}],"wp:attachment":[{"href":"https:\/\/33ppp.de\/marisa\/wp-json\/wp\/v2\/media?parent=66"}],"curies":[{"name":"wp","href":"https:\/\/api.w.org\/{rel}","templated":true}]}}