{"id":52,"date":"2016-06-28T23:15:15","date_gmt":"2016-06-28T21:15:15","guid":{"rendered":"http:\/\/33ppp.de\/marcel\/?page_id=52"},"modified":"2016-06-29T22:27:14","modified_gmt":"2016-06-29T20:27:14","slug":"mail","status":"publish","type":"page","link":"https:\/\/33ppp.de\/marcel\/mail\/","title":{"rendered":"Mail"},"content":{"rendered":"<p><a href=\"http:\/\/twitter.com\/share?url=https%3A%2F%2F33ppp.de%2Fmarcel%2Fmail%2F&amp;count=none&amp;text=Mail - American_Dream\" class=\"twitter-share-button\">Tweet<\/a><\/p><p>F\u00fcr Anregungen, Fragen etc. k\u00f6nnt ihr mich \u00fcber die E-Mail-Adresse erreichen.<\/p>\n<p>E-Mail: american.dream@gmx.net<\/p>\n<p>&nbsp;<\/p>\n","protected":false},"excerpt":{"rendered":"<p>TweetF\u00fcr Anregungen, Fragen etc. k\u00f6nnt ihr mich \u00fcber die E-Mail-Adresse erreichen. E-Mail: american.dream@gmx.net &nbsp;<\/p>\n","protected":false},"author":13,"featured_media":0,"parent":0,"menu_order":0,"comment_status":"closed","ping_status":"closed","template":"","meta":{"ngg_post_thumbnail":0,"jetpack_post_was_ever_published":false,"footnotes":""},"class_list":["entry","page","publish","author-marcel","post-52"],"jetpack_sharing_enabled":true,"jetpack_shortlink":"https:\/\/wp.me\/P7G5ER-Q","jetpack-related-posts":[{"id":194,"url":"https:\/\/33ppp.de\/marcel\/kontakt\/","url_meta":{"origin":52,"position":0},"title":"Kontakt","author":"Marcel","date":"Juni 29, 2016","format":false,"excerpt":"Falls ihr mir auch auf anderen Seiten folgen wollt, ihr Fragen an mich habt oder \u00c4hnliches gebe ich euch hier einmal ein paar M\u00f6glichkeiten mich zu Kontaktieren.","rel":"","context":"\u00c4hnlicher Beitrag","block_context":{"text":"\u00c4hnlicher Beitrag","link":""},"img":{"alt_text":"","src":"","width":0,"height":0},"classes":[]},{"id":49,"url":"https:\/\/33ppp.de\/marcel\/about\/me\/","url_meta":{"origin":52,"position":1},"title":"\u00dcber Mich","author":"Marcel","date":"Juni 28, 2016","format":false,"excerpt":"Hey\u00a0Leute, ihr fragt euch sicherlich mit wem ihr es hier zutun habt. Naja eigentlich ganz einfach, mit mir eben, Marcel, 21 Jahre, seit Februar ausgelernter Elektroniker f\u00fcr Energie- & Geb\u00e4udetechnik und wohne in der Ostsee...naja, so fast.. eigentlich auf der Ostseeinsel Fehmarn im Bundesland Schleswig-Holstein. \u270c\ud83c\udffd Fehmarn Meer. Sand. Strand.\u2026","rel":"","context":"\u00c4hnlicher Beitrag","block_context":{"text":"\u00c4hnlicher Beitrag","link":""},"img":{"alt_text":"DCIM100GOPROG0196641.","src":"https:\/\/i0.wp.com\/33ppp.de\/marcel\/wp-content\/uploads\/sites\/12\/2016\/06\/G0196641-300x169.jpg?resize=350%2C200","width":350,"height":200},"classes":[]},{"id":63,"url":"https:\/\/33ppp.de\/marcel\/ppp-cbyx-2\/ppp-cbyx\/","url_meta":{"origin":52,"position":2},"title":"Info PPP \/ CBYX","author":"Marcel","date":"Juni 28, 2016","format":false,"excerpt":"\u00a0 Parlamentarisches Patenschafts-Programm f\u00fcr junge Berufst\u00e4tige (PPP)\u00a0 Das Parlamentarische Patenschafts-Programm (PPP) wurde aus Anlass des 300. Jahrestages der ersten deutschen Einwanderung nach Nordamerika vom Kongress der Vereinigten Staaten von Amerikaund vom Deutschen Bundestag beschlossen. Das Programm wendet sich an Sch\u00fcler und junge Berufst\u00e4tige. Mitglieder des Deutschen Bundestages \u00fcbernehmen die Patenschaft\u2026","rel":"","context":"\u00c4hnlicher Beitrag","block_context":{"text":"\u00c4hnlicher Beitrag","link":""},"img":{"alt_text":"IMG_0241","src":"https:\/\/i0.wp.com\/33ppp.de\/marcel\/wp-content\/uploads\/sites\/12\/2016\/06\/IMG_0241-1.jpg?resize=350%2C200","width":350,"height":200},"classes":[]},{"id":116,"url":"https:\/\/33ppp.de\/marcel\/about\/meinen-patenabgeordneten\/","url_meta":{"origin":52,"position":3},"title":"Mein Patenabgeordneter","author":"Marcel","date":"Juni 28, 2016","format":false,"excerpt":"Bei dem\u00a0Parlamentarischen Patenschafts-Programm (\"PPP\") sind die Bundestagsabgeordneten in ihrem Wahlkreis (wenn dieser im PPP vertreten ist) daf\u00fcr zust\u00e4ndig in der letzten Bewerbungsphase einen von mehreren Kandidaten, die ihnen durch vorherige Auswahlverfahren von der GIZ ausgew\u00e4hlt wurden, auszuw\u00e4hlen und somit die Patenschaft f\u00fcr den Stipendiaten zu \u00fcbernehmen. Er gibt dem Stipendiaten\u2026","rel":"","context":"\u00c4hnlicher Beitrag","block_context":{"text":"\u00c4hnlicher Beitrag","link":""},"img":{"alt_text":"Verabschiedung 1 - Kopie","src":"https:\/\/i0.wp.com\/33ppp.de\/marcel\/wp-content\/uploads\/sites\/12\/2016\/06\/Verabschiedung-1-Kopie-300x235.jpg?resize=350%2C200","width":350,"height":200},"classes":[]}],"_links":{"self":[{"href":"https:\/\/33ppp.de\/marcel\/wp-json\/wp\/v2\/pages\/52","targetHints":{"allow":["GET"]}}],"collection":[{"href":"https:\/\/33ppp.de\/marcel\/wp-json\/wp\/v2\/pages"}],"about":[{"href":"https:\/\/33ppp.de\/marcel\/wp-json\/wp\/v2\/types\/page"}],"author":[{"embeddable":true,"href":"https:\/\/33ppp.de\/marcel\/wp-json\/wp\/v2\/users\/13"}],"replies":[{"embeddable":true,"href":"https:\/\/33ppp.de\/marcel\/wp-json\/wp\/v2\/comments?post=52"}],"version-history":[{"count":11,"href":"https:\/\/33ppp.de\/marcel\/wp-json\/wp\/v2\/pages\/52\/revisions"}],"predecessor-version":[{"id":197,"href":"https:\/\/33ppp.de\/marcel\/wp-json\/wp\/v2\/pages\/52\/revisions\/197"}],"wp:attachment":[{"href":"https:\/\/33ppp.de\/marcel\/wp-json\/wp\/v2\/media?parent=52"}],"curies":[{"name":"wp","href":"https:\/\/api.w.org\/{rel}","templated":true}]}}