{"id":49,"date":"2016-06-28T15:41:00","date_gmt":"2016-06-28T15:41:00","guid":{"rendered":"http:\/\/33ppp.de\/marcel\/?page_id=49"},"modified":"2016-07-23T00:35:05","modified_gmt":"2016-07-22T22:35:05","slug":"me","status":"publish","type":"page","link":"https:\/\/33ppp.de\/marcel\/about\/me\/","title":{"rendered":"\u00dcber Mich"},"content":{"rendered":"<p><a href=\"http:\/\/twitter.com\/share?url=https%3A%2F%2F33ppp.de%2Fmarcel%2Fabout%2Fme%2F&amp;count=none&amp;text=\u00dcber Mich - American_Dream\" class=\"twitter-share-button\">Tweet<\/a><\/p><p>Hey\u00a0Leute,<\/p>\n<p>ihr fragt euch sicherlich mit wem ihr es hier zutun habt.<br \/>\nNaja eigentlich ganz einfach, mit mir eben,<br \/>\nMarcel, 21 Jahre, seit Februar ausgelernter Elektroniker f\u00fcr Energie- &amp; Geb\u00e4udetechnik und wohne in der Ostsee&#8230;naja, so fast.. eigentlich auf der Ostseeinsel Fehmarn im Bundesland Schleswig-Holstein.<\/p>\n<p><img data-recalc-dims=\"1\" loading=\"lazy\" decoding=\"async\" data-attachment-id=\"199\" data-permalink=\"https:\/\/33ppp.de\/marcel\/about\/me\/dcim100goprog0196641\/\" data-orig-file=\"https:\/\/i0.wp.com\/33ppp.de\/marcel\/wp-content\/uploads\/sites\/12\/2016\/06\/G0196641.jpg?fit=3840%2C2160&amp;ssl=1\" data-orig-size=\"3840,2160\" data-comments-opened=\"0\" data-image-meta=\"{&quot;aperture&quot;:&quot;2.8&quot;,&quot;credit&quot;:&quot;&quot;,&quot;camera&quot;:&quot;HERO4 Silver&quot;,&quot;caption&quot;:&quot;DCIM100GOPROG0196641.&quot;,&quot;created_timestamp&quot;:&quot;1466450402&quot;,&quot;copyright&quot;:&quot;&quot;,&quot;focal_length&quot;:&quot;3&quot;,&quot;iso&quot;:&quot;100&quot;,&quot;shutter_speed&quot;:&quot;0.000606&quot;,&quot;title&quot;:&quot;DCIM100GOPROG0196641.&quot;,&quot;orientation&quot;:&quot;1&quot;}\" data-image-title=\"DCIM100GOPROG0196641.\" data-image-description=\"\" data-image-caption=\"&lt;p&gt;DCIM100GOPROG0196641.&lt;\/p&gt;\n\" data-medium-file=\"https:\/\/i0.wp.com\/33ppp.de\/marcel\/wp-content\/uploads\/sites\/12\/2016\/06\/G0196641.jpg?fit=300%2C169&amp;ssl=1\" data-large-file=\"https:\/\/i0.wp.com\/33ppp.de\/marcel\/wp-content\/uploads\/sites\/12\/2016\/06\/G0196641.jpg?fit=700%2C394&amp;ssl=1\" class=\"wp-image-199 aligncenter\" src=\"https:\/\/i0.wp.com\/33ppp.de\/marcel\/wp-content\/uploads\/sites\/12\/2016\/06\/G0196641.jpg?resize=359%2C202\" alt=\"DCIM100GOPROG0196641.\" width=\"359\" height=\"202\" srcset=\"https:\/\/i0.wp.com\/33ppp.de\/marcel\/wp-content\/uploads\/sites\/12\/2016\/06\/G0196641.jpg?resize=300%2C169&amp;ssl=1 300w, https:\/\/i0.wp.com\/33ppp.de\/marcel\/wp-content\/uploads\/sites\/12\/2016\/06\/G0196641.jpg?resize=768%2C432&amp;ssl=1 768w, https:\/\/i0.wp.com\/33ppp.de\/marcel\/wp-content\/uploads\/sites\/12\/2016\/06\/G0196641.jpg?resize=1024%2C576&amp;ssl=1 1024w, https:\/\/i0.wp.com\/33ppp.de\/marcel\/wp-content\/uploads\/sites\/12\/2016\/06\/G0196641.jpg?w=1400 1400w, https:\/\/i0.wp.com\/33ppp.de\/marcel\/wp-content\/uploads\/sites\/12\/2016\/06\/G0196641.jpg?w=2100 2100w\" sizes=\"auto, (max-width: 359px) 100vw, 359px\" \/><\/p>\n<p style=\"text-align: center\">\u270c\ud83c\udffd<\/p>\n<p><img data-recalc-dims=\"1\" loading=\"lazy\" decoding=\"async\" data-attachment-id=\"142\" data-permalink=\"https:\/\/33ppp.de\/marcel\/about\/me\/bildschirmfoto-2016-06-29-um-19-10-55\/\" data-orig-file=\"https:\/\/i0.wp.com\/33ppp.de\/marcel\/wp-content\/uploads\/sites\/12\/2016\/06\/Bildschirmfoto-2016-06-29-um-19.10.55.png?fit=2528%2C1516&amp;ssl=1\" data-orig-size=\"2528,1516\" data-comments-opened=\"0\" data-image-meta=\"{&quot;aperture&quot;:&quot;0&quot;,&quot;credit&quot;:&quot;&quot;,&quot;camera&quot;:&quot;&quot;,&quot;caption&quot;:&quot;&quot;,&quot;created_timestamp&quot;:&quot;0&quot;,&quot;copyright&quot;:&quot;&quot;,&quot;focal_length&quot;:&quot;0&quot;,&quot;iso&quot;:&quot;0&quot;,&quot;shutter_speed&quot;:&quot;0&quot;,&quot;title&quot;:&quot;&quot;,&quot;orientation&quot;:&quot;0&quot;}\" data-image-title=\"Bildschirmfoto 2016-06-29 um 19.10.55\" data-image-description=\"\" data-image-caption=\"\" data-medium-file=\"https:\/\/i0.wp.com\/33ppp.de\/marcel\/wp-content\/uploads\/sites\/12\/2016\/06\/Bildschirmfoto-2016-06-29-um-19.10.55.png?fit=300%2C180&amp;ssl=1\" data-large-file=\"https:\/\/i0.wp.com\/33ppp.de\/marcel\/wp-content\/uploads\/sites\/12\/2016\/06\/Bildschirmfoto-2016-06-29-um-19.10.55.png?fit=700%2C420&amp;ssl=1\" class=\"wp-image-142 aligncenter\" src=\"https:\/\/i0.wp.com\/33ppp.de\/marcel\/wp-content\/uploads\/sites\/12\/2016\/06\/Bildschirmfoto-2016-06-29-um-19.10.55.png?resize=338%2C203\" alt=\"Bildschirmfoto 2016-06-29 um 19.10.55\" width=\"338\" height=\"203\" srcset=\"https:\/\/i0.wp.com\/33ppp.de\/marcel\/wp-content\/uploads\/sites\/12\/2016\/06\/Bildschirmfoto-2016-06-29-um-19.10.55.png?resize=300%2C180&amp;ssl=1 300w, https:\/\/i0.wp.com\/33ppp.de\/marcel\/wp-content\/uploads\/sites\/12\/2016\/06\/Bildschirmfoto-2016-06-29-um-19.10.55.png?resize=768%2C461&amp;ssl=1 768w, https:\/\/i0.wp.com\/33ppp.de\/marcel\/wp-content\/uploads\/sites\/12\/2016\/06\/Bildschirmfoto-2016-06-29-um-19.10.55.png?resize=1024%2C614&amp;ssl=1 1024w, https:\/\/i0.wp.com\/33ppp.de\/marcel\/wp-content\/uploads\/sites\/12\/2016\/06\/Bildschirmfoto-2016-06-29-um-19.10.55.png?w=1400 1400w, https:\/\/i0.wp.com\/33ppp.de\/marcel\/wp-content\/uploads\/sites\/12\/2016\/06\/Bildschirmfoto-2016-06-29-um-19.10.55.png?w=2100 2100w\" sizes=\"auto, (max-width: 338px) 100vw, 338px\" \/><\/p>\n<p style=\"text-align: center\">Fehmarn<\/p>\n<p><img data-recalc-dims=\"1\" loading=\"lazy\" decoding=\"async\" data-attachment-id=\"143\" data-permalink=\"https:\/\/33ppp.de\/marcel\/about\/me\/attachment\/1156157337\/\" data-orig-file=\"https:\/\/i0.wp.com\/33ppp.de\/marcel\/wp-content\/uploads\/sites\/12\/2016\/06\/1156157337.jpg?fit=1024%2C768&amp;ssl=1\" data-orig-size=\"1024,768\" data-comments-opened=\"0\" data-image-meta=\"{&quot;aperture&quot;:&quot;0&quot;,&quot;credit&quot;:&quot;&quot;,&quot;camera&quot;:&quot;&quot;,&quot;caption&quot;:&quot;&quot;,&quot;created_timestamp&quot;:&quot;0&quot;,&quot;copyright&quot;:&quot;&quot;,&quot;focal_length&quot;:&quot;0&quot;,&quot;iso&quot;:&quot;0&quot;,&quot;shutter_speed&quot;:&quot;0&quot;,&quot;title&quot;:&quot;&quot;,&quot;orientation&quot;:&quot;0&quot;}\" data-image-title=\"1156157337\" data-image-description=\"\" data-image-caption=\"\" data-medium-file=\"https:\/\/i0.wp.com\/33ppp.de\/marcel\/wp-content\/uploads\/sites\/12\/2016\/06\/1156157337.jpg?fit=300%2C225&amp;ssl=1\" data-large-file=\"https:\/\/i0.wp.com\/33ppp.de\/marcel\/wp-content\/uploads\/sites\/12\/2016\/06\/1156157337.jpg?fit=700%2C525&amp;ssl=1\" class=\"size-medium wp-image-143 aligncenter\" src=\"https:\/\/i0.wp.com\/33ppp.de\/marcel\/wp-content\/uploads\/sites\/12\/2016\/06\/1156157337.jpg?resize=300%2C225\" alt=\"1156157337\" width=\"300\" height=\"225\" srcset=\"https:\/\/i0.wp.com\/33ppp.de\/marcel\/wp-content\/uploads\/sites\/12\/2016\/06\/1156157337.jpg?resize=300%2C225&amp;ssl=1 300w, https:\/\/i0.wp.com\/33ppp.de\/marcel\/wp-content\/uploads\/sites\/12\/2016\/06\/1156157337.jpg?resize=768%2C576&amp;ssl=1 768w, https:\/\/i0.wp.com\/33ppp.de\/marcel\/wp-content\/uploads\/sites\/12\/2016\/06\/1156157337.jpg?w=1024&amp;ssl=1 1024w\" sizes=\"auto, (max-width: 300px) 100vw, 300px\" \/><\/p>\n<p style=\"text-align: center\">Meer. Sand. Strand. Soweit das Auge reicht.<\/p>\n","protected":false},"excerpt":{"rendered":"<p>TweetHey\u00a0Leute, ihr fragt euch sicherlich mit wem ihr es hier zutun habt. Naja eigentlich ganz einfach, mit mir eben, Marcel, 21 Jahre, seit Februar ausgelernter Elektroniker f\u00fcr Energie- &amp; Geb\u00e4udetechnik und wohne in der Ostsee&#8230;naja, so fast.. eigentlich auf der Ostseeinsel Fehmarn im Bundesland Schleswig-Holstein. \u270c\ud83c\udffd Fehmarn Meer. Sand. Strand. Soweit das Auge reicht.<\/p>\n","protected":false},"author":13,"featured_media":0,"parent":113,"menu_order":1,"comment_status":"closed","ping_status":"closed","template":"","meta":{"ngg_post_thumbnail":0,"jetpack_post_was_ever_published":false,"footnotes":""},"class_list":["entry","page","publish","author-marcel","post-49"],"jetpack_sharing_enabled":true,"jetpack_shortlink":"https:\/\/wp.me\/P7G5ER-N","jetpack-related-posts":[{"id":63,"url":"https:\/\/33ppp.de\/marcel\/ppp-cbyx-2\/ppp-cbyx\/","url_meta":{"origin":49,"position":0},"title":"Info PPP \/ CBYX","author":"Marcel","date":"Juni 28, 2016","format":false,"excerpt":"\u00a0 Parlamentarisches Patenschafts-Programm f\u00fcr junge Berufst\u00e4tige (PPP)\u00a0 Das Parlamentarische Patenschafts-Programm (PPP) wurde aus Anlass des 300. Jahrestages der ersten deutschen Einwanderung nach Nordamerika vom Kongress der Vereinigten Staaten von Amerikaund vom Deutschen Bundestag beschlossen. Das Programm wendet sich an Sch\u00fcler und junge Berufst\u00e4tige. Mitglieder des Deutschen Bundestages \u00fcbernehmen die Patenschaft\u2026","rel":"","context":"\u00c4hnlicher Beitrag","block_context":{"text":"\u00c4hnlicher Beitrag","link":""},"img":{"alt_text":"IMG_0241","src":"https:\/\/i0.wp.com\/33ppp.de\/marcel\/wp-content\/uploads\/sites\/12\/2016\/06\/IMG_0241-1.jpg?resize=350%2C200","width":350,"height":200},"classes":[]},{"id":194,"url":"https:\/\/33ppp.de\/marcel\/kontakt\/","url_meta":{"origin":49,"position":1},"title":"Kontakt","author":"Marcel","date":"Juni 29, 2016","format":false,"excerpt":"Falls ihr mir auch auf anderen Seiten folgen wollt, ihr Fragen an mich habt oder \u00c4hnliches gebe ich euch hier einmal ein paar M\u00f6glichkeiten mich zu Kontaktieren.","rel":"","context":"\u00c4hnlicher Beitrag","block_context":{"text":"\u00c4hnlicher Beitrag","link":""},"img":{"alt_text":"","src":"","width":0,"height":0},"classes":[]},{"id":52,"url":"https:\/\/33ppp.de\/marcel\/mail\/","url_meta":{"origin":49,"position":2},"title":"Mail","author":"Marcel","date":"Juni 28, 2016","format":false,"excerpt":"F\u00fcr Anregungen, Fragen etc. k\u00f6nnt ihr mich \u00fcber die E-Mail-Adresse erreichen. E-Mail: american.dream@gmx.net \u00a0","rel":"","context":"\u00c4hnlicher Beitrag","block_context":{"text":"\u00c4hnlicher Beitrag","link":""},"img":{"alt_text":"","src":"","width":0,"height":0},"classes":[]},{"id":116,"url":"https:\/\/33ppp.de\/marcel\/about\/meinen-patenabgeordneten\/","url_meta":{"origin":49,"position":3},"title":"Mein Patenabgeordneter","author":"Marcel","date":"Juni 28, 2016","format":false,"excerpt":"Bei dem\u00a0Parlamentarischen Patenschafts-Programm (\"PPP\") sind die Bundestagsabgeordneten in ihrem Wahlkreis (wenn dieser im PPP vertreten ist) daf\u00fcr zust\u00e4ndig in der letzten Bewerbungsphase einen von mehreren Kandidaten, die ihnen durch vorherige Auswahlverfahren von der GIZ ausgew\u00e4hlt wurden, auszuw\u00e4hlen und somit die Patenschaft f\u00fcr den Stipendiaten zu \u00fcbernehmen. Er gibt dem Stipendiaten\u2026","rel":"","context":"\u00c4hnlicher Beitrag","block_context":{"text":"\u00c4hnlicher Beitrag","link":""},"img":{"alt_text":"Verabschiedung 1 - Kopie","src":"https:\/\/i0.wp.com\/33ppp.de\/marcel\/wp-content\/uploads\/sites\/12\/2016\/06\/Verabschiedung-1-Kopie-300x235.jpg?resize=350%2C200","width":350,"height":200},"classes":[]}],"_links":{"self":[{"href":"https:\/\/33ppp.de\/marcel\/wp-json\/wp\/v2\/pages\/49","targetHints":{"allow":["GET"]}}],"collection":[{"href":"https:\/\/33ppp.de\/marcel\/wp-json\/wp\/v2\/pages"}],"about":[{"href":"https:\/\/33ppp.de\/marcel\/wp-json\/wp\/v2\/types\/page"}],"author":[{"embeddable":true,"href":"https:\/\/33ppp.de\/marcel\/wp-json\/wp\/v2\/users\/13"}],"replies":[{"embeddable":true,"href":"https:\/\/33ppp.de\/marcel\/wp-json\/wp\/v2\/comments?post=49"}],"version-history":[{"count":14,"href":"https:\/\/33ppp.de\/marcel\/wp-json\/wp\/v2\/pages\/49\/revisions"}],"predecessor-version":[{"id":250,"href":"https:\/\/33ppp.de\/marcel\/wp-json\/wp\/v2\/pages\/49\/revisions\/250"}],"up":[{"embeddable":true,"href":"https:\/\/33ppp.de\/marcel\/wp-json\/wp\/v2\/pages\/113"}],"wp:attachment":[{"href":"https:\/\/33ppp.de\/marcel\/wp-json\/wp\/v2\/media?parent=49"}],"curies":[{"name":"wp","href":"https:\/\/api.w.org\/{rel}","templated":true}]}}