{"id":157,"date":"2016-06-29T19:54:52","date_gmt":"2016-06-29T17:54:52","guid":{"rendered":"http:\/\/33ppp.de\/marcel\/?page_id=157"},"modified":"2016-07-15T20:26:42","modified_gmt":"2016-07-15T18:26:42","slug":"mein-platzierungsort","status":"publish","type":"page","link":"https:\/\/33ppp.de\/marcel\/about\/mein-platzierungsort\/","title":{"rendered":"Mein Platzierungsort"},"content":{"rendered":"<p><a href=\"http:\/\/twitter.com\/share?url=https%3A%2F%2F33ppp.de%2Fmarcel%2Fabout%2Fmein-platzierungsort%2F&amp;count=none&amp;text=Mein Platzierungsort - American_Dream\" class=\"twitter-share-button\">Tweet<\/a><\/p><p>Platzierung: Appleton, Wisconsin<\/p>\n<p><img data-recalc-dims=\"1\" loading=\"lazy\" decoding=\"async\" data-attachment-id=\"236\" data-permalink=\"https:\/\/33ppp.de\/marcel\/yesterday-i-received-my-placement\/fullsizerender-2\/\" data-orig-file=\"https:\/\/i0.wp.com\/33ppp.de\/marcel\/wp-content\/uploads\/sites\/12\/2016\/07\/FullSizeRender-2.jpg?fit=750%2C1101&amp;ssl=1\" data-orig-size=\"750,1101\" data-comments-opened=\"0\" data-image-meta=\"{&quot;aperture&quot;:&quot;0&quot;,&quot;credit&quot;:&quot;&quot;,&quot;camera&quot;:&quot;&quot;,&quot;caption&quot;:&quot;&quot;,&quot;created_timestamp&quot;:&quot;0&quot;,&quot;copyright&quot;:&quot;&quot;,&quot;focal_length&quot;:&quot;0&quot;,&quot;iso&quot;:&quot;0&quot;,&quot;shutter_speed&quot;:&quot;0&quot;,&quot;title&quot;:&quot;&quot;,&quot;orientation&quot;:&quot;0&quot;}\" data-image-title=\"FullSizeRender 2\" data-image-description=\"\" data-image-caption=\"\" data-medium-file=\"https:\/\/i0.wp.com\/33ppp.de\/marcel\/wp-content\/uploads\/sites\/12\/2016\/07\/FullSizeRender-2.jpg?fit=204%2C300&amp;ssl=1\" data-large-file=\"https:\/\/i0.wp.com\/33ppp.de\/marcel\/wp-content\/uploads\/sites\/12\/2016\/07\/FullSizeRender-2.jpg?fit=698%2C1024&amp;ssl=1\" class=\"alignnone  wp-image-236\" src=\"https:\/\/i0.wp.com\/33ppp.de\/marcel\/wp-content\/uploads\/sites\/12\/2016\/07\/FullSizeRender-2.jpg?resize=330%2C485\" alt=\"FullSizeRender 2\" width=\"330\" height=\"485\" srcset=\"https:\/\/i0.wp.com\/33ppp.de\/marcel\/wp-content\/uploads\/sites\/12\/2016\/07\/FullSizeRender-2.jpg?resize=204%2C300&amp;ssl=1 204w, https:\/\/i0.wp.com\/33ppp.de\/marcel\/wp-content\/uploads\/sites\/12\/2016\/07\/FullSizeRender-2.jpg?resize=698%2C1024&amp;ssl=1 698w, https:\/\/i0.wp.com\/33ppp.de\/marcel\/wp-content\/uploads\/sites\/12\/2016\/07\/FullSizeRender-2.jpg?w=750&amp;ssl=1 750w\" sizes=\"auto, (max-width: 330px) 100vw, 330px\" \/><\/p>\n<p>College:\u00a0Fox Valley Technical College<\/p>\n<p><img data-recalc-dims=\"1\" loading=\"lazy\" decoding=\"async\" data-attachment-id=\"245\" data-permalink=\"https:\/\/33ppp.de\/marcel\/about\/mein-platzierungsort\/fox_valley_technical_college_oshkosh_entrance\/\" data-orig-file=\"https:\/\/i0.wp.com\/33ppp.de\/marcel\/wp-content\/uploads\/sites\/12\/2016\/06\/Fox_Valley_Technical_College_Oshkosh_Entrance.jpg?fit=1936%2C1288&amp;ssl=1\" data-orig-size=\"1936,1288\" data-comments-opened=\"0\" data-image-meta=\"{&quot;aperture&quot;:&quot;10&quot;,&quot;credit&quot;:&quot;&quot;,&quot;camera&quot;:&quot;Canon EOS DIGITAL REBEL XS&quot;,&quot;caption&quot;:&quot;&quot;,&quot;created_timestamp&quot;:&quot;1324910557&quot;,&quot;copyright&quot;:&quot;&quot;,&quot;focal_length&quot;:&quot;25&quot;,&quot;iso&quot;:&quot;400&quot;,&quot;shutter_speed&quot;:&quot;0.00125&quot;,&quot;title&quot;:&quot;&quot;,&quot;orientation&quot;:&quot;1&quot;}\" data-image-title=\"Fox_Valley_Technical_College_Oshkosh_Entrance\" data-image-description=\"\" data-image-caption=\"\" data-medium-file=\"https:\/\/i0.wp.com\/33ppp.de\/marcel\/wp-content\/uploads\/sites\/12\/2016\/06\/Fox_Valley_Technical_College_Oshkosh_Entrance.jpg?fit=300%2C200&amp;ssl=1\" data-large-file=\"https:\/\/i0.wp.com\/33ppp.de\/marcel\/wp-content\/uploads\/sites\/12\/2016\/06\/Fox_Valley_Technical_College_Oshkosh_Entrance.jpg?fit=700%2C466&amp;ssl=1\" class=\"alignnone  wp-image-245\" src=\"https:\/\/i0.wp.com\/33ppp.de\/marcel\/wp-content\/uploads\/sites\/12\/2016\/06\/Fox_Valley_Technical_College_Oshkosh_Entrance.jpg?resize=513%2C342\" alt=\"Fox_Valley_Technical_College_Oshkosh_Entrance\" width=\"513\" height=\"342\" srcset=\"https:\/\/i0.wp.com\/33ppp.de\/marcel\/wp-content\/uploads\/sites\/12\/2016\/06\/Fox_Valley_Technical_College_Oshkosh_Entrance.jpg?resize=300%2C200&amp;ssl=1 300w, https:\/\/i0.wp.com\/33ppp.de\/marcel\/wp-content\/uploads\/sites\/12\/2016\/06\/Fox_Valley_Technical_College_Oshkosh_Entrance.jpg?resize=768%2C511&amp;ssl=1 768w, https:\/\/i0.wp.com\/33ppp.de\/marcel\/wp-content\/uploads\/sites\/12\/2016\/06\/Fox_Valley_Technical_College_Oshkosh_Entrance.jpg?resize=1024%2C681&amp;ssl=1 1024w, https:\/\/i0.wp.com\/33ppp.de\/marcel\/wp-content\/uploads\/sites\/12\/2016\/06\/Fox_Valley_Technical_College_Oshkosh_Entrance.jpg?w=1936&amp;ssl=1 1936w, https:\/\/i0.wp.com\/33ppp.de\/marcel\/wp-content\/uploads\/sites\/12\/2016\/06\/Fox_Valley_Technical_College_Oshkosh_Entrance.jpg?w=1400 1400w\" sizes=\"auto, (max-width: 513px) 100vw, 513px\" \/><\/p>\n<p>&nbsp;<\/p>\n","protected":false},"excerpt":{"rendered":"<p>TweetPlatzierung: Appleton, Wisconsin College:\u00a0Fox Valley Technical College &nbsp;<\/p>\n","protected":false},"author":13,"featured_media":0,"parent":113,"menu_order":2,"comment_status":"closed","ping_status":"closed","template":"","meta":{"ngg_post_thumbnail":0,"jetpack_post_was_ever_published":false,"footnotes":""},"class_list":["entry","page","publish","author-marcel","post-157"],"jetpack_sharing_enabled":true,"jetpack_shortlink":"https:\/\/wp.me\/P7G5ER-2x","jetpack-related-posts":[{"id":63,"url":"https:\/\/33ppp.de\/marcel\/ppp-cbyx-2\/ppp-cbyx\/","url_meta":{"origin":157,"position":0},"title":"Info PPP \/ CBYX","author":"Marcel","date":"Juni 28, 2016","format":false,"excerpt":"\u00a0 Parlamentarisches Patenschafts-Programm f\u00fcr junge Berufst\u00e4tige (PPP)\u00a0 Das Parlamentarische Patenschafts-Programm (PPP) wurde aus Anlass des 300. Jahrestages der ersten deutschen Einwanderung nach Nordamerika vom Kongress der Vereinigten Staaten von Amerikaund vom Deutschen Bundestag beschlossen. Das Programm wendet sich an Sch\u00fcler und junge Berufst\u00e4tige. Mitglieder des Deutschen Bundestages \u00fcbernehmen die Patenschaft\u2026","rel":"","context":"\u00c4hnlicher Beitrag","block_context":{"text":"\u00c4hnlicher Beitrag","link":""},"img":{"alt_text":"IMG_0241","src":"https:\/\/i0.wp.com\/33ppp.de\/marcel\/wp-content\/uploads\/sites\/12\/2016\/06\/IMG_0241-1.jpg?resize=350%2C200","width":350,"height":200},"classes":[]},{"id":116,"url":"https:\/\/33ppp.de\/marcel\/about\/meinen-patenabgeordneten\/","url_meta":{"origin":157,"position":1},"title":"Mein Patenabgeordneter","author":"Marcel","date":"Juni 28, 2016","format":false,"excerpt":"Bei dem\u00a0Parlamentarischen Patenschafts-Programm (\"PPP\") sind die Bundestagsabgeordneten in ihrem Wahlkreis (wenn dieser im PPP vertreten ist) daf\u00fcr zust\u00e4ndig in der letzten Bewerbungsphase einen von mehreren Kandidaten, die ihnen durch vorherige Auswahlverfahren von der GIZ ausgew\u00e4hlt wurden, auszuw\u00e4hlen und somit die Patenschaft f\u00fcr den Stipendiaten zu \u00fcbernehmen. Er gibt dem Stipendiaten\u2026","rel":"","context":"\u00c4hnlicher Beitrag","block_context":{"text":"\u00c4hnlicher Beitrag","link":""},"img":{"alt_text":"Verabschiedung 1 - Kopie","src":"https:\/\/i0.wp.com\/33ppp.de\/marcel\/wp-content\/uploads\/sites\/12\/2016\/06\/Verabschiedung-1-Kopie-300x235.jpg?resize=350%2C200","width":350,"height":200},"classes":[]}],"_links":{"self":[{"href":"https:\/\/33ppp.de\/marcel\/wp-json\/wp\/v2\/pages\/157","targetHints":{"allow":["GET"]}}],"collection":[{"href":"https:\/\/33ppp.de\/marcel\/wp-json\/wp\/v2\/pages"}],"about":[{"href":"https:\/\/33ppp.de\/marcel\/wp-json\/wp\/v2\/types\/page"}],"author":[{"embeddable":true,"href":"https:\/\/33ppp.de\/marcel\/wp-json\/wp\/v2\/users\/13"}],"replies":[{"embeddable":true,"href":"https:\/\/33ppp.de\/marcel\/wp-json\/wp\/v2\/comments?post=157"}],"version-history":[{"count":5,"href":"https:\/\/33ppp.de\/marcel\/wp-json\/wp\/v2\/pages\/157\/revisions"}],"predecessor-version":[{"id":246,"href":"https:\/\/33ppp.de\/marcel\/wp-json\/wp\/v2\/pages\/157\/revisions\/246"}],"up":[{"embeddable":true,"href":"https:\/\/33ppp.de\/marcel\/wp-json\/wp\/v2\/pages\/113"}],"wp:attachment":[{"href":"https:\/\/33ppp.de\/marcel\/wp-json\/wp\/v2\/media?parent=157"}],"curies":[{"name":"wp","href":"https:\/\/api.w.org\/{rel}","templated":true}]}}