{"id":116,"date":"2016-06-28T21:07:54","date_gmt":"2016-06-28T19:07:54","guid":{"rendered":"http:\/\/33ppp.de\/marcel\/?page_id=116"},"modified":"2016-07-12T17:26:01","modified_gmt":"2016-07-12T15:26:01","slug":"meinen-patenabgeordneten","status":"publish","type":"page","link":"https:\/\/33ppp.de\/marcel\/about\/meinen-patenabgeordneten\/","title":{"rendered":"Mein Patenabgeordneter"},"content":{"rendered":"<p><a href=\"http:\/\/twitter.com\/share?url=https%3A%2F%2F33ppp.de%2Fmarcel%2Fabout%2Fmeinen-patenabgeordneten%2F&amp;count=none&amp;text=Mein Patenabgeordneter - American_Dream\" class=\"twitter-share-button\">Tweet<\/a><\/p><p>Bei dem\u00a0Parlamentarischen Patenschafts-Programm (&#8222;PPP&#8220;) sind die Bundestagsabgeordneten in ihrem Wahlkreis (wenn dieser im PPP vertreten ist) daf\u00fcr zust\u00e4ndig in der letzten Bewerbungsphase einen von mehreren Kandidaten, die ihnen durch vorherige Auswahlverfahren von der GIZ ausgew\u00e4hlt wurden, auszuw\u00e4hlen und somit die Patenschaft f\u00fcr den Stipendiaten zu \u00fcbernehmen. Er gibt dem Stipendiaten somit die Chance ein Jahr als Junior Botschafter in die USA gehen zu k\u00f6nnen.<\/p>\n<p>Da auch ich in der letzten Bewerbungsphase von meinem Patenabgeordneten ausgew\u00e4hlt wurde und er mir somit diese gro\u00dfe Chance gegeben hat, m\u00f6chte ich euch hier einmal ein paar Sachen \u00fcber ihn erz\u00e4hlen.<\/p>\n<h3 style=\"text-align: center\">Ingo G\u00e4dechens, MdB<\/h3>\n<p>Ingo G\u00e4dechens trat 1988 in die CDU ein. 1992 wurde er stellvertretender Kreisvorsitzender der CDU Ostholstein sowie CDU-Fraktionsvorsitzender des Stadtrats der Stadt\u00a0Burg auf Fehmarn. Die CDU Ostholstein w\u00e4hlte ihn 2003 zum Kreisvorsitzenden. Er ist seit 2004 Mitglied im Landesvorstand der CDU Schleswig-Holstein.<\/p>\n<p>Seit 2009 vertritt er meinen Wahlkreis (009) Ostholstein\/Stormarn-Nord \u00a0im Bundestag und ist dort Ordentliches Mitglied im Verteidigungsausschuss.<br \/>\n2013 wurde er\u00a0zum Obmann und stellvertretenden verteidigungspolitischen Sprecher der CDU\/CSU-Bundestagsfraktion im Verteidigungsausschuss gew\u00e4hlt.<\/p>\n<p>Aufgewachsen ist er in Ahrensb\u00f6k und Niendorf\/Ostsee; seine Ausbildung hat er bei der Handelsmarine absolviert und war zuletzt\u00a0bis 2015 Berufssoldat der Bundeswehr; Verwendung im F\u00fchrungsdienst, Truppenfachlehrer, stellv. Leiter und Dienststellenleiter der Marineortungsstellen Westermarkelsdorf und Staberhuk auf Fehmarn.<\/p>\n<p>In seiner bisherigen Amtszeit setzte er sich erfolgreich f\u00fcr den Erhalt aller Bundeswehrstandorte in Ostholstein ein, die im Rahmen der\u00a0Bundeswehrreform 2011\u00a0von der Schlie\u00dfung bedroht waren.<\/p>\n<p>Zudem setzt er sich f\u00fcr das PPP mit Begeisterung ein und hat schon mehrere Sch\u00fcler bei diesem Programm begleitet, sowie nun auch mich als ersten jungen Berufst\u00e4tigen, wof\u00fcr ich auf diesem Weg nochmals\u00a0<strong>DANKE<\/strong> sagen m\u00f6chte, dass er mir diesen Traum erf\u00fcllt hat.<\/p>\n<p style=\"text-align: center\"><img data-recalc-dims=\"1\" loading=\"lazy\" decoding=\"async\" data-attachment-id=\"223\" data-permalink=\"https:\/\/33ppp.de\/marcel\/about\/meinen-patenabgeordneten\/verabschiedung-1-kopie\/\" data-orig-file=\"https:\/\/i0.wp.com\/33ppp.de\/marcel\/wp-content\/uploads\/sites\/12\/2016\/06\/Verabschiedung-1-Kopie.jpg?fit=1568%2C1230&amp;ssl=1\" data-orig-size=\"1568,1230\" data-comments-opened=\"0\" data-image-meta=\"{&quot;aperture&quot;:&quot;5.6&quot;,&quot;credit&quot;:&quot;&quot;,&quot;camera&quot;:&quot;NIKON D90&quot;,&quot;caption&quot;:&quot;&quot;,&quot;created_timestamp&quot;:&quot;1436791406&quot;,&quot;copyright&quot;:&quot;&quot;,&quot;focal_length&quot;:&quot;27&quot;,&quot;iso&quot;:&quot;400&quot;,&quot;shutter_speed&quot;:&quot;0.0333333333333&quot;,&quot;title&quot;:&quot;&quot;,&quot;orientation&quot;:&quot;1&quot;}\" data-image-title=\"Verabschiedung 1 &#8211; Kopie\" data-image-description=\"\" data-image-caption=\"\" data-medium-file=\"https:\/\/i0.wp.com\/33ppp.de\/marcel\/wp-content\/uploads\/sites\/12\/2016\/06\/Verabschiedung-1-Kopie.jpg?fit=300%2C235&amp;ssl=1\" data-large-file=\"https:\/\/i0.wp.com\/33ppp.de\/marcel\/wp-content\/uploads\/sites\/12\/2016\/06\/Verabschiedung-1-Kopie.jpg?fit=700%2C549&amp;ssl=1\" class=\"alignnone wp-image-223\" src=\"https:\/\/i0.wp.com\/33ppp.de\/marcel\/wp-content\/uploads\/sites\/12\/2016\/06\/Verabschiedung-1-Kopie.jpg?resize=437%2C342\" alt=\"Verabschiedung 1 - Kopie\" width=\"437\" height=\"342\" srcset=\"https:\/\/i0.wp.com\/33ppp.de\/marcel\/wp-content\/uploads\/sites\/12\/2016\/06\/Verabschiedung-1-Kopie.jpg?resize=300%2C235&amp;ssl=1 300w, https:\/\/i0.wp.com\/33ppp.de\/marcel\/wp-content\/uploads\/sites\/12\/2016\/06\/Verabschiedung-1-Kopie.jpg?resize=768%2C602&amp;ssl=1 768w, https:\/\/i0.wp.com\/33ppp.de\/marcel\/wp-content\/uploads\/sites\/12\/2016\/06\/Verabschiedung-1-Kopie.jpg?resize=1024%2C803&amp;ssl=1 1024w, https:\/\/i0.wp.com\/33ppp.de\/marcel\/wp-content\/uploads\/sites\/12\/2016\/06\/Verabschiedung-1-Kopie.jpg?w=1568&amp;ssl=1 1568w, https:\/\/i0.wp.com\/33ppp.de\/marcel\/wp-content\/uploads\/sites\/12\/2016\/06\/Verabschiedung-1-Kopie.jpg?w=1400 1400w\" sizes=\"auto, (max-width: 437px) 100vw, 437px\" \/><\/p>\n<p style=\"text-align: center\">Ingo G\u00e4dechens, MdB &amp; Marcel Maas<\/p>\n","protected":false},"excerpt":{"rendered":"<p>TweetBei dem\u00a0Parlamentarischen Patenschafts-Programm (&#8222;PPP&#8220;) sind die Bundestagsabgeordneten in ihrem Wahlkreis (wenn dieser im PPP vertreten ist) daf\u00fcr zust\u00e4ndig in der letzten Bewerbungsphase einen von mehreren Kandidaten, die ihnen durch vorherige Auswahlverfahren von der GIZ ausgew\u00e4hlt wurden, auszuw\u00e4hlen und somit die Patenschaft f\u00fcr den Stipendiaten zu \u00fcbernehmen. Er gibt dem Stipendiaten somit die Chance ein Jahr &#8230; <span class=\"more\"><a class=\"more-link\" href=\"https:\/\/33ppp.de\/marcel\/about\/meinen-patenabgeordneten\/\">[Read more&#8230;]<\/a><\/span><\/p>\n","protected":false},"author":13,"featured_media":0,"parent":113,"menu_order":5,"comment_status":"closed","ping_status":"closed","template":"","meta":{"ngg_post_thumbnail":0,"jetpack_post_was_ever_published":false,"footnotes":""},"class_list":["entry","page","publish","author-marcel","post-116"],"jetpack_sharing_enabled":true,"jetpack_shortlink":"https:\/\/wp.me\/P7G5ER-1S","jetpack-related-posts":[{"id":63,"url":"https:\/\/33ppp.de\/marcel\/ppp-cbyx-2\/ppp-cbyx\/","url_meta":{"origin":116,"position":0},"title":"Info PPP \/ CBYX","author":"Marcel","date":"Juni 28, 2016","format":false,"excerpt":"\u00a0 Parlamentarisches Patenschafts-Programm f\u00fcr junge Berufst\u00e4tige (PPP)\u00a0 Das Parlamentarische Patenschafts-Programm (PPP) wurde aus Anlass des 300. Jahrestages der ersten deutschen Einwanderung nach Nordamerika vom Kongress der Vereinigten Staaten von Amerikaund vom Deutschen Bundestag beschlossen. Das Programm wendet sich an Sch\u00fcler und junge Berufst\u00e4tige. Mitglieder des Deutschen Bundestages \u00fcbernehmen die Patenschaft\u2026","rel":"","context":"\u00c4hnlicher Beitrag","block_context":{"text":"\u00c4hnlicher Beitrag","link":""},"img":{"alt_text":"IMG_0241","src":"https:\/\/i0.wp.com\/33ppp.de\/marcel\/wp-content\/uploads\/sites\/12\/2016\/06\/IMG_0241-1.jpg?resize=350%2C200","width":350,"height":200},"classes":[]},{"id":194,"url":"https:\/\/33ppp.de\/marcel\/kontakt\/","url_meta":{"origin":116,"position":1},"title":"Kontakt","author":"Marcel","date":"Juni 29, 2016","format":false,"excerpt":"Falls ihr mir auch auf anderen Seiten folgen wollt, ihr Fragen an mich habt oder \u00c4hnliches gebe ich euch hier einmal ein paar M\u00f6glichkeiten mich zu Kontaktieren.","rel":"","context":"\u00c4hnlicher Beitrag","block_context":{"text":"\u00c4hnlicher Beitrag","link":""},"img":{"alt_text":"","src":"","width":0,"height":0},"classes":[]},{"id":49,"url":"https:\/\/33ppp.de\/marcel\/about\/me\/","url_meta":{"origin":116,"position":2},"title":"\u00dcber Mich","author":"Marcel","date":"Juni 28, 2016","format":false,"excerpt":"Hey\u00a0Leute, ihr fragt euch sicherlich mit wem ihr es hier zutun habt. Naja eigentlich ganz einfach, mit mir eben, Marcel, 21 Jahre, seit Februar ausgelernter Elektroniker f\u00fcr Energie- & Geb\u00e4udetechnik und wohne in der Ostsee...naja, so fast.. eigentlich auf der Ostseeinsel Fehmarn im Bundesland Schleswig-Holstein. \u270c\ud83c\udffd Fehmarn Meer. Sand. Strand.\u2026","rel":"","context":"\u00c4hnlicher Beitrag","block_context":{"text":"\u00c4hnlicher Beitrag","link":""},"img":{"alt_text":"DCIM100GOPROG0196641.","src":"https:\/\/i0.wp.com\/33ppp.de\/marcel\/wp-content\/uploads\/sites\/12\/2016\/06\/G0196641-300x169.jpg?resize=350%2C200","width":350,"height":200},"classes":[]}],"_links":{"self":[{"href":"https:\/\/33ppp.de\/marcel\/wp-json\/wp\/v2\/pages\/116","targetHints":{"allow":["GET"]}}],"collection":[{"href":"https:\/\/33ppp.de\/marcel\/wp-json\/wp\/v2\/pages"}],"about":[{"href":"https:\/\/33ppp.de\/marcel\/wp-json\/wp\/v2\/types\/page"}],"author":[{"embeddable":true,"href":"https:\/\/33ppp.de\/marcel\/wp-json\/wp\/v2\/users\/13"}],"replies":[{"embeddable":true,"href":"https:\/\/33ppp.de\/marcel\/wp-json\/wp\/v2\/comments?post=116"}],"version-history":[{"count":7,"href":"https:\/\/33ppp.de\/marcel\/wp-json\/wp\/v2\/pages\/116\/revisions"}],"predecessor-version":[{"id":225,"href":"https:\/\/33ppp.de\/marcel\/wp-json\/wp\/v2\/pages\/116\/revisions\/225"}],"up":[{"embeddable":true,"href":"https:\/\/33ppp.de\/marcel\/wp-json\/wp\/v2\/pages\/113"}],"wp:attachment":[{"href":"https:\/\/33ppp.de\/marcel\/wp-json\/wp\/v2\/media?parent=116"}],"curies":[{"name":"wp","href":"https:\/\/api.w.org\/{rel}","templated":true}]}}