{"id":113,"date":"2016-06-28T21:04:32","date_gmt":"2016-06-28T21:04:32","guid":{"rendered":"http:\/\/33ppp.de\/marcel\/?page_id=113"},"modified":"2016-06-28T21:04:32","modified_gmt":"2016-06-28T21:04:32","slug":"about","status":"publish","type":"page","link":"https:\/\/33ppp.de\/marcel\/about\/","title":{"rendered":"ABOUT"},"content":{"rendered":"<p><a href=\"http:\/\/twitter.com\/share?url=https%3A%2F%2F33ppp.de%2Fmarcel%2Fabout%2F&amp;count=none&amp;text=ABOUT - American_Dream\" class=\"twitter-share-button\">Tweet<\/a><\/p>","protected":false},"excerpt":{"rendered":"<p>Tweet<\/p>\n","protected":false},"author":13,"featured_media":0,"parent":0,"menu_order":0,"comment_status":"closed","ping_status":"closed","template":"","meta":{"ngg_post_thumbnail":0,"jetpack_post_was_ever_published":false,"footnotes":""},"class_list":["entry","page","publish","author-marcel","post-113"],"jetpack_sharing_enabled":true,"jetpack_shortlink":"https:\/\/wp.me\/P7G5ER-1P","jetpack-related-posts":[{"id":157,"url":"https:\/\/33ppp.de\/marcel\/about\/mein-platzierungsort\/","url_meta":{"origin":113,"position":0},"title":"Mein Platzierungsort","author":"Marcel","date":"Juni 29, 2016","format":false,"excerpt":"Platzierung: Appleton, Wisconsin College:\u00a0Fox Valley Technical College \u00a0","rel":"","context":"\u00c4hnlicher Beitrag","block_context":{"text":"\u00c4hnlicher Beitrag","link":""},"img":{"alt_text":"FullSizeRender 2","src":"https:\/\/i0.wp.com\/33ppp.de\/marcel\/wp-content\/uploads\/sites\/12\/2016\/07\/FullSizeRender-2-204x300.jpg?resize=350%2C200","width":350,"height":200},"classes":[]},{"id":49,"url":"https:\/\/33ppp.de\/marcel\/about\/me\/","url_meta":{"origin":113,"position":1},"title":"\u00dcber Mich","author":"Marcel","date":"Juni 28, 2016","format":false,"excerpt":"Hey\u00a0Leute, ihr fragt euch sicherlich mit wem ihr es hier zutun habt. Naja eigentlich ganz einfach, mit mir eben, Marcel, 21 Jahre, seit Februar ausgelernter Elektroniker f\u00fcr Energie- & Geb\u00e4udetechnik und wohne in der Ostsee...naja, so fast.. eigentlich auf der Ostseeinsel Fehmarn im Bundesland Schleswig-Holstein. \u270c\ud83c\udffd Fehmarn Meer. Sand. Strand.\u2026","rel":"","context":"\u00c4hnlicher Beitrag","block_context":{"text":"\u00c4hnlicher Beitrag","link":""},"img":{"alt_text":"DCIM100GOPROG0196641.","src":"https:\/\/i0.wp.com\/33ppp.de\/marcel\/wp-content\/uploads\/sites\/12\/2016\/06\/G0196641-300x169.jpg?resize=350%2C200","width":350,"height":200},"classes":[]},{"id":116,"url":"https:\/\/33ppp.de\/marcel\/about\/meinen-patenabgeordneten\/","url_meta":{"origin":113,"position":2},"title":"Mein Patenabgeordneter","author":"Marcel","date":"Juni 28, 2016","format":false,"excerpt":"Bei dem\u00a0Parlamentarischen Patenschafts-Programm (\"PPP\") sind die Bundestagsabgeordneten in ihrem Wahlkreis (wenn dieser im PPP vertreten ist) daf\u00fcr zust\u00e4ndig in der letzten Bewerbungsphase einen von mehreren Kandidaten, die ihnen durch vorherige Auswahlverfahren von der GIZ ausgew\u00e4hlt wurden, auszuw\u00e4hlen und somit die Patenschaft f\u00fcr den Stipendiaten zu \u00fcbernehmen. Er gibt dem Stipendiaten\u2026","rel":"","context":"\u00c4hnlicher Beitrag","block_context":{"text":"\u00c4hnlicher Beitrag","link":""},"img":{"alt_text":"Verabschiedung 1 - Kopie","src":"https:\/\/i0.wp.com\/33ppp.de\/marcel\/wp-content\/uploads\/sites\/12\/2016\/06\/Verabschiedung-1-Kopie-300x235.jpg?resize=350%2C200","width":350,"height":200},"classes":[]}],"_links":{"self":[{"href":"https:\/\/33ppp.de\/marcel\/wp-json\/wp\/v2\/pages\/113","targetHints":{"allow":["GET"]}}],"collection":[{"href":"https:\/\/33ppp.de\/marcel\/wp-json\/wp\/v2\/pages"}],"about":[{"href":"https:\/\/33ppp.de\/marcel\/wp-json\/wp\/v2\/types\/page"}],"author":[{"embeddable":true,"href":"https:\/\/33ppp.de\/marcel\/wp-json\/wp\/v2\/users\/13"}],"replies":[{"embeddable":true,"href":"https:\/\/33ppp.de\/marcel\/wp-json\/wp\/v2\/comments?post=113"}],"version-history":[{"count":1,"href":"https:\/\/33ppp.de\/marcel\/wp-json\/wp\/v2\/pages\/113\/revisions"}],"predecessor-version":[{"id":114,"href":"https:\/\/33ppp.de\/marcel\/wp-json\/wp\/v2\/pages\/113\/revisions\/114"}],"wp:attachment":[{"href":"https:\/\/33ppp.de\/marcel\/wp-json\/wp\/v2\/media?parent=113"}],"curies":[{"name":"wp","href":"https:\/\/api.w.org\/{rel}","templated":true}]}}