{"id":17,"date":"2016-04-17T17:23:19","date_gmt":"2016-04-17T17:23:19","guid":{"rendered":"http:\/\/33ppp.de\/lifeisfullofsparkle\/?page_id=17"},"modified":"2016-04-25T19:42:05","modified_gmt":"2016-04-25T19:42:05","slug":"ppp","status":"publish","type":"page","link":"https:\/\/33ppp.de\/lifeisfullofsparkle\/ppp\/","title":{"rendered":"PPP"},"content":{"rendered":"<p><a href=\"http:\/\/twitter.com\/share?url=https%3A%2F%2F33ppp.de%2Flifeisfullofsparkle%2Fppp%2F&amp;count=none&amp;text=PPP - #lifeisfullofsparkle\" class=\"twitter-share-button\">Tweet<\/a><\/p><p><img loading=\"lazy\" decoding=\"async\" class=\"wp-image-106 aligncenter\" src=\"http:\/\/33ppp.de\/lifeisfullofsparkle\/wp-content\/uploads\/sites\/6\/2016\/04\/PPP_CBYX-300x200.jpg\" alt=\"PPP_CBYX\" width=\"354\" height=\"236\" srcset=\"https:\/\/33ppp.de\/lifeisfullofsparkle\/wp-content\/uploads\/sites\/6\/2016\/04\/PPP_CBYX-300x200.jpg 300w, https:\/\/33ppp.de\/lifeisfullofsparkle\/wp-content\/uploads\/sites\/6\/2016\/04\/PPP_CBYX.jpg 475w\" sizes=\"auto, (max-width: 354px) 100vw, 354px\" \/><\/p>\n<p style=\"text-align: center\">PARLAMENTARISCHES PATENSCHAFTS &#8211; PROGRAMM<\/p>\n<p>&nbsp;<\/p>\n<p>Aus Anlass\u00a0des 300. Jahrestages der ersten Deutschen Einwanderung in den USA wurde gemeinsam vom Kongress der Vereinigten Staaten von Amerika und dem Deutschen Bundestag ein Austauschprogramm vereinbart. Jedes Jahr fliegen ca. 75 junge Berufst\u00e4tige von Deutschland nach Amerika und andersrum.<\/p>\n<p>Ziele des Programms sind:<\/p>\n<ul>\n<li>F\u00f6rderung des interkulturellen Verst\u00e4ndnisses von jungen Berufst\u00e4tigen<\/li>\n<li>kennenlernen der Kultur, Mentalit\u00e4t und Lebensweise<\/li>\n<li>Vertiefung der deutsch-amerikanischen Beziehungen<\/li>\n<li>Verbesserung der Fremdsprachenkenntnisse<\/li>\n<li>Erg\u00e4nzung von beruflichen Kenntnissen und Fertigkeiten<\/li>\n<\/ul>\n<p>Ablauf des Programms:<\/p>\n<ul>\n<li>Vorbereitungsseminare in Deutschland und New York<\/li>\n<li>Homestayprogramm und Einf\u00fchrungsphase ca. 2 Wochen<\/li>\n<li>Studium am Community College oder \u00e4hnlicher Bildungseinrichtung f\u00fcr 1 Semester<\/li>\n<li>Berufsbezogenes Praktikum, Dauer ca. 6 Monate<\/li>\n<li>Unterbringung in einer amerikanischen Gastfamilie<\/li>\n<li>Auswertungsseminare in Washington D.C. und Deutschland<\/li>\n<\/ul>\n<p>Weitere Informationen und Bewerbungsfristen findest du\u00a0<a href=\"https:\/\/www.bundestag.de\/ppp\" target=\"_blank\">hier.<\/a><\/p>\n","protected":false},"excerpt":{"rendered":"<p>Tweet PARLAMENTARISCHES PATENSCHAFTS &#8211; PROGRAMM &nbsp; Aus Anlass\u00a0des 300. Jahrestages der ersten Deutschen Einwanderung in den USA wurde gemeinsam vom Kongress der Vereinigten Staaten von Amerika und dem Deutschen Bundestag ein Austauschprogramm vereinbart. Jedes Jahr fliegen ca. 75 junge Berufst\u00e4tige von Deutschland nach Amerika und andersrum. Ziele des Programms sind: F\u00f6rderung des interkulturellen Verst\u00e4ndnisses von [&hellip;]<\/p>\n","protected":false},"author":7,"featured_media":61,"parent":0,"menu_order":0,"comment_status":"closed","ping_status":"closed","template":"","meta":{"ngg_post_thumbnail":0,"footnotes":""},"class_list":["post-17","page","type-page","status-publish","has-post-thumbnail","hentry"],"_links":{"self":[{"href":"https:\/\/33ppp.de\/lifeisfullofsparkle\/wp-json\/wp\/v2\/pages\/17","targetHints":{"allow":["GET"]}}],"collection":[{"href":"https:\/\/33ppp.de\/lifeisfullofsparkle\/wp-json\/wp\/v2\/pages"}],"about":[{"href":"https:\/\/33ppp.de\/lifeisfullofsparkle\/wp-json\/wp\/v2\/types\/page"}],"author":[{"embeddable":true,"href":"https:\/\/33ppp.de\/lifeisfullofsparkle\/wp-json\/wp\/v2\/users\/7"}],"replies":[{"embeddable":true,"href":"https:\/\/33ppp.de\/lifeisfullofsparkle\/wp-json\/wp\/v2\/comments?post=17"}],"version-history":[{"count":6,"href":"https:\/\/33ppp.de\/lifeisfullofsparkle\/wp-json\/wp\/v2\/pages\/17\/revisions"}],"predecessor-version":[{"id":108,"href":"https:\/\/33ppp.de\/lifeisfullofsparkle\/wp-json\/wp\/v2\/pages\/17\/revisions\/108"}],"wp:featuredmedia":[{"embeddable":true,"href":"https:\/\/33ppp.de\/lifeisfullofsparkle\/wp-json\/wp\/v2\/media\/61"}],"wp:attachment":[{"href":"https:\/\/33ppp.de\/lifeisfullofsparkle\/wp-json\/wp\/v2\/media?parent=17"}],"curies":[{"name":"wp","href":"https:\/\/api.w.org\/{rel}","templated":true}]}}