{"id":2,"date":"2016-04-24T16:47:04","date_gmt":"2016-04-24T16:47:04","guid":{"rendered":"http:\/\/33ppp.de\/letsgoonajourney\/?page_id=2"},"modified":"2016-07-25T19:51:31","modified_gmt":"2016-07-25T19:51:31","slug":"sample-page","status":"publish","type":"page","link":"https:\/\/33ppp.de\/letsgoonajourney\/sample-page\/","title":{"rendered":"About me"},"content":{"rendered":"<p><a href=\"http:\/\/twitter.com\/share?url=https%3A%2F%2F33ppp.de%2Fletsgoonajourney%2Fsample-page%2F&amp;count=none&amp;text=About me - Let&#039;s go on a Journey\" class=\"twitter-share-button\">Tweet<\/a><\/p><p><span style=\"font-family: Times\">Platzierungsort: Bellingham, Washington <\/span><\/p>\n<p><span style=\"font-family: Times\">College: Whatcom Community <\/span><span style=\"font-family: Times\">College <\/span><\/p>\n<p><span style=\"font-family: Times\">Ausreisedatum: 02.08.2016\u00a0<\/span><\/p>\n<hr \/>\n<div class=\"MsoNormal\" style=\"margin: 0cm 0cm 10pt\"><span style=\"font-family: 'times' , 'times new roman' , serif\">Ich hei\u00dfe Franzi, bin 21 Jahre alt und wohne zur Zeit in einem kleinen beschaulichen St\u00e4dtchen in der N\u00e4he von Berlin. Dort lebe ich noch in meinem Elternhaus zusammen mit meiner Familie, drei Katzen, einem Hund, sechs H\u00fchnern und drei Laufenten (fast wie ein kleiner Bauernhof :D).\u00a0<\/span><\/div>\n<div class=\"MsoNormal\" style=\"margin: 0cm 0cm 10pt\">\n<p><span style=\"font-family: 'times' , 'times new roman' , serif\">Zu meinen liebsten Hobbys z\u00e4hle ich das Fotografieren und Reisen. So oft es geht schnappe ich mir meine Kamera (Canon EOS 1100D und Nikon P900 sowie Huawei P8 light)<\/span><span style=\"font-family: 'times' , 'times new roman' , serif\">\u00a0\u00a0<\/span><span style=\"font-family: 'times' , 'times new roman' , serif\">und versuche meist Landschafts- oder Architekturmotive einzufangen. Da ich in einer sehr l\u00e4ndlichen Gegend wohne, bietet sich das nat\u00fcrlich an und so kommt es nicht selten vor, dass man mich mit meinem Fahrrad oder zu Fu\u00df durch angrenzende W\u00e4lder oder Seenlandschaften streifen sieht. Die Fotografie l\u00e4sst sich nat\u00fcrlich perfekt mit dem Reisen verbinden. Mein Ziel ist es, mindestens zwei Ausfl\u00fcge im Jahr zu unternehmen, welche jedoch nicht immer \u00fcber L\u00e4ndergrenzen hinaus gehen m\u00fcssen. Auch in Deutschland gibt es sch\u00f6ne St\u00e4dte und atemberaubende Naturdenkm\u00e4ler, die es zu entdecken gilt.\u00a0Ich werde nach und nach auch auf diesem Blog einige Bilder hochladen. <\/span><span style=\"font-family: 'times' , 'times new roman' , serif\">Warum ich diesen Blog er\u00f6ffnet habe? Das hat einen besonderen Grund. Ich wurde ausgew\u00e4hlt an einem Austauschprogramm teilzunehmen und werde im August 2016 f\u00fcr ein Jahr in die USA reisen. Dort werde ich ein halbes Jahr an einem College studieren und ein halbes Jahr in einem Unternehmen arbeiten. Das Programm, dass mir diese Chance erm\u00f6glicht, nennt sich Parlamentarisches Partnerschaftsprogramm (kurz PPP). Im Rahmen dieses Programms vergeben der deutsche Bundestag und der Kongress<\/span><span style=\"font-family: 'times' , 'times new roman' , serif\">\u00a0\u00a0<\/span><span style=\"font-family: 'times' , 'times new roman' , serif\">der Vereinigten Staaten von Amerika jedes Jahr Stipendien f\u00fcr Sch\u00fcler, Auszubildende und junge Berufst\u00e4tige. W\u00e4hrend meiner Zeit in den USA m\u00f6chte ich nat\u00fcrlich meine Familie und Freunde auf dem laufenden halten und \u00fcber meine Erlebnisse, Erfahrungen und Entdeckungen informieren. Au\u00dferdem ist es mein Ziel, mit diesem Blog evtl. anderen jungen Menschen Mut zu machen, sich auch f\u00fcr einen Austausch zu bewerben, denn diese M\u00f6glichkeit sollte man nutzen und egal wie der Bewerbungsprozess verl\u00e4uft, man ist auf jeden Fall um eine Erfahrung reicher.<\/span><\/p>\n<\/div>\n","protected":false},"excerpt":{"rendered":"<p>TweetPlatzierungsort: Bellingham, Washington College: Whatcom Community College Ausreisedatum: 02.08.2016\u00a0 Ich hei\u00dfe Franzi, bin 21 Jahre alt und wohne zur Zeit in einem kleinen beschaulichen St\u00e4dtchen in der N\u00e4he von Berlin. Dort lebe ich noch in meinem Elternhaus zusammen mit meiner Familie, drei Katzen, einem Hund, sechs H\u00fchnern und drei Laufenten (fast wie ein kleiner Bauernhof :D).\u00a0 Zu meinen liebsten Hobbys z\u00e4hle ich das Fotografieren und Reisen. So oft es geht schnappe ich mir meine Kamera (Canon EOS 1100D und Nikon&#8230;<\/p>\n<p class=\"read-more\"><a class=\"btn btn-default\" href=\"https:\/\/33ppp.de\/letsgoonajourney\/sample-page\/\">Weiterlesen<span class=\"screen-reader-text\"> Weiterlesen<\/span><\/a><\/p>\n","protected":false},"author":17,"featured_media":0,"parent":0,"menu_order":0,"comment_status":"closed","ping_status":"open","template":"","meta":{"ngg_post_thumbnail":0,"footnotes":""},"class_list":["post-2","page","type-page","status-publish","hentry"],"jetpack_sharing_enabled":true,"_links":{"self":[{"href":"https:\/\/33ppp.de\/letsgoonajourney\/wp-json\/wp\/v2\/pages\/2","targetHints":{"allow":["GET"]}}],"collection":[{"href":"https:\/\/33ppp.de\/letsgoonajourney\/wp-json\/wp\/v2\/pages"}],"about":[{"href":"https:\/\/33ppp.de\/letsgoonajourney\/wp-json\/wp\/v2\/types\/page"}],"author":[{"embeddable":true,"href":"https:\/\/33ppp.de\/letsgoonajourney\/wp-json\/wp\/v2\/users\/17"}],"replies":[{"embeddable":true,"href":"https:\/\/33ppp.de\/letsgoonajourney\/wp-json\/wp\/v2\/comments?post=2"}],"version-history":[{"count":4,"href":"https:\/\/33ppp.de\/letsgoonajourney\/wp-json\/wp\/v2\/pages\/2\/revisions"}],"predecessor-version":[{"id":77,"href":"https:\/\/33ppp.de\/letsgoonajourney\/wp-json\/wp\/v2\/pages\/2\/revisions\/77"}],"wp:attachment":[{"href":"https:\/\/33ppp.de\/letsgoonajourney\/wp-json\/wp\/v2\/media?parent=2"}],"curies":[{"name":"wp","href":"https:\/\/api.w.org\/{rel}","templated":true}]}}