{"id":49,"date":"2016-04-17T18:58:35","date_gmt":"2016-04-17T18:58:35","guid":{"rendered":"http:\/\/33ppp.de\/jon\/?page_id=49"},"modified":"2016-06-16T18:32:48","modified_gmt":"2016-06-16T18:32:48","slug":"ueber-mich-2","status":"publish","type":"page","link":"https:\/\/33ppp.de\/jon\/ueber-mich-2\/","title":{"rendered":"\u00dcber mich"},"content":{"rendered":"<p><a href=\"http:\/\/twitter.com\/share?url=https%3A%2F%2F33ppp.de%2Fjon%2Fueber-mich-2%2F&amp;count=none&amp;text=\u00dcber mich - Jon\" class=\"twitter-share-button\">Tweet<\/a><\/p><p>Ja, wie f\u00e4ngt man am besten solch einen Blog an? Ich stelle mich am besten erst einmal vor.<\/p>\n<p>Aschersleben ist meine Heimatstadt, der Harz die Region, aus der ich komme. Da das aber niemand kennt, komme ich aus der N\u00e4he von Magdeburg und f\u00fcr die Amerikaner aus der N\u00e4he von Berlin. <\/p>\n<p>Wird aber eigentlich Zeit, dass Aschersleben und deren Umgebung mehr Leute kennen, denn die Region ist toll und l\u00e4dt geradezu zum Entdecken ein. Die Landschaft mit ihrer Geschichte in den Burgen und Schl\u00f6ssern dieser Region kann man am besten mit dem Rad oder beim Wandern erleben. Da es sich aber immer lohnt, auch mal \u00fcber den Tellerrand hinauszugucken, werde ich ab August 2016 ein Auslandsjahr machen. Und wo sonst, wenn nicht in DEM Traumland: USA.<\/p>\n<p>Wie komme ich denn dazu? Ehrlich gesagt war es purer Zufall. Im Juli 2014 habe ich schon die Ausschreibung f\u00fcr das PPP &#8211; das Parlamentarische Patenschafts Programm &#8211; gesehen, im August 2015 habe ich mich aber erst beworben, so eine Chance kann man nicht auslassen und nach meinem ersten Urlaub in den Staaten Ende 2013 war klar, da muss ich wieder hin.<br \/>\nDas Bewerbungsprozedere hat schon etwas M\u00fche und Zeit gekostet, aber es lohnt sich. Denn das PPP lockt mit einem Vollstipendium. F\u00fcr mehr Infos dazu, guckt oben unter &#8211; \u00dcber das PPP.<\/p>\n<p>Wo es hingeht: keine Ahnung, jedenfalls noch nicht. Hier erfahr ihr es aber als erstes!<br \/>\nWann es losgeht: 02.08.2016 von Frankfurt a. M.<\/p>\n<p>Ich will euch w\u00e4hrend meines Auslandsjahres immer sch\u00f6n auf dem Laufenden halten, zumindest versuche ich das.<\/p>\n<p>Also dann, ihr lest mich. <\/p>\n<p><img loading=\"lazy\" decoding=\"async\" src=\"http:\/\/33ppp.de\/jon\/wp-content\/uploads\/sites\/8\/2016\/04\/IMG_9174-300x200.jpg\" alt=\"IMG_9174\" width=\"600\" height=\"400\" class=\"alignnone size-medium wp-image-55\" srcset=\"https:\/\/33ppp.de\/jon\/wp-content\/uploads\/sites\/8\/2016\/04\/IMG_9174-300x200.jpg 300w, https:\/\/33ppp.de\/jon\/wp-content\/uploads\/sites\/8\/2016\/04\/IMG_9174-768x512.jpg 768w, https:\/\/33ppp.de\/jon\/wp-content\/uploads\/sites\/8\/2016\/04\/IMG_9174-1024x683.jpg 1024w\" sizes=\"auto, (max-width: 600px) 100vw, 600px\" \/><\/p>\n","protected":false},"excerpt":{"rendered":"<p>TweetJa, wie f\u00e4ngt man am besten solch einen Blog an? Ich stelle mich am besten erst einmal vor. Aschersleben ist meine Heimatstadt, der Harz die Region, aus der ich komme. Da das aber niemand kennt, komme ich aus der N\u00e4he von Magdeburg und f\u00fcr die Amerikaner aus der N\u00e4he von Berlin. Wird aber eigentlich Zeit, [&hellip;]<\/p>\n","protected":false},"author":9,"featured_media":0,"parent":0,"menu_order":0,"comment_status":"closed","ping_status":"closed","template":"","meta":{"ngg_post_thumbnail":0,"footnotes":""},"class_list":["post-49","page","type-page","status-publish","hentry"],"_links":{"self":[{"href":"https:\/\/33ppp.de\/jon\/wp-json\/wp\/v2\/pages\/49","targetHints":{"allow":["GET"]}}],"collection":[{"href":"https:\/\/33ppp.de\/jon\/wp-json\/wp\/v2\/pages"}],"about":[{"href":"https:\/\/33ppp.de\/jon\/wp-json\/wp\/v2\/types\/page"}],"author":[{"embeddable":true,"href":"https:\/\/33ppp.de\/jon\/wp-json\/wp\/v2\/users\/9"}],"replies":[{"embeddable":true,"href":"https:\/\/33ppp.de\/jon\/wp-json\/wp\/v2\/comments?post=49"}],"version-history":[{"count":4,"href":"https:\/\/33ppp.de\/jon\/wp-json\/wp\/v2\/pages\/49\/revisions"}],"predecessor-version":[{"id":74,"href":"https:\/\/33ppp.de\/jon\/wp-json\/wp\/v2\/pages\/49\/revisions\/74"}],"wp:attachment":[{"href":"https:\/\/33ppp.de\/jon\/wp-json\/wp\/v2\/media?parent=49"}],"curies":[{"name":"wp","href":"https:\/\/api.w.org\/{rel}","templated":true}]}}