{"id":30,"date":"2016-10-08T17:49:41","date_gmt":"2016-10-08T17:49:41","guid":{"rendered":"http:\/\/33ppp.de\/jens\/?page_id=30"},"modified":"2016-10-16T22:33:31","modified_gmt":"2016-10-16T22:33:31","slug":"das-austauschprogramm","status":"publish","type":"page","link":"https:\/\/33ppp.de\/jens\/das-austauschprogramm\/","title":{"rendered":"Das Austauschprogramm"},"content":{"rendered":"<p><a href=\"http:\/\/twitter.com\/share?url=https%3A%2F%2F33ppp.de%2Fjens%2Fdas-austauschprogramm%2F&amp;count=none&amp;text=Das Austauschprogramm - 4.873 Miles\" class=\"twitter-share-button\">Tweet<\/a><\/p><p>&nbsp;<\/p>\n<p>Im September 1983 vereinbarten der Kongress der Vereinigten Staaten von Amerika und der Deutsche Bundestag einen beidseitigen Jugendaustausch, das Parlamentarische Patenschafts-Programm (PPP), das in den USA <span lang=\"en\">Congress <\/span>Bundestag <span lang=\"en\">Youth Exchange (CBYX)<\/span> hei\u00dft. Anlass hierzu war der 300. Jahrestag der ersten deutschen Einwanderung nach Amerika.<\/p>\n<h5 class=\"western\">Die Idee<\/h5>\n<p>Ziel des PPP ist es, ein Netzwerk pers\u00f6nlicher Verbindungen zwischen jungen Menschen in den USA und in Deutschland zu kn\u00fcpfen, um gemeinsame politische Wertvorstellungen zu festigen und unterschiedliche Lebensweisen im anderen Land kennenzulernen. Daf\u00fcr erm\u00f6glicht das PPP-Stipendium Sch\u00fclerinnen und Sch\u00fclern sowie jungen Berufst\u00e4tigen einen jeweils im Sommer beginnenden einj\u00e4hrigen Aufenthalt in den USA. Die Stipendiatinnen und Stipendiaten leben in der Regel in Gastfamilien. Sch\u00fclerinnen und Sch\u00fcler besuchen f\u00fcr die Dauer eines Schuljahrs eine amerikanische Highschool. Junge Berufst\u00e4tige nehmen mit dem Programm am Unterricht eines <span lang=\"en\">Community Colleges<\/span> oder einer vergleichbaren Bildungsst\u00e4tte teil und absolvieren ein Praktikum in einem amerikanischen Betrieb.<\/p>\n<p>Die Stipendiaten sind in dieser Zeit Junior-Botschafter und vermitteln an ihren Schulen, an ihren Praktikumspl\u00e4tzen, in ihren Gastfamilien und in ihrer Freizeit ihre Erfahrungen vom kulturellen, gesellschaftlichen und politischen Leben in Deutschland. Im Alltag lernen sie, was Deutschland und die USA verbindet und unterscheidet. Sie leben, lernen und arbeiten in einer fremden Kultur, erweitern ihren Horizont durch pers\u00f6nliche Erfahrungen und leisten so einen wichtigen Beitrag zu einer besseren Verst\u00e4ndigung zwischen jungen Deutschen und Amerikanern.<\/p>\n<h5 class=\"western\">Das Stipendium<\/h5>\n<p>Das Stipendium umfasst die Reise- und Programmkosten sowie die notwendigen Versicherungskosten. Die Stipendiaten werden von erfahrenen Austauschorganisationen betreut, die seit vielen Jahren mit dem Deutschen Bundestag zusammenarbeiten. Dazu geh\u00f6rt auch die Durchf\u00fchrung des Auswahlverfahrens und die Vorbereitung vor der Ausreise in die USA.<\/p>\n<h5 class=\"western\">Die Patenschaft<\/h5>\n<p>Bundestagsabgeordnete betreuen sie in der Zeit des Stipendiums als Paten \u2013 daher auch der Name des Programms. Auch die amerikanischen Stipendiaten in Deutschland bekommen einen Abgeordneten als Paten. Die Bundestagsabgeordneten sind pers\u00f6nliche Ansprechpartner, stellen ihre &#8222;Patenkinder&#8220; der \u00d6ffentlichkeit vor, laden sie zu politischen Veranstaltungen ein und machen die jungen US-Amerikaner mit dem politischen Leben in Deutschland bekannt.<\/p>\n<p>Schirmherr f\u00fcr das PPP ist Bundestagspr\u00e4sident Norbert Lammert.<\/p>\n<p>Das Patenschaftsprogramm wird von einem parlamentarischen Gremium koordiniert. In der Berichterstattergruppe f\u00fcr Internationale Austauschprogramme arbeiten Abgeordnete aus allen Fraktionen zusammen. Berichterstatter ist Bernhard Schulte-Dr\u00fcggelte. Die Berichterstattergruppe geh\u00f6rt zur Kommission f\u00fcr Innere Angelegenheiten, diese ist wiederum eine Kommission des \u00c4ltestenrates.<\/p>\n<p>Die Ausf\u00fchrung des Programms wird in der Bundestagsverwaltung vom Referat Internationale Austauschprogramme in Zusammenarbeit mit den Austauschorganisationen \u00fcbernommen.<\/p>\n<h5 class=\"western\">Amerikaner in Deutschland<\/h5>\n<p>Jedes Jahr verbringen auch junge Amerikaner mit dem <span lang=\"en\">Congress<\/span> Bundestag <span lang=\"en\">Youth Exchange (CBYX)<\/span> Programm des US-Kongress ein Austauschjahr in Deutschland. Sie leben in deutschen Gastfamilien, besuchen deutsche Schulen oder arbeiten als junge Berufst\u00e4tige in Betrieben. Ein H\u00f6hepunkt ihres Deutschlandjahres ist der &#8222;Berlin \u2013 Tag&#8220; mit einem Besuch des Bundestages, bei dem sie von Bundestagspr\u00e4sident Norbert Lammert empfangen werden.<\/p>\n<p>&nbsp;<\/p>\n","protected":false},"excerpt":{"rendered":"<p>Tweet&nbsp; Im September 1983 vereinbarten der Kongress der Vereinigten Staaten von Amerika und der Deutsche Bundestag einen beidseitigen Jugendaustausch, das Parlamentarische Patenschafts-Programm (PPP), das in den USA Congress Bundestag Youth Exchange (CBYX) hei\u00dft. Anlass hierzu war der 300. Jahrestag der ersten deutschen Einwanderung nach Amerika. Die Idee Ziel des PPP ist es, ein Netzwerk pers\u00f6nlicher [&hellip;]<\/p>\n","protected":false},"author":49,"featured_media":0,"parent":0,"menu_order":0,"comment_status":"closed","ping_status":"closed","template":"","meta":{"ngg_post_thumbnail":0,"footnotes":""},"class_list":["post-30","page","type-page","status-publish","hentry"],"jetpack_sharing_enabled":true,"_links":{"self":[{"href":"https:\/\/33ppp.de\/jens\/wp-json\/wp\/v2\/pages\/30","targetHints":{"allow":["GET"]}}],"collection":[{"href":"https:\/\/33ppp.de\/jens\/wp-json\/wp\/v2\/pages"}],"about":[{"href":"https:\/\/33ppp.de\/jens\/wp-json\/wp\/v2\/types\/page"}],"author":[{"embeddable":true,"href":"https:\/\/33ppp.de\/jens\/wp-json\/wp\/v2\/users\/49"}],"replies":[{"embeddable":true,"href":"https:\/\/33ppp.de\/jens\/wp-json\/wp\/v2\/comments?post=30"}],"version-history":[{"count":2,"href":"https:\/\/33ppp.de\/jens\/wp-json\/wp\/v2\/pages\/30\/revisions"}],"predecessor-version":[{"id":67,"href":"https:\/\/33ppp.de\/jens\/wp-json\/wp\/v2\/pages\/30\/revisions\/67"}],"wp:attachment":[{"href":"https:\/\/33ppp.de\/jens\/wp-json\/wp\/v2\/media?parent=30"}],"curies":[{"name":"wp","href":"https:\/\/api.w.org\/{rel}","templated":true}]}}