{"id":33,"date":"2016-07-12T11:17:29","date_gmt":"2016-07-12T11:17:29","guid":{"rendered":"http:\/\/33ppp.de\/fernweh\/?page_id=33"},"modified":"2016-07-12T18:29:04","modified_gmt":"2016-07-12T18:29:04","slug":"ppp-cbyx","status":"publish","type":"page","link":"https:\/\/33ppp.de\/fernweh\/ppp-cbyx\/","title":{"rendered":"PPP \/ CBYX"},"content":{"rendered":"<p><a href=\"http:\/\/twitter.com\/share?url=https%3A%2F%2F33ppp.de%2Ffernweh%2Fppp-cbyx%2F&amp;count=none&amp;text=PPP \/ CBYX - Black and Yellow\" class=\"twitter-share-button\">Tweet<\/a><\/p><div class=\"wpb_column vc_column_container vc_col-sm-6\">\n<div class=\"wpb_wrapper wpex-vc-column-wrapper wpex-clr \">\n<div class=\"wpb_text_column wpb_content_element \">\n<div class=\"wpb_wrapper\">\n<div class=\"teaserA\">\n<p>Parlamentarisches Patenschafts-Programm oder auch Congress Bundestag Youth Exchange&#8230; nie davon geh\u00f6rt?! Ging mir genauso.<\/p>\n<p>Hinter diesem langen Namen verbirgt sich ein Stipendium f\u00fcr junge Berufst\u00e4tige. Das Programm wurde 1983 vom Deutschen Bundestag und dem U.S. Congress ins Leben gerufen, um den kulturellen, gesellschaftlichen und politischen Austausch zwischen jungen Menschen aus Deutschland und den USA zu f\u00f6rdern. W\u00e4hrend des Jahres \u00fcbernehmen Mitglieder beider Parlamente eine Patenschaft f\u00fcr die Teilnehmer. Die Stipendiaten leben bei Gastfamilien, besuchen im ersten Halbjahr ein College und machen anschlie\u00dfend ein Praktikum bei einem amerikanischen Betrieb.<\/p>\n<p>Teilnehmen k\u00f6nnen alle im Alter von 16 &#8211; 24 Jahren, die zum Zeitpunkt der Ausreise eine abgeschlossene Berufsausbildung in einem handwerklichen, technischen, landwirtschaftlichen oder kaufm\u00e4nnischen Beruf haben.<\/p>\n<div class=\"wpb_text_column wpb_content_element \">\n<p>Weitere Informationen findet ihr <a href=\"http:\/\/usappp.de\/\" target=\"_blank\">hier.<\/a><\/p>\n<\/div>\n<p><strong>Die Bewerbungsfrist f\u00fcr das 34. PPP (2017\/2018) endet am 16. September 2016!<br \/>\nZur Bewerbung gehts <a href=\"http:\/\/usappp.de\/die-ppp-bewerbung\/\" target=\"_blank\">hier entlang!<\/a><\/strong><\/p>\n<p>&nbsp;<\/p>\n<\/div>\n<\/div>\n<\/div>\n<\/div>\n<\/div>\n","protected":false},"excerpt":{"rendered":"<p>Tweet Parlamentarisches Patenschafts-Programm oder auch Congress Bundestag Youth Exchange&#8230; nie davon geh\u00f6rt?! Ging mir genauso. Hinter diesem langen Namen verbirgt sich ein Stipendium f\u00fcr junge Berufst\u00e4tige. Das Programm wurde 1983 vom Deutschen Bundestag und dem U.S. Congress ins Leben gerufen, um den kulturellen, gesellschaftlichen und politischen Austausch zwischen jungen Menschen aus Deutschland und den USA zu f\u00f6rdern. W\u00e4hrend des Jahres \u00fcbernehmen Mitglieder beider Parlamente eine Patenschaft f\u00fcr die Teilnehmer. Die Stipendiaten leben bei Gastfamilien, besuchen im ersten Halbjahr ein College&#8230;<\/p>\n<p class=\"read-more\"><a class=\"btn btn-default\" href=\"https:\/\/33ppp.de\/fernweh\/ppp-cbyx\/\">Weiterlesen<span class=\"screen-reader-text\"> Weiterlesen<\/span><\/a><\/p>\n","protected":false},"author":16,"featured_media":0,"parent":0,"menu_order":0,"comment_status":"closed","ping_status":"closed","template":"","meta":{"ngg_post_thumbnail":0,"footnotes":""},"class_list":["post-33","page","type-page","status-publish","hentry"],"jetpack_sharing_enabled":true,"_links":{"self":[{"href":"https:\/\/33ppp.de\/fernweh\/wp-json\/wp\/v2\/pages\/33","targetHints":{"allow":["GET"]}}],"collection":[{"href":"https:\/\/33ppp.de\/fernweh\/wp-json\/wp\/v2\/pages"}],"about":[{"href":"https:\/\/33ppp.de\/fernweh\/wp-json\/wp\/v2\/types\/page"}],"author":[{"embeddable":true,"href":"https:\/\/33ppp.de\/fernweh\/wp-json\/wp\/v2\/users\/16"}],"replies":[{"embeddable":true,"href":"https:\/\/33ppp.de\/fernweh\/wp-json\/wp\/v2\/comments?post=33"}],"version-history":[{"count":6,"href":"https:\/\/33ppp.de\/fernweh\/wp-json\/wp\/v2\/pages\/33\/revisions"}],"predecessor-version":[{"id":49,"href":"https:\/\/33ppp.de\/fernweh\/wp-json\/wp\/v2\/pages\/33\/revisions\/49"}],"wp:attachment":[{"href":"https:\/\/33ppp.de\/fernweh\/wp-json\/wp\/v2\/media?parent=33"}],"curies":[{"name":"wp","href":"https:\/\/api.w.org\/{rel}","templated":true}]}}