{"id":25,"date":"2016-04-04T07:24:20","date_gmt":"2016-04-04T07:24:20","guid":{"rendered":"http:\/\/33ppp.de\/benjamin\/?page_id=25"},"modified":"2016-07-06T21:14:36","modified_gmt":"2016-07-06T21:14:36","slug":"pppcbyx","status":"publish","type":"page","link":"https:\/\/33ppp.de\/exchanged\/pppcbyx\/","title":{"rendered":"PPP\/CBYX"},"content":{"rendered":"<p><a href=\"http:\/\/twitter.com\/share?url=https%3A%2F%2F33ppp.de%2Fexchanged%2Fpppcbyx%2F&amp;count=none&amp;text=PPP\/CBYX - EXCHANGED\" class=\"twitter-share-button\">Tweet<\/a><\/p><p>PPP\/CBYX &#8211; was genau ist das?<\/p>\n<p style=\"text-align: justify\"><a href=\"https:\/\/www.bundestag.de\/ppp\"><img loading=\"lazy\" decoding=\"async\" class=\"size-medium wp-image-27 aligncenter\" src=\"http:\/\/33ppp.de\/benjamin\/wp-content\/uploads\/sites\/7\/2016\/04\/ppp1-300x182-300x182.jpg\" alt=\"ppp1-300x182\" width=\"300\" height=\"182\" \/><\/a><\/p>\n<p style=\"text-align: justify\"><span style=\"color: #ffffff\">&#8211;<\/span><\/p>\n<p style=\"text-align: justify\">Das Parlamentarische Patenschafts-Programm (PPP) wurde aus Anlass des 300. Jahrestages der ersten deutschen Einwanderung nach Nordamerika vom Kongress der Vereinigten Staaten von Amerika und vom Deutschen Bundestag beschlossen. Das Programm wendet sich an Sch\u00fcler und junge Berufst\u00e4tige. Mitglieder des Deutschen Bundestages \u00fcbernehmen die Patenschaft \u00fcber jeweils einen Teilnehmer (daher auch der Name des Programms). Mit der Programmdurchf\u00fchrung f\u00fcr die jungen Berufst\u00e4tigen beauftragte der Deutsche Bundestag die Deutsche Gesellschaft f\u00fcr Internationale Zusammenarbeit (GIZ) GmbH.<\/p>\n<p style=\"text-align: justify\">Ziel des Programms ist es, ein Netzwerk pers\u00f6nlicher Verbindungen zwischen jungen Menschen in den USA und in Deutschland zu kn\u00fcpfen, um gemeinsame Wertvorstellungen zu festigen und unterschiedliche Lebensweisen im anderen Land kennenzulernen. Daf\u00fcr erm\u00f6glicht das PPP-Stipendium Sch\u00fclerinnen und Sch\u00fclern sowie jungen Berufst\u00e4tigen einen jeweils im August beginnenden einj\u00e4hrigen Aufenthalt in den USA. Wir Stipendiaten leben in Gastfamilien. Sch\u00fclerinnen und Sch\u00fcler besuchen f\u00fcr die Dauer eines Schuljahres eine amerikanische Highschool. Junge Berufst\u00e4tige nehmen mit dem Programm am Unterricht eines Community Colleges teil und absolvieren ein Praktikum in einem amerikanischen Betrieb.<\/p>\n<p style=\"text-align: justify\">Wir Stipendiaten sind in dieser Zeit Junior-Botschafter und vermitteln an unseren Schulen und Praktikumspl\u00e4tzen, in unseren Gastfamilien sowie in der Freizeit unsere Erfahrungen vom kulturellen, gesellschaftlichen und politischen Leben in Deutschland. Im Alltag lernen wir, was Deutschland und die USA verbindet und unterscheidet. Wir leben, lernen und arbeiten in einer fremden Kultur, erweitern unseren Horizont durch pers\u00f6nliche Erfahrungen und leisten so einen wichtigen Beitrag zu einer besseren Verst\u00e4ndigung zwischen jungen Deutschen und Amerikanern.<\/p>\n<p style=\"text-align: justify\">Schirmherr f\u00fcr das PPP ist Bundestagspr\u00e4sident Dr. Norbert Lammert.<\/p>\n<p>Bewerbt euch <a href=\"https:\/\/www.bundestag.de\/ppp\">hier<\/a> f\u00fcr das PPP 2017\/2018.<\/p>\n<p>&nbsp;<\/p>\n<p>Auch meine 74 Mitstipendiaten berichten auf Blogs und Vlogs von ihren Erlebnissen und Erfahrungen in den USA. Interesse? <a href=\"http:\/\/33ppp.de\/blogs\/\">Hier <\/a>geht&#8217;s zu einer \u00dcbersicht aller Blogs des 33. Jahrgangs des Parlamentarischen Patenschaftsprogramms.<\/p>\n","protected":false},"excerpt":{"rendered":"<p>TweetPPP\/CBYX &#8211; was genau ist das? &#8211; Das Parlamentarische Patenschafts-Programm (PPP) wurde aus Anlass des 300. Jahrestages der ersten deutschen Einwanderung nach Nordamerika vom Kongress der Vereinigten Staaten von Amerika und vom Deutschen Bundestag beschlossen. Das Programm wendet sich an Sch\u00fcler und junge Berufst\u00e4tige. Mitglieder des Deutschen Bundestages \u00fcbernehmen die Patenschaft \u00fcber jeweils einen Teilnehmer [&hellip;]<\/p>\n","protected":false},"author":8,"featured_media":0,"parent":0,"menu_order":0,"comment_status":"closed","ping_status":"closed","template":"","meta":{"ngg_post_thumbnail":0,"footnotes":""},"class_list":["post-25","page","type-page","status-publish","hentry","has-post-thumbnail"],"_links":{"self":[{"href":"https:\/\/33ppp.de\/exchanged\/wp-json\/wp\/v2\/pages\/25","targetHints":{"allow":["GET"]}}],"collection":[{"href":"https:\/\/33ppp.de\/exchanged\/wp-json\/wp\/v2\/pages"}],"about":[{"href":"https:\/\/33ppp.de\/exchanged\/wp-json\/wp\/v2\/types\/page"}],"author":[{"embeddable":true,"href":"https:\/\/33ppp.de\/exchanged\/wp-json\/wp\/v2\/users\/8"}],"replies":[{"embeddable":true,"href":"https:\/\/33ppp.de\/exchanged\/wp-json\/wp\/v2\/comments?post=25"}],"version-history":[{"count":14,"href":"https:\/\/33ppp.de\/exchanged\/wp-json\/wp\/v2\/pages\/25\/revisions"}],"predecessor-version":[{"id":171,"href":"https:\/\/33ppp.de\/exchanged\/wp-json\/wp\/v2\/pages\/25\/revisions\/171"}],"wp:attachment":[{"href":"https:\/\/33ppp.de\/exchanged\/wp-json\/wp\/v2\/media?parent=25"}],"curies":[{"name":"wp","href":"https:\/\/api.w.org\/{rel}","templated":true}]}}