{"id":2,"date":"2016-04-03T20:09:08","date_gmt":"2016-04-03T20:09:08","guid":{"rendered":"http:\/\/33ppp.de\/benjamin\/?page_id=2"},"modified":"2017-06-23T01:57:21","modified_gmt":"2017-06-23T01:57:21","slug":"benni","status":"publish","type":"page","link":"https:\/\/33ppp.de\/exchanged\/benni\/","title":{"rendered":"Der Mann hinter dem Blog"},"content":{"rendered":"<p><a href=\"http:\/\/twitter.com\/share?url=https%3A%2F%2F33ppp.de%2Fexchanged%2Fbenni%2F&amp;count=none&amp;text=Der Mann hinter dem Blog - EXCHANGED\" class=\"twitter-share-button\">Tweet<\/a><\/p><p>Benjamin Marquart (22)<\/p>\n<p>Platzierungsort: Valdosta, Georgia<\/p>\n<p>College: Valdosta State University<\/p>\n<p>E-Mail: b.marquart@outlook.de<\/p>\n<p>&nbsp;<\/p>\n<p>25.01.2016 &#8211; 11:42 Uhr &#8211; mein iPhone klingelt: &#8222;Herr Marquart, ich freue mich Ihnen mitteilen zu k\u00f6nnen, dass ich Sie als Stipendiat f\u00fcr das 33. PPP ausgew\u00e4hlt habe. Richten Sie sich schon einmal darauf ein, dass Sie f\u00fcr ein Jahr nach Amerika fliegen werden.&#8220;<\/p>\n<p>Ein 21-J\u00e4hriger (der euch gerne alle Fragen zum Programm, zur Uni, etc. per Mail beantwortet) alleine f\u00fcr ein Jahr in den Vereinigten Staaten von Amerika. Weg von der Familie. Weg von Zuhause. Kann das gut gehen? Ich wei\u00df es selbst noch nicht &#8211; aber ein mulmiges Gef\u00fchl ist bei der ganzen Sache schon auch dabei. Wie ich mich in diesem Jahr schlage und was ich alles erlebe: schaut regelm\u00e4\u00dfig vorbei und ihr werdet sehen &#8230;<\/p>\n","protected":false},"excerpt":{"rendered":"<p>TweetBenjamin Marquart (22) Platzierungsort: Valdosta, Georgia College: Valdosta State University E-Mail: b.marquart@outlook.de &nbsp; 25.01.2016 &#8211; 11:42 Uhr &#8211; mein iPhone klingelt: &#8222;Herr Marquart, ich freue mich Ihnen mitteilen zu k\u00f6nnen, dass ich Sie als Stipendiat f\u00fcr das 33. PPP ausgew\u00e4hlt habe. Richten Sie sich schon einmal darauf ein, dass Sie f\u00fcr ein Jahr nach Amerika [&hellip;]<\/p>\n","protected":false},"author":8,"featured_media":0,"parent":0,"menu_order":0,"comment_status":"closed","ping_status":"open","template":"","meta":{"ngg_post_thumbnail":0,"footnotes":""},"class_list":["post-2","page","type-page","status-publish","hentry","has-post-thumbnail"],"_links":{"self":[{"href":"https:\/\/33ppp.de\/exchanged\/wp-json\/wp\/v2\/pages\/2","targetHints":{"allow":["GET"]}}],"collection":[{"href":"https:\/\/33ppp.de\/exchanged\/wp-json\/wp\/v2\/pages"}],"about":[{"href":"https:\/\/33ppp.de\/exchanged\/wp-json\/wp\/v2\/types\/page"}],"author":[{"embeddable":true,"href":"https:\/\/33ppp.de\/exchanged\/wp-json\/wp\/v2\/users\/8"}],"replies":[{"embeddable":true,"href":"https:\/\/33ppp.de\/exchanged\/wp-json\/wp\/v2\/comments?post=2"}],"version-history":[{"count":31,"href":"https:\/\/33ppp.de\/exchanged\/wp-json\/wp\/v2\/pages\/2\/revisions"}],"predecessor-version":[{"id":322,"href":"https:\/\/33ppp.de\/exchanged\/wp-json\/wp\/v2\/pages\/2\/revisions\/322"}],"wp:attachment":[{"href":"https:\/\/33ppp.de\/exchanged\/wp-json\/wp\/v2\/media?parent=2"}],"curies":[{"name":"wp","href":"https:\/\/api.w.org\/{rel}","templated":true}]}}