{"id":27,"date":"2016-06-14T09:51:33","date_gmt":"2016-06-14T09:51:33","guid":{"rendered":"http:\/\/33ppp.de\/dankegut\/?page_id=27"},"modified":"2016-10-24T23:51:07","modified_gmt":"2016-10-24T21:51:07","slug":"statistiken","status":"publish","type":"page","link":"https:\/\/33ppp.de\/dankegut\/?page_id=27","title":{"rendered":"Statistiken"},"content":{"rendered":"<p><a href=\"http:\/\/twitter.com\/share?url=https%3A%2F%2F33ppp.de%2Fdankegut%2F%3Fpage_id%3D27&amp;count=none&amp;text=Statistiken - Danke, gut.\" class=\"twitter-share-button\">Tweet<\/a><\/p><p>Weil absolut nichts ein Jahr in den USA besser widerspiegelt als ein paar wirre Zahlen, hier meine Statistik:<\/p>\n<p>gegessene Burger: 26<\/p>\n<p>zur\u00fcckgelegte Kilometer: ca. 2260 km<\/p>\n<p>zugenommene Kilo: 4<\/p>\n<p>ausgegebene Dollar: ca. 2.600\u00a0$<\/p>\n<p>Besuche bei der amerikanischen KFZ-Beh\u00f6rde (DMV): 5 (immer noch kein F\u00fchrerschein..)<\/p>\n<p>besuchte Baseballspiele: 1 (Chicago Cubs)<\/p>\n<p><strong>Stand:<\/strong>\u00a024.10.2016<\/p>\n<p><em>&#8230;Die Liste ist uneingeschr\u00e4nkt erweiterbar. W\u00fcnsche f\u00fcr weitere Statistiken nehme ich gern auf. Hier gilt:\u00a0Umso verr\u00fcckter, desto besser! Ich freue mich auf eure Vorschl\u00e4ge.<\/em><\/p>\n","protected":false},"excerpt":{"rendered":"<p>TweetWeil absolut nichts ein Jahr in den USA besser widerspiegelt als ein paar wirre Zahlen, hier meine Statistik: gegessene Burger: 26 zur\u00fcckgelegte Kilometer: ca. 2260 km zugenommene Kilo: 4 ausgegebene Dollar: ca. 2.600\u00a0$ Besuche bei der amerikanischen KFZ-Beh\u00f6rde (DMV): 5 (immer noch kein F\u00fchrerschein..) besuchte Baseballspiele: 1 (Chicago Cubs) Stand:\u00a024.10.2016 &#8230;Die Liste ist uneingeschr\u00e4nkt erweiterbar. [&hellip;]<\/p>\n","protected":false},"author":21,"featured_media":0,"parent":0,"menu_order":0,"comment_status":"closed","ping_status":"closed","template":"","meta":{"ngg_post_thumbnail":0,"footnotes":""},"class_list":["post-27","page","type-page","status-publish","hentry"],"jetpack_sharing_enabled":true,"_links":{"self":[{"href":"https:\/\/33ppp.de\/dankegut\/index.php?rest_route=\/wp\/v2\/pages\/27","targetHints":{"allow":["GET"]}}],"collection":[{"href":"https:\/\/33ppp.de\/dankegut\/index.php?rest_route=\/wp\/v2\/pages"}],"about":[{"href":"https:\/\/33ppp.de\/dankegut\/index.php?rest_route=\/wp\/v2\/types\/page"}],"author":[{"embeddable":true,"href":"https:\/\/33ppp.de\/dankegut\/index.php?rest_route=\/wp\/v2\/users\/21"}],"replies":[{"embeddable":true,"href":"https:\/\/33ppp.de\/dankegut\/index.php?rest_route=%2Fwp%2Fv2%2Fcomments&post=27"}],"version-history":[{"count":10,"href":"https:\/\/33ppp.de\/dankegut\/index.php?rest_route=\/wp\/v2\/pages\/27\/revisions"}],"predecessor-version":[{"id":294,"href":"https:\/\/33ppp.de\/dankegut\/index.php?rest_route=\/wp\/v2\/pages\/27\/revisions\/294"}],"wp:attachment":[{"href":"https:\/\/33ppp.de\/dankegut\/index.php?rest_route=%2Fwp%2Fv2%2Fmedia&parent=27"}],"curies":[{"name":"wp","href":"https:\/\/api.w.org\/{rel}","templated":true}]}}