{"id":127,"date":"2016-08-25T22:23:11","date_gmt":"2016-08-25T20:23:11","guid":{"rendered":"http:\/\/33ppp.de\/dankegut\/?page_id=127"},"modified":"2016-10-06T00:37:41","modified_gmt":"2016-10-05T22:37:41","slug":"its-just-different","status":"publish","type":"page","link":"https:\/\/33ppp.de\/dankegut\/?page_id=127","title":{"rendered":"It&#8217;s just different"},"content":{"rendered":"<p><a href=\"http:\/\/twitter.com\/share?url=https%3A%2F%2F33ppp.de%2Fdankegut%2F%3Fpage_id%3D127&amp;count=none&amp;text=It's just different - Danke, gut.\" class=\"twitter-share-button\">Tweet<\/a><\/p><p>Der tiefere Sinn hinter dem Parlamentarischen Patenschaftsprogramm ist der kulturelle Austausch zwischen den USA und Deutschland. Dass es dabei zu der ein oder anderen Situation kommt, in der man sich als alter deutscher Spie\u00dfer ein bisschen wundert, ist kein Geheimnis. Meine Lieblingsanekdoten m\u00f6chte ich euch in diesem Beitrag kurz berichten.<\/p>\n<h3>New York, Subway<\/h3>\n<p>Nach einem anstrengenden Tag in NYC waren ein paar andere Teilnehmer und ich noch kurz bei Subway, um uns ein bisschen was zum Abendbrot zu g\u00f6nnen. Wir bestellten uns, wie wir es auch in Deutschland machen w\u00fcrden, ein Sandwich und ein Getr\u00e4nk. Die Chips, die uns vom Subway-Mitarbeiter angeboten wurden, lehnten wir ab, weil keine Lust auf Chips. Dieser erwiderte darauf hin, dass unser Sandwich und das Getr\u00e4nk insgesamt billiger werden, wenn wir die Chips dazu nehmen. Also hatten wir am Ende Chips, die wir nicht wollten und 0,50 $ gespart.. Kein Wunder, dass \u00dcbergewicht hier ein Problem ist.<\/p>\n<h3>Chicago, erster Sonntag<\/h3>\n<p>Es gab zum Fr\u00fchst\u00fcck Bacon und R\u00fchrei mit K\u00e4se \u00fcberbacken. Muss ich mehr sagen?<\/p>\n<h3>Chicago, College Tests und Klausuren<\/h3>\n<p>Das sch\u00f6ne an dem amerikanischen Bildungsystem ist, dass wenn man f\u00fcr seine Noten gutes Geld bezahlt, die Lehrer einen weniger schnell durchfallen lassen. Das Stichwort lautet: Extra Credit! Kurzes Beispiel aus meinem Human Resources Kurs: die Klausur wurde gro\u00df angek\u00fcndigt und es gab maximal 100 Punkte zu holen, was einer 1 in Deutschland entsprechen w\u00fcrde. F\u00fcr jede richtige Antwort gab es 4 Punkte. Bis hier hin scheint erst einmal alles ganz normal. Doch der Witz war: Die Klausur hatte 31 Fragen. Gut f\u00fcr mich, denn so habe ich mit genau 6 falsch beantworteten Fragen immer noch meine 1 bekommen.<\/p>\n<p>Das gleiche passiert auch in anderen F\u00e4chern: In meinem Musikkurs gab es auch Extra Credit, sodass ich in meinem ersten Test eine Gesamtpunktzahl von 56\/50 Punkten auf meinem Zettel stehen hatte. Ich alter Streber.. \ud83d\ude42<\/p>\n","protected":false},"excerpt":{"rendered":"<p>TweetDer tiefere Sinn hinter dem Parlamentarischen Patenschaftsprogramm ist der kulturelle Austausch zwischen den USA und Deutschland. Dass es dabei zu der ein oder anderen Situation kommt, in der man sich als alter deutscher Spie\u00dfer ein bisschen wundert, ist kein Geheimnis. Meine Lieblingsanekdoten m\u00f6chte ich euch in diesem Beitrag kurz berichten. New York, Subway Nach einem [&hellip;]<\/p>\n","protected":false},"author":21,"featured_media":0,"parent":0,"menu_order":0,"comment_status":"closed","ping_status":"closed","template":"","meta":{"ngg_post_thumbnail":0,"footnotes":""},"class_list":["post-127","page","type-page","status-publish","hentry"],"jetpack_sharing_enabled":true,"_links":{"self":[{"href":"https:\/\/33ppp.de\/dankegut\/index.php?rest_route=\/wp\/v2\/pages\/127","targetHints":{"allow":["GET"]}}],"collection":[{"href":"https:\/\/33ppp.de\/dankegut\/index.php?rest_route=\/wp\/v2\/pages"}],"about":[{"href":"https:\/\/33ppp.de\/dankegut\/index.php?rest_route=\/wp\/v2\/types\/page"}],"author":[{"embeddable":true,"href":"https:\/\/33ppp.de\/dankegut\/index.php?rest_route=\/wp\/v2\/users\/21"}],"replies":[{"embeddable":true,"href":"https:\/\/33ppp.de\/dankegut\/index.php?rest_route=%2Fwp%2Fv2%2Fcomments&post=127"}],"version-history":[{"count":4,"href":"https:\/\/33ppp.de\/dankegut\/index.php?rest_route=\/wp\/v2\/pages\/127\/revisions"}],"predecessor-version":[{"id":213,"href":"https:\/\/33ppp.de\/dankegut\/index.php?rest_route=\/wp\/v2\/pages\/127\/revisions\/213"}],"wp:attachment":[{"href":"https:\/\/33ppp.de\/dankegut\/index.php?rest_route=%2Fwp%2Fv2%2Fmedia&parent=127"}],"curies":[{"name":"wp","href":"https:\/\/api.w.org\/{rel}","templated":true}]}}