{"id":104,"date":"2016-06-19T16:43:50","date_gmt":"2016-06-19T16:43:50","guid":{"rendered":"http:\/\/33ppp.de\/ayearofhappiness\/?page_id=104"},"modified":"2016-07-23T11:13:12","modified_gmt":"2016-07-23T11:13:12","slug":"willkommen-bienvenue-welcome","status":"publish","type":"page","link":"https:\/\/33ppp.de\/ayearofhappiness\/","title":{"rendered":"WILLKOMMEN"},"content":{"rendered":"<p><a href=\"http:\/\/twitter.com\/share?url=https%3A%2F%2F33ppp.de%2Fayearofhappiness%2F&amp;count=none&amp;text=WILLKOMMEN - A year of happiness\" class=\"twitter-share-button\">Tweet<\/a><\/p><p style=\"text-align: center\"><span style=\"color: #000000\">Liebe Freunde, Verwandte, Kollegen, Bewerber oder sonstige Interessierte!<\/span><\/p>\n<p style=\"text-align: center\">Wenn ihr auf meinem Blog gelandet seid, wisst ihr mit gro\u00dfer Wahrscheinlichkeit bereits, wieso ich \u00fcberhaupt einen Blog schreibe: Als Teilnehmerin des 33. Parlamentarischen Patenschafts-Programms reise ich f\u00fcr ein Jahr in die USA! Wie ich dazu gekommen bin m\u00f6chtet ihr vielleicht wissen? In der Berufsschule wurde uns vor ziemlich genau einem Jahr ein Flyer ausgeteilt. Schon nach dem Abitur hatte ich mich mit dem Gedanken besch\u00e4ftigt f\u00fcr ein Jahr ins Ausland zu gehen, weshalb ich den Flyer annahm! Zuerst wusste ich gar nicht so wirklich was es damit auf sich hat und um ehrlich zu sein, erschloss sich mir das auch erst im Laufe der Zeit. Aber auf jeden Fall startete ich ab dem Zeitpunkt mit der Bewerbung und das war der Startschuss f\u00fcr mein nun anstehendes Auslandsjahr in den USA.<\/p>\n<p style=\"text-align: center\">Dank Alumni e.V. bekommen wir hier die M\u00f6glichkeit Euch alle zu informieren und dar\u00fcber \u00a0zu berichten, was wir so erleben. Ich hoffe Euch gef\u00e4llt was ihr seht oder es hilft Euch weiter, falls auch ihr Euch bewerben wollt! Also: Los geht&#8217;s!<\/p>\n<p style=\"text-align: center\">Eure Christina<\/p>\n","protected":false},"excerpt":{"rendered":"<p>TweetLiebe Freunde, Verwandte, Kollegen, Bewerber oder sonstige Interessierte! Wenn ihr auf meinem Blog gelandet seid, wisst ihr mit gro\u00dfer Wahrscheinlichkeit bereits, wieso ich \u00fcberhaupt einen Blog schreibe: Als Teilnehmerin des 33. Parlamentarischen Patenschafts-Programms reise ich f\u00fcr ein Jahr in die USA! Wie ich dazu gekommen bin m\u00f6chtet ihr vielleicht wissen? In der Berufsschule wurde uns [&hellip;]<\/p>\n","protected":false},"author":15,"featured_media":0,"parent":0,"menu_order":0,"comment_status":"closed","ping_status":"closed","template":"template-fullwidth.php","meta":{"ngg_post_thumbnail":0,"footnotes":""},"class_list":["post-104","page","type-page","status-publish","hentry"],"_links":{"self":[{"href":"https:\/\/33ppp.de\/ayearofhappiness\/wp-json\/wp\/v2\/pages\/104","targetHints":{"allow":["GET"]}}],"collection":[{"href":"https:\/\/33ppp.de\/ayearofhappiness\/wp-json\/wp\/v2\/pages"}],"about":[{"href":"https:\/\/33ppp.de\/ayearofhappiness\/wp-json\/wp\/v2\/types\/page"}],"author":[{"embeddable":true,"href":"https:\/\/33ppp.de\/ayearofhappiness\/wp-json\/wp\/v2\/users\/15"}],"replies":[{"embeddable":true,"href":"https:\/\/33ppp.de\/ayearofhappiness\/wp-json\/wp\/v2\/comments?post=104"}],"version-history":[{"count":5,"href":"https:\/\/33ppp.de\/ayearofhappiness\/wp-json\/wp\/v2\/pages\/104\/revisions"}],"predecessor-version":[{"id":149,"href":"https:\/\/33ppp.de\/ayearofhappiness\/wp-json\/wp\/v2\/pages\/104\/revisions\/149"}],"wp:attachment":[{"href":"https:\/\/33ppp.de\/ayearofhappiness\/wp-json\/wp\/v2\/media?parent=104"}],"curies":[{"name":"wp","href":"https:\/\/api.w.org\/{rel}","templated":true}]}}