{"id":46,"date":"2016-05-26T23:26:16","date_gmt":"2016-05-26T20:56:16","guid":{"rendered":"http:\/\/33ppp.de\/americatastethedream\/?page_id=46"},"modified":"2016-08-10T20:10:10","modified_gmt":"2016-08-10T18:10:10","slug":"ppp-was-ist-das-genau","status":"publish","type":"page","link":"https:\/\/33ppp.de\/americatastethedream\/ppp-was-ist-das-genau\/","title":{"rendered":"PPP- Was ist das genau?"},"content":{"rendered":"<div class=\"bildDivLinks clearFix\">\u00a0<img loading=\"lazy\" decoding=\"async\" class=\"size-full wp-image-55 aligncenter\" src=\"http:\/\/33ppp.de\/americatastethedream\/wp-content\/uploads\/sites\/10\/2016\/05\/0508-ppp-logo.jpg\" alt=\"0508-ppp-logo\" width=\"363\" height=\"225\" srcset=\"https:\/\/33ppp.de\/americatastethedream\/wp-content\/uploads\/sites\/10\/2016\/05\/0508-ppp-logo.jpg 363w, https:\/\/33ppp.de\/americatastethedream\/wp-content\/uploads\/sites\/10\/2016\/05\/0508-ppp-logo-300x186.jpg 300w\" sizes=\"auto, (max-width: 363px) 100vw, 363px\" \/><\/div>\n<p>Das Parlamentarische Patenschafts-Programm ist ein deutsch-amerikanisches Jugendaustauschprogramm, das 1983 aus Anlass des 300. Jahrestages der ersten deutschen Einwanderung nach Nordamerika vom Deutschen Bundestag und vom Kongress der Vereinigten Staaten von Amerika beschlossen wurde. Es soll jungen Menschen aus beiden L\u00e4ndern einen einj\u00e4hrigen Aufenthalt im jeweiligen Gastland erm\u00f6glichen, wobei Mitglieder des Amerikanischen Kongresses bzw. des Deutschen Bundestages die Patenschaft \u00fcber jeweils einen Teilnehmer \u00fcbernehmen.<\/p>\n<div class=\"wpex-vc-columns-wrap clr\">\n<div class=\"wpb_column vc_column_container vc_col-sm-12\">\n<div class=\"wpb_wrapper wpex-vc-column-wrapper wpex-clr \">\n<div class=\"vcex-heading reset-styles vcex-heading-bottom-border-w-color vc_custom_1444644106156\"><span class=\"vcex-heading-inner clr\">Wer kann sich bewerben?<\/span><\/div>\n<div class=\"wpb_text_column wpb_content_element \">\n<div class=\"wpb_wrapper\">\n<p>Junge Berufst\u00e4tige mit abgeschlossener Berufsausbildung und Auszubildende im letzten Berufsausbildungsjahr. Der Schwerpunkt des Programms liegt auf handwerklichen, technischen und kaufm\u00e4nnischen Berufen. Au\u00dferdem willkommen sind junge Landwirte und Winzer.<\/p>\n<p>Bewerbungsschluss f\u00fcr das PPP 2017\/18 ist der 16. September 2016. <a href=\"http:\/\/usappp.de\/die-ppp-bewerbung\/\" target=\"_blank\">Hier <\/a>gehts zur Bewerbung.<\/p>\n<\/div>\n<\/div>\n<\/div>\n<\/div>\n<\/div>\n","protected":false},"excerpt":{"rendered":"<p>\u00a0 Das Parlamentarische Patenschafts-Programm ist ein deutsch-amerikanisches Jugendaustauschprogramm, das 1983 aus Anlass des 300. Jahrestages der ersten deutschen Einwanderung nach Nordamerika vom Deutschen Bundestag und vom Kongress der Vereinigten Staaten von Amerika beschlossen wurde. Es soll jungen Menschen aus beiden L\u00e4ndern einen einj\u00e4hrigen Aufenthalt im jeweiligen Gastland erm\u00f6glichen, wobei Mitglieder des Amerikanischen Kongresses bzw. des Deutschen Bundestages die Patenschaft \u00fcber jeweils einen Teilnehmer \u00fcbernehmen. Wer kann sich bewerben? Junge Berufst\u00e4tige mit abgeschlossener Berufsausbildung und Auszubildende im letzten Berufsausbildungsjahr. Der Schwerpunkt&#8230;<\/p>\n<p class=\"read-more\"><a class=\"btn btn-default\" href=\"https:\/\/33ppp.de\/americatastethedream\/ppp-was-ist-das-genau\/\">Weiterlesen<span class=\"screen-reader-text\"> Weiterlesen<\/span><\/a><\/p>\n","protected":false},"author":11,"featured_media":0,"parent":0,"menu_order":2,"comment_status":"closed","ping_status":"closed","template":"","meta":{"ngg_post_thumbnail":0,"footnotes":""},"class_list":["post-46","page","type-page","status-publish","hentry"],"jetpack_sharing_enabled":true,"_links":{"self":[{"href":"https:\/\/33ppp.de\/americatastethedream\/wp-json\/wp\/v2\/pages\/46","targetHints":{"allow":["GET"]}}],"collection":[{"href":"https:\/\/33ppp.de\/americatastethedream\/wp-json\/wp\/v2\/pages"}],"about":[{"href":"https:\/\/33ppp.de\/americatastethedream\/wp-json\/wp\/v2\/types\/page"}],"author":[{"embeddable":true,"href":"https:\/\/33ppp.de\/americatastethedream\/wp-json\/wp\/v2\/users\/11"}],"replies":[{"embeddable":true,"href":"https:\/\/33ppp.de\/americatastethedream\/wp-json\/wp\/v2\/comments?post=46"}],"version-history":[{"count":9,"href":"https:\/\/33ppp.de\/americatastethedream\/wp-json\/wp\/v2\/pages\/46\/revisions"}],"predecessor-version":[{"id":125,"href":"https:\/\/33ppp.de\/americatastethedream\/wp-json\/wp\/v2\/pages\/46\/revisions\/125"}],"wp:attachment":[{"href":"https:\/\/33ppp.de\/americatastethedream\/wp-json\/wp\/v2\/media?parent=46"}],"curies":[{"name":"wp","href":"https:\/\/api.w.org\/{rel}","templated":true}]}}