{"id":30,"date":"2016-04-18T00:10:18","date_gmt":"2016-04-17T21:40:18","guid":{"rendered":"http:\/\/33ppp.de\/americatastethedream\/?page_id=30"},"modified":"2016-08-03T21:30:53","modified_gmt":"2016-08-03T19:30:53","slug":"wer-steckt-eigentlich-dahinter","status":"publish","type":"page","link":"https:\/\/33ppp.de\/americatastethedream\/wer-steckt-eigentlich-dahinter\/","title":{"rendered":"Wer steckt eigentlich dahinter?"},"content":{"rendered":"<p><img loading=\"lazy\" decoding=\"async\" class=\"wp-image-12 size-medium alignleft\" src=\"http:\/\/33ppp.de\/americatastethedream\/wp-content\/uploads\/sites\/10\/2016\/04\/cropped-IMG_20151212_180232-300x269.jpg\" alt=\"cropped-IMG_20151212_180232.jpg\" width=\"300\" height=\"269\" srcset=\"https:\/\/33ppp.de\/americatastethedream\/wp-content\/uploads\/sites\/10\/2016\/04\/cropped-IMG_20151212_180232-300x269.jpg 300w, https:\/\/33ppp.de\/americatastethedream\/wp-content\/uploads\/sites\/10\/2016\/04\/cropped-IMG_20151212_180232-768x689.jpg 768w, https:\/\/33ppp.de\/americatastethedream\/wp-content\/uploads\/sites\/10\/2016\/04\/cropped-IMG_20151212_180232-1024x919.jpg 1024w, https:\/\/33ppp.de\/americatastethedream\/wp-content\/uploads\/sites\/10\/2016\/04\/cropped-IMG_20151212_180232.jpg 1120w\" sizes=\"auto, (max-width: 300px) 100vw, 300px\" \/>Platzierung: <em>Palos Hills, Illinois<br \/>\n<\/em><\/p>\n<p>College:\u00a0<em>MoraineValley Community College<\/em><\/p>\n<p>&nbsp;<\/p>\n<p>Das bin Ich. \u00a0Flo , 20 Jahre jung, Koch aus dem Schwarzwald. Ich liebe es, hochwertig und lecker zu kochen, und dabei auch mal etwas l\u00e4nger in der K\u00fcche zu stehen. Mein Ziel ist es, die G\u00e4ste mit meinem\u00a0Essen m\u00f6glichst gl\u00fccklich zu machen und Ihnen ein L\u00e4cheln ins Gesicht zu zaubern, wenn sie meine Teller sehen.<\/p>\n<p>In meiner &#8222;sp\u00e4rlich&#8220; angesetzten Freizeit sitze Ich am liebsten auf meinem Mountainbike und fahre durch den Schwarzwald. Dabei schalte ich komplett ab und kann neue Ideen und Eindr\u00fccke auf mich wirken lassen.<\/p>\n<p>Ich bin offen f\u00fcr neue Erlebnisse &#8211; auf der Arbeit, wie auch in meiner Freizeit. Ich freue mich auf meinen einj\u00e4hrigen Aufenthalt in den USA, der mir durch das PPP erm\u00f6glicht wird und f\u00fcr den Dr. Georg Kippels, CDU, die Patenschaft \u00fcbernommen hat.<\/p>\n<p>&nbsp;<\/p>\n<p>Wenn Ihr Fragen zu meinem Beruf oder meiner Person habt, schreibt mir einfach. \ud83d\ude42<\/p>\n","protected":false},"excerpt":{"rendered":"<p>Platzierung: Palos Hills, Illinois College:\u00a0MoraineValley Community College &nbsp; Das bin Ich. \u00a0Flo , 20 Jahre jung, Koch aus dem Schwarzwald. Ich liebe es, hochwertig und lecker zu kochen, und dabei auch mal etwas l\u00e4nger in der K\u00fcche zu stehen. Mein Ziel ist es, die G\u00e4ste mit meinem\u00a0Essen m\u00f6glichst gl\u00fccklich zu machen und Ihnen ein L\u00e4cheln ins Gesicht zu zaubern, wenn sie meine Teller sehen. In meiner &#8222;sp\u00e4rlich&#8220; angesetzten Freizeit sitze Ich am liebsten auf meinem Mountainbike und fahre durch den&#8230;<\/p>\n<p class=\"read-more\"><a class=\"btn btn-default\" href=\"https:\/\/33ppp.de\/americatastethedream\/wer-steckt-eigentlich-dahinter\/\">Weiterlesen<span class=\"screen-reader-text\"> Weiterlesen<\/span><\/a><\/p>\n","protected":false},"author":11,"featured_media":0,"parent":0,"menu_order":1,"comment_status":"closed","ping_status":"closed","template":"","meta":{"ngg_post_thumbnail":0,"footnotes":""},"class_list":["post-30","page","type-page","status-publish","hentry"],"jetpack_sharing_enabled":true,"_links":{"self":[{"href":"https:\/\/33ppp.de\/americatastethedream\/wp-json\/wp\/v2\/pages\/30","targetHints":{"allow":["GET"]}}],"collection":[{"href":"https:\/\/33ppp.de\/americatastethedream\/wp-json\/wp\/v2\/pages"}],"about":[{"href":"https:\/\/33ppp.de\/americatastethedream\/wp-json\/wp\/v2\/types\/page"}],"author":[{"embeddable":true,"href":"https:\/\/33ppp.de\/americatastethedream\/wp-json\/wp\/v2\/users\/11"}],"replies":[{"embeddable":true,"href":"https:\/\/33ppp.de\/americatastethedream\/wp-json\/wp\/v2\/comments?post=30"}],"version-history":[{"count":10,"href":"https:\/\/33ppp.de\/americatastethedream\/wp-json\/wp\/v2\/pages\/30\/revisions"}],"predecessor-version":[{"id":237,"href":"https:\/\/33ppp.de\/americatastethedream\/wp-json\/wp\/v2\/pages\/30\/revisions\/237"}],"wp:attachment":[{"href":"https:\/\/33ppp.de\/americatastethedream\/wp-json\/wp\/v2\/media?parent=30"}],"curies":[{"name":"wp","href":"https:\/\/api.w.org\/{rel}","templated":true}]}}