{"id":225,"date":"2016-08-02T21:38:42","date_gmt":"2016-08-02T19:38:42","guid":{"rendered":"http:\/\/33ppp.de\/americatastethedream\/?page_id=225"},"modified":"2016-08-11T20:25:48","modified_gmt":"2016-08-11T18:25:48","slug":"mein-pate-fuer-amerika","status":"publish","type":"page","link":"https:\/\/33ppp.de\/americatastethedream\/mein-pate-fuer-amerika\/","title":{"rendered":"Mein Pate f\u00fcr Amerika&#8230;"},"content":{"rendered":"<p><img loading=\"lazy\" decoding=\"async\" class=\"alignright wp-image-226 \" src=\"http:\/\/33ppp.de\/americatastethedream\/wp-content\/uploads\/sites\/10\/2016\/08\/kippels-und-flo-e1470166548703-191x300.jpg\" alt=\"kippels und flo\" width=\"218\" height=\"342\" srcset=\"https:\/\/33ppp.de\/americatastethedream\/wp-content\/uploads\/sites\/10\/2016\/08\/kippels-und-flo-e1470166548703-191x300.jpg 191w, https:\/\/33ppp.de\/americatastethedream\/wp-content\/uploads\/sites\/10\/2016\/08\/kippels-und-flo-e1470166548703-768x1206.jpg 768w, https:\/\/33ppp.de\/americatastethedream\/wp-content\/uploads\/sites\/10\/2016\/08\/kippels-und-flo-e1470166548703-652x1024.jpg 652w, https:\/\/33ppp.de\/americatastethedream\/wp-content\/uploads\/sites\/10\/2016\/08\/kippels-und-flo-e1470166548703-172x270.jpg 172w\" sizes=\"auto, (max-width: 218px) 100vw, 218px\" \/>ist Dr. Georg Kippels. Herr Dr. Kippels ist seit 2013 Mitglied des Deutschen Bundestages und vertritt dort den Wahlkreis Rhein-Erft-Kreis I (WK 91). Er engagiert sich u.a. in der Parlamentariergruppe USA.<\/p>\n<p>Ich danke Herrn Kippels sehr, dass er die Patenschaft f\u00fcr mich \u00fcbernommen hat und mir so die einmalige Chance gibt, in andere K\u00fcchen zu gucken und neue Kulturen und Lebensweisen kennenzulernen.<\/p>\n<p>Mehr \u00fcber seine Aktivit\u00e4ten in Berlin und im Rhein-Erft-Kreis erfahrt ihr auf seiner <a href=\"http:\/\/www.georg-kippels.de\/\" target=\"_blank\">Homepage.<\/a><\/p>\n<p>Das schreibt er \u00fcber mich: (Rundbrief 30\/16 vom 29.07.2016)<\/p>\n<p><img loading=\"lazy\" decoding=\"async\" class=\"size-full wp-image-277 alignleft\" src=\"http:\/\/33ppp.de\/americatastethedream\/wp-content\/uploads\/sites\/10\/2016\/08\/rundbrief-kippels.jpg\" alt=\"rundbrief kippels\" width=\"320\" height=\"659\" srcset=\"https:\/\/33ppp.de\/americatastethedream\/wp-content\/uploads\/sites\/10\/2016\/08\/rundbrief-kippels.jpg 320w, https:\/\/33ppp.de\/americatastethedream\/wp-content\/uploads\/sites\/10\/2016\/08\/rundbrief-kippels-146x300.jpg 146w, https:\/\/33ppp.de\/americatastethedream\/wp-content\/uploads\/sites\/10\/2016\/08\/rundbrief-kippels-131x270.jpg 131w\" sizes=\"auto, (max-width: 320px) 100vw, 320px\" \/><\/p>\n<p>&nbsp;<\/p>\n","protected":false},"excerpt":{"rendered":"<p>ist Dr. Georg Kippels. Herr Dr. Kippels ist seit 2013 Mitglied des Deutschen Bundestages und vertritt dort den Wahlkreis Rhein-Erft-Kreis I (WK 91). Er engagiert sich u.a. in der Parlamentariergruppe USA. Ich danke Herrn Kippels sehr, dass er die Patenschaft f\u00fcr mich \u00fcbernommen hat und mir so die einmalige Chance gibt, in andere K\u00fcchen zu gucken und neue Kulturen und Lebensweisen kennenzulernen. Mehr \u00fcber seine Aktivit\u00e4ten in Berlin und im Rhein-Erft-Kreis erfahrt ihr auf seiner Homepage. Das schreibt er \u00fcber&#8230;<\/p>\n<p class=\"read-more\"><a class=\"btn btn-default\" href=\"https:\/\/33ppp.de\/americatastethedream\/mein-pate-fuer-amerika\/\">Weiterlesen<span class=\"screen-reader-text\"> Weiterlesen<\/span><\/a><\/p>\n","protected":false},"author":11,"featured_media":0,"parent":0,"menu_order":0,"comment_status":"closed","ping_status":"closed","template":"","meta":{"ngg_post_thumbnail":0,"footnotes":""},"class_list":["post-225","page","type-page","status-publish","hentry"],"jetpack_sharing_enabled":true,"_links":{"self":[{"href":"https:\/\/33ppp.de\/americatastethedream\/wp-json\/wp\/v2\/pages\/225","targetHints":{"allow":["GET"]}}],"collection":[{"href":"https:\/\/33ppp.de\/americatastethedream\/wp-json\/wp\/v2\/pages"}],"about":[{"href":"https:\/\/33ppp.de\/americatastethedream\/wp-json\/wp\/v2\/types\/page"}],"author":[{"embeddable":true,"href":"https:\/\/33ppp.de\/americatastethedream\/wp-json\/wp\/v2\/users\/11"}],"replies":[{"embeddable":true,"href":"https:\/\/33ppp.de\/americatastethedream\/wp-json\/wp\/v2\/comments?post=225"}],"version-history":[{"count":8,"href":"https:\/\/33ppp.de\/americatastethedream\/wp-json\/wp\/v2\/pages\/225\/revisions"}],"predecessor-version":[{"id":276,"href":"https:\/\/33ppp.de\/americatastethedream\/wp-json\/wp\/v2\/pages\/225\/revisions\/276"}],"wp:attachment":[{"href":"https:\/\/33ppp.de\/americatastethedream\/wp-json\/wp\/v2\/media?parent=225"}],"curies":[{"name":"wp","href":"https:\/\/api.w.org\/{rel}","templated":true}]}}