{"id":20,"date":"2016-05-29T21:00:39","date_gmt":"2016-05-29T21:00:39","guid":{"rendered":"http:\/\/33ppp.de\/alice\/?page_id=20"},"modified":"2016-06-02T19:51:31","modified_gmt":"2016-06-02T19:51:31","slug":"ppp-cbyx","status":"publish","type":"page","link":"https:\/\/33ppp.de\/alice\/ppp-cbyx\/","title":{"rendered":"PPP \/ CBYX"},"content":{"rendered":"<p><a href=\"http:\/\/twitter.com\/share?url=https%3A%2F%2F33ppp.de%2Falice%2Fppp-cbyx%2F&amp;count=none&amp;text=PPP \/ CBYX - Alice\" class=\"twitter-share-button\">Tweet<\/a><\/p><p style=\"text-align: center\"><strong>Parlamentarische Patenschafts-Programm<\/strong><\/p>\n<p style=\"text-align: center\"><strong>Congress Bundestag Youth Exchange<\/strong><\/p>\n<p style=\"text-align: center\"><img loading=\"lazy\" decoding=\"async\" class=\"aligncenter size-full wp-image-32\" src=\"http:\/\/33ppp.de\/alice\/wp-content\/uploads\/sites\/21\/2016\/05\/logo-data.jpg\" alt=\"logo-data\" width=\"182\" height=\"108\" \/><\/p>\n<p style=\"text-align: center\"><em>Was ist das PPP?<\/em><\/p>\n<blockquote><p>Im September 1983 vereinbarten der Kongress der Vereinigten Staaten von Amerika und der Deutsche Bundestag einen beidseitigen Jugendaustausch, das Parlamentarische Patenschafts-Programm (PPP), das in den USA <span lang=\"en\" xml:lang=\"en\">Congress <\/span>Bundestag<span lang=\"en\" xml:lang=\"en\"> Youth Exchange (CBYX)<\/span> hei\u00dft. Anlass hierzu war der 300. Jahrestag der ersten deutschen Einwanderung nach Amerika.<\/p>\n<p>Ziel des PPP ist es, ein Netzwerk pers\u00f6nlicher Verbindungen zwischen jungen Menschen in den USA und in Deutschland zu kn\u00fcpfen, um gemeinsame politische Wertvorstellungen zu festigen und unterschiedliche Lebensweisen im anderen Land kennenzulernen. Daf\u00fcr erm\u00f6glicht das PPP-Stipendium Sch\u00fclerinnen und Sch\u00fclern sowie jungen Berufst\u00e4tigen einen jeweils im Sommer beginnenden einj\u00e4hrigen Aufenthalt in den USA. Die Stipendiatinnen und Stipendiaten leben in der Regel in Gastfamilien. Sch\u00fclerinnen und Sch\u00fcler besuchen f\u00fcr die Dauer eines Schuljahrs eine amerikanische Highschool. Junge Berufst\u00e4tige nehmen mit dem Programm am Unterricht eines <span lang=\"en\" xml:lang=\"en\">Community Colleges<\/span> oder einer vergleichbaren Bildungsst\u00e4tte teil und absolvieren ein Praktikum in einem amerikanischen Betrieb.<\/p>\n<p>Die Stipendiaten sind in dieser Zeit Junior-Botschafter und vermitteln an ihren Schulen, an ihren Praktikumspl\u00e4tzen, in ihren Gastfamilien und in ihrer Freizeit ihre Erfahrungen vom kulturellen, gesellschaftlichen und politischen Leben in Deutschland. Im Alltag lernen sie, was Deutschland und die USA verbindet und unterscheidet. Sie leben, lernen und arbeiten in einer fremden Kultur, erweitern ihren Horizont durch pers\u00f6nliche Erfahrungen und leisten so einen wichtigen Beitrag zu einer besseren Verst\u00e4ndigung zwischen jungen Deutschen und Amerikanern.<\/p><\/blockquote>\n<p>&nbsp;<\/p>\n<p style=\"text-align: left\"><strong>Programmablauf<\/strong><\/p>\n<ul>\n<li>16. September 2016: Schlusstermin f\u00fcr die Anforderung der Bewerbungsunterlagen bei GIZ<\/li>\n<li>30. September 2016: Einsendeschluss f\u00fcr die R\u00fccksendung der ausgef\u00fcllten Bewerbungsunterlagen<\/li>\n<\/ul>\n<ul>\n<li>Oktober\/November 2016: Auswahltagung<\/li>\n<\/ul>\n<ul>\n<li>Februar 2017: Mitteilung \u00fcber Programmteilnahme oder -nichtteilnahme<\/li>\n<\/ul>\n<ul>\n<li>April\/Mai 2017: Vorbereitung in Form von siebent\u00e4gigen regionalen Vorbereitungsseminaren in Gruppen. Im Rahmen des Seminars erfolgt auch der obligatorische TOEFL-Test &#8222;Test of English as a Foreign Language&#8220;<\/li>\n<\/ul>\n<ul>\n<li>August 2017: Ausreise und Orientierungsseminar in New York mit der Partnerorganisation, Cultural Vistas. Im Anschluss erfolgt die Weiterreise zum Platzierungsort.<\/li>\n<\/ul>\n<ul>\n<li>August bis Dezember 2017: Studienzeit in Community Colleges, Junior Colleges, Technical Schools oder andere Bildungseinrichtungen; berufsbezogene Kurse. Die Teilnehmer verpflichten sich, in dieser Zeit auch mind. 40 Stunden in gemeinn\u00fctzigen Projekten mitzuarbeiten.<\/li>\n<\/ul>\n<ul>\n<li>Januar 2018 bis Juli 2018: Arbeiten in einem amerikanischen Unternehmen. Das &#8222;Praktikum&#8220; muss berufsbezogen sein.<\/li>\n<\/ul>\n<ul>\n<li>Juli 2018: Abschlussseminar in Washington und R\u00fcckreise nach Deutschland.<\/li>\n<\/ul>\n<ul>\n<li>Herbst 2018: Viert\u00e4giges Nachbereitungsseminar in Deutschland zur Auswertung.<\/li>\n<\/ul>\n<p>&nbsp;<\/p>\n<p>&nbsp;<\/p>\n<p style=\"text-align: center\">Weitere Informationen gibt es \u00fcber die <a href=\"https:\/\/www.giz.de\/de\/weltweit\/12884.html\" target=\"_blank\">GIZ<\/a> bzw. \u00fcber die Homepage vom deutschen <a href=\"https:\/\/www.bundestag.de\/ppp\" target=\"_blank\">Bundestag<\/a>.<\/p>\n<p><!--more--><\/p>\n","protected":false},"excerpt":{"rendered":"<p>TweetParlamentarische Patenschafts-Programm Congress Bundestag Youth Exchange Was ist das PPP? Im September 1983 vereinbarten der Kongress der Vereinigten Staaten von Amerika und der Deutsche Bundestag einen beidseitigen Jugendaustausch, das Parlamentarische Patenschafts-Programm (PPP), das in den USA Congress Bundestag Youth Exchange (CBYX) hei\u00dft. Anlass hierzu war der 300. Jahrestag der ersten deutschen Einwanderung nach Amerika. Ziel [&hellip;]<\/p>\n","protected":false},"author":22,"featured_media":0,"parent":0,"menu_order":1,"comment_status":"closed","ping_status":"closed","template":"","meta":{"ngg_post_thumbnail":0,"footnotes":""},"class_list":["post-20","page","type-page","status-publish","hentry"],"jetpack_sharing_enabled":true,"_links":{"self":[{"href":"https:\/\/33ppp.de\/alice\/wp-json\/wp\/v2\/pages\/20","targetHints":{"allow":["GET"]}}],"collection":[{"href":"https:\/\/33ppp.de\/alice\/wp-json\/wp\/v2\/pages"}],"about":[{"href":"https:\/\/33ppp.de\/alice\/wp-json\/wp\/v2\/types\/page"}],"author":[{"embeddable":true,"href":"https:\/\/33ppp.de\/alice\/wp-json\/wp\/v2\/users\/22"}],"replies":[{"embeddable":true,"href":"https:\/\/33ppp.de\/alice\/wp-json\/wp\/v2\/comments?post=20"}],"version-history":[{"count":2,"href":"https:\/\/33ppp.de\/alice\/wp-json\/wp\/v2\/pages\/20\/revisions"}],"predecessor-version":[{"id":34,"href":"https:\/\/33ppp.de\/alice\/wp-json\/wp\/v2\/pages\/20\/revisions\/34"}],"wp:attachment":[{"href":"https:\/\/33ppp.de\/alice\/wp-json\/wp\/v2\/media?parent=20"}],"curies":[{"name":"wp","href":"https:\/\/api.w.org\/{rel}","templated":true}]}}